{"id":13127,"date":"2024-11-22T11:55:44","date_gmt":"2024-11-22T10:55:44","guid":{"rendered":"https:\/\/christianzang.de\/?page_id=13127"},"modified":"2025-05-12T09:31:06","modified_gmt":"2025-05-12T07:31:06","slug":"kombistopfen-metrisch-315c","status":"publish","type":"page","link":"https:\/\/christianzang.de\/en\/kombistopfen-metrisch-315c\/","title":{"rendered":"Kombistopfen Metrisch 2560 315\u00b0C"},"content":{"rendered":"<div data-elementor-type=\"wp-page\" data-elementor-id=\"13127\" class=\"elementor elementor-13127\">\n\t\t\t\t\t\t<section class=\"elementor-section elementor-top-section elementor-element elementor-element-42796df elementor-section-full_width elementor-section-height-default elementor-section-height-default\" data-id=\"42796df\" data-element_type=\"section\" data-e-type=\"section\">\n\t\t\t\t\t\t<div class=\"elementor-container elementor-column-gap-default\">\n\t\t\t\t\t<div class=\"elementor-column elementor-col-100 elementor-top-column elementor-element elementor-element-6b7834b\" data-id=\"6b7834b\" data-element_type=\"column\" data-e-type=\"column\">\n\t\t\t<div class=\"elementor-widget-wrap elementor-element-populated\">\n\t\t\t\t\t\t<div class=\"elementor-element elementor-element-b073d82 elementor-widget elementor-widget-heading\" data-id=\"b073d82\" data-element_type=\"widget\" data-e-type=\"widget\" data-widget_type=\"heading.default\">\n\t\t\t\t<div class=\"elementor-widget-container\">\n\t\t\t\t\t<h1 class=\"elementor-heading-title elementor-size-default\">combo plug metric 2560 315 \u00b0C<\/h1>\t\t\t\t<\/div>\n\t\t\t\t<\/div>\n\t\t\t\t\t<\/div>\n\t\t<\/div>\n\t\t\t\t\t<\/div>\n\t\t<\/section>\n\t\t\t\t<section class=\"elementor-section elementor-top-section elementor-element elementor-element-8ae9ce5 elementor-section-full_width elementor-section-height-default elementor-section-height-default\" data-id=\"8ae9ce5\" data-element_type=\"section\" data-e-type=\"section\">\n\t\t\t\t\t\t<div class=\"elementor-container elementor-column-gap-default\">\n\t\t\t\t\t<div class=\"elementor-column elementor-col-100 elementor-top-column elementor-element elementor-element-d0de03e\" data-id=\"d0de03e\" data-element_type=\"column\" data-e-type=\"column\">\n\t\t\t<div class=\"elementor-widget-wrap elementor-element-populated\">\n\t\t\t\t\t\t<div class=\"elementor-element elementor-element-c889632 elementor-widget-divider--view-line elementor-widget elementor-widget-divider\" data-id=\"c889632\" data-element_type=\"widget\" data-e-type=\"widget\" data-widget_type=\"divider.default\">\n\t\t\t\t<div class=\"elementor-widget-container\">\n\t\t\t\t\t\t\t<div class=\"elementor-divider\">\n\t\t\t<span class=\"elementor-divider-separator\">\n\t\t\t\t\t\t<\/span>\n\t\t<\/div>\n\t\t\t\t\t\t<\/div>\n\t\t\t\t<\/div>\n\t\t\t\t\t<\/div>\n\t\t<\/div>\n\t\t\t\t\t<\/div>\n\t\t<\/section>\n\t\t\t\t<section class=\"elementor-section elementor-top-section elementor-element elementor-element-ac08ffe elementor-section-full_width elementor-section-height-default elementor-section-height-default\" data-id=\"ac08ffe\" data-element_type=\"section\" data-e-type=\"section\">\n\t\t\t\t\t\t<div class=\"elementor-container elementor-column-gap-default\">\n\t\t\t\t\t<div class=\"elementor-column elementor-col-100 elementor-top-column elementor-element elementor-element-9f7970f\" data-id=\"9f7970f\" data-element_type=\"column\" data-e-type=\"column\">\n\t\t\t<div class=\"elementor-widget-wrap elementor-element-populated\">\n\t\t\t\t\t\t<div class=\"elementor-element elementor-element-bd53f47 elementor-widget elementor-widget-image\" data-id=\"bd53f47\" data-element_type=\"widget\" data-e-type=\"widget\" data-widget_type=\"image.default\">\n\t\t\t\t<div class=\"elementor-widget-container\">\n\t\t\t\t\t\t\t\t\t\t\t\t\t\t\t<img fetchpriority=\"high\" decoding=\"async\" width=\"1235\" height=\"206\" src=\"https:\/\/christianzang.de\/wp-content\/uploads\/2023\/02\/2560.png\" class=\"attachment-full size-full wp-image-9402\" alt=\"\" srcset=\"https:\/\/christianzang.de\/wp-content\/uploads\/2023\/02\/2560.png 1235w, https:\/\/christianzang.de\/wp-content\/uploads\/2023\/02\/2560-300x50.png 300w, https:\/\/christianzang.de\/wp-content\/uploads\/2023\/02\/2560-1024x171.png 1024w, https:\/\/christianzang.de\/wp-content\/uploads\/2023\/02\/2560-768x128.png 768w\" sizes=\"(max-width: 1235px) 100vw, 1235px\" \/>\t\t\t\t\t\t\t\t\t\t\t\t\t\t\t<\/div>\n\t\t\t\t<\/div>\n\t\t\t\t\t<\/div>\n\t\t<\/div>\n\t\t\t\t\t<\/div>\n\t\t<\/section>\n\t\t\t\t<section class=\"elementor-section elementor-top-section elementor-element elementor-element-c464549 elementor-section-full_width elementor-section-height-default elementor-section-height-default\" data-id=\"c464549\" data-element_type=\"section\" data-e-type=\"section\">\n\t\t\t\t\t\t<div class=\"elementor-container elementor-column-gap-default\">\n\t\t\t\t\t<div class=\"elementor-column elementor-col-100 elementor-top-column elementor-element elementor-element-2d992aa\" data-id=\"2d992aa\" data-element_type=\"column\" data-e-type=\"column\">\n\t\t\t<div class=\"elementor-widget-wrap elementor-element-populated\">\n\t\t\t\t\t\t<div class=\"elementor-element elementor-element-b96e0fa elementor-widget elementor-widget-text-editor\" data-id=\"b96e0fa\" data-element_type=\"widget\" data-e-type=\"widget\" data-widget_type=\"text-editor.default\">\n\t\t\t\t<div class=\"elementor-widget-container\">\n\t\t\t\t\t\t\t\t\t<div class=\"wpb_text_column wpb_content_element\"><div class=\"wpb_wrapper\"><p><span style=\"color: #000000;\">Plug with slanted edge for easy covering of internal threads.<\/span><br \/><span style=\"color: #000000;\">Excellent chemical and acid resistance, can be used multiple times without the material hardening.<\/span><\/p><p><b><span style=\"color: #000000;\">Color-coded, other dimensions<\/span> <a href=\"mailto:info@christianzang.de\" target=\"_blank\" rel=\"noopener\"><strong>on request<\/strong><\/a><span style=\"color: #000000;\">.<\/span><\/b><\/p><\/div><\/div>\t\t\t\t\t\t\t\t<\/div>\n\t\t\t\t<\/div>\n\t\t\t\t\t<\/div>\n\t\t<\/div>\n\t\t\t\t\t<\/div>\n\t\t<\/section>\n\t\t\t\t<section class=\"elementor-section elementor-top-section elementor-element elementor-element-82336b0 elementor-section-full_width elementor-hidden-tablet elementor-section-height-default elementor-section-height-default\" data-id=\"82336b0\" data-element_type=\"section\" data-e-type=\"section\">\n\t\t\t\t\t\t<div class=\"elementor-container elementor-column-gap-default\">\n\t\t\t\t\t<div class=\"elementor-column elementor-col-66 elementor-top-column elementor-element elementor-element-be6082f\" data-id=\"be6082f\" data-element_type=\"column\" data-e-type=\"column\">\n\t\t\t<div class=\"elementor-widget-wrap elementor-element-populated\">\n\t\t\t\t\t\t<div class=\"elementor-element elementor-element-e6d6998 elementor-widget elementor-widget-html\" data-id=\"e6d6998\" data-element_type=\"widget\" data-e-type=\"widget\" data-widget_type=\"html.default\">\n\t\t\t\t<div class=\"elementor-widget-container\">\n\t\t\t\t\t<div class=\"scroll-wrapper\">\n  <div class=\"table_scrollbox\">\n    <table class=\"scrolltable\">\n      <thead>\n        <tr>\n      <tbody>\n\t\t\t\t\t\t\t<th>Art.-Nr.<\/th>\n\t\t\t\t\t\t\t<th>Size<\/th>\n\t\t\t\t\t\t\t<th>Color<\/th>\n\t\t\t\t\t\t\t<th>\u00d8 a<br>mm<\/th>\n\t\t\t\t\t\t\t<th>\u00d8 A<br>mm<\/th>\n\t\t\t\t\t\t\t<th>\u00d8 B<br>mm<\/th>\n\t\t\t\t\t\t\t<th>C<br>mm<\/th>\n\t\t\t\t\t\t\t<th>D<br>mm<\/th>\n\t\t\t\t\t\t\t<th>PU<\/th>\n      <\/tbody>\n        <\/tr>\n      <\/thead>\n      <tbody>\n\t\t\t\t\t<tr class=\"tr-odd tr-1\">\n\t\t\t\t\t\t<td class=\"td-0\">2560-a<\/td>\n\t\t\t\t\t\t<td class=\"td-1\">M3<\/td>\n\t\t\t\t\t\t<td class=\"td-2\">blue<\/td>\n\t\t\t\t\t\t<td class=\"td-3\">2,00<\/td>\n\t\t\t\t\t\t<td class=\"td-4\">3,50<\/td>\n\t\t\t\t\t\t<td class=\"td-5\">2,50<\/td>\n\t\t\t\t\t\t<td class=\"td-6\">13,00<\/td>\n\t\t\t\t\t\t<td class=\"td-last td-7\">7,60<\/td>\n                        <td class=\"td-6\">1000<\/td>\n\t\t\t\t\t<\/tr>\n\t\t\t\t\t<tr class=\"tr-even tr-2\">\n\t\t\t\t\t\t<td class=\"td-0\">2560-b<\/td>\n\t\t\t\t\t\t<td class=\"td-1\">M4-M5<\/td>\n\t\t\t\t\t\t<td class=\"td-2\">yellow<\/td>\n\t\t\t\t\t\t<td class=\"td-3\">3,80<\/td>\n\t\t\t\t\t\t<td class=\"td-4\">4,30<\/td>\n\t\t\t\t\t\t<td class=\"td-5\">3,40<\/td>\n\t\t\t\t\t\t<td class=\"td-6\">20,00<\/td>\n\t\t\t\t\t\t<td class=\"td-last td-7\">6,50<\/td>\n                        <td class=\"td-6\">1000<\/td>\n\t\t\t\t\t<\/tr>\n\t\t\t\t\t<tr class=\"tr-odd tr-3\">\n\t\t\t\t\t\t<td class=\"td-0\">2560-c<\/td>\n\t\t\t\t\t\t<td class=\"td-1\">M5-M6<\/td>\n\t\t\t\t\t\t<td class=\"td-2\">black<\/td>\n\t\t\t\t\t\t<td class=\"td-3\">4,40<\/td>\n\t\t\t\t\t\t<td class=\"td-4\">5,20<\/td>\n\t\t\t\t\t\t<td class=\"td-5\">4,30<\/td>\n\t\t\t\t\t\t<td class=\"td-6\">20,00<\/td>\n\t\t\t\t\t\t<td class=\"td-last td-7\">7,40<\/td>\n                        <td class=\"td-6\">1000<\/td>\n\t\t\t\t\t<\/tr>\n\t\t\t\t\t<tr class=\"tr-even tr-4\">\n\t\t\t\t\t\t<td class=\"td-0\">2560-d<\/td>\n\t\t\t\t\t\t<td class=\"td-1\">M6-M8<\/td>\n\t\t\t\t\t\t<td class=\"td-2\">green<\/td>\n\t\t\t\t\t\t<td class=\"td-3\">5,90<\/td>\n\t\t\t\t\t\t<td class=\"td-4\">7,20<\/td>\n\t\t\t\t\t\t<td class=\"td-5\">5,10<\/td>\n\t\t\t\t\t\t<td class=\"td-6\">13,00<\/td>\n\t\t\t\t\t\t<td class=\"td-last td-7\">7,30<\/td>\n                        <td class=\"td-6\">1000<\/td>\n\t\t\t\t\t<\/tr>\n\t\t\t\t\t<tr class=\"tr-odd tr-5\">\n\t\t\t\t\t\t<td class=\"td-0\">2560-e<\/td>\n\t\t\t\t\t\t<td class=\"td-1\">M8-M10<\/td>\n\t\t\t\t\t\t<td class=\"td-2\">red<\/td>\n\t\t\t\t\t\t<td class=\"td-3\">7,80<\/td>\n\t\t\t\t\t\t<td class=\"td-4\">8,90<\/td>\n\t\t\t\t\t\t<td class=\"td-5\">6,90<\/td>\n\t\t\t\t\t\t<td class=\"td-6\">13,00<\/td>\n\t\t\t\t\t\t<td class=\"td-last td-7\">10,00<\/td>\n                        <td class=\"td-6\">1000<\/td>\n\t\t\t\t\t<\/tr>\n\t\t\t\t\t<tr class=\"tr-even tr-6\">\n\t\t\t\t\t\t<td class=\"td-0\">2560-f<\/td>\n\t\t\t\t\t\t<td class=\"td-1\">M10-M12<\/td>\n\t\t\t\t\t\t<td class=\"td-2\">blue<\/td>\n\t\t\t\t\t\t<td class=\"td-3\">9,10<\/td>\n\t\t\t\t\t\t<td class=\"td-4\">10,50<\/td>\n\t\t\t\t\t\t<td class=\"td-5\">8,50<\/td>\n\t\t\t\t\t\t<td class=\"td-6\">12,00<\/td>\n\t\t\t\t\t\t<td class=\"td-last td-7\">12,00<\/td>\n                        <td class=\"td-6\">250<\/td>\n\t\t\t\t\t<\/tr>\n\t\t\t\t\t<tr class=\"tr-odd tr-last\">\n\t\t\t\t\t\t<td class=\"td-0\">2560-g<\/td>\n\t\t\t\t\t\t<td class=\"td-1\">M12-M14<\/td>\n\t\t\t\t\t\t<td class=\"td-2\">grey<\/td>\n\t\t\t\t\t\t<td class=\"td-3\">10,50<\/td>\n\t\t\t\t\t\t<td class=\"td-4\">12,30<\/td>\n\t\t\t\t\t\t<td class=\"td-5\">10,30<\/td>\n\t\t\t\t\t\t<td class=\"td-6\">15,00<\/td>\n\t\t\t\t\t\t<td class=\"td-last td-7\">14,20<\/td>\n                        <td class=\"td-6\">250<\/td>\n\t\t\t\t\t<\/tr>\n      <\/tbody>\n    <\/table>\n  <\/div>\n<\/div>\n\n<style>\n.scroll-wrapper {\n  overflow-x: auto !important;\n  -webkit-overflow-scrolling: touch;\n  width: 100%;\n}\n\n.table_scrollbox {\n  background-color: #fff;\n  position: relative;\n  max-height: 400px;\n  overflow-y: auto;\n  border: 1px solid #ccc;\n  border-radius: 6px;\n  min-width: 700px; \/* Wichtig: erzeugt horizontalen Scroll *\/\n}\n\n.scrolltable {\n  width: 100%;\n  border-collapse: collapse;\n}\n\n.scrolltable th, .scrolltable td {\n  padding: 10px 14px;\n  text-align: left;\n  white-space: nowrap;\n  font-size: 14px;\n  border-bottom: 1px solid #ddd;\n}\n\n.scrolltable th {\n  background-color: #f2f2f2;\n  color: #B6121D;\n  position: sticky;\n  top: 0;\n  z-index: 2;\n  box-shadow: 0 2px 2px -1px rgba(0, 0, 0, 0.4);\n}\n\n.scrolltable thead::before {\n  content: '';\n  position: sticky;\n  top: 0;\n  display: block;\n  height: 1px;\n  background-color: #fff;\n  z-index: 3;\n}\n\n.scrolltable tbody tr:nth-child(odd) {\n  background-color: #e9e9e9 !important;\n}\n\n.scrolltable tbody tr:nth-child(even) {\n  background-color: #ffffff;\n}\n<\/style>\n\t\t\t\t<\/div>\n\t\t\t\t<\/div>\n\t\t\t\t\t<\/div>\n\t\t<\/div>\n\t\t\t\t<div class=\"elementor-column elementor-col-33 elementor-top-column elementor-element elementor-element-57feb4d\" data-id=\"57feb4d\" data-element_type=\"column\" data-e-type=\"column\">\n\t\t\t<div class=\"elementor-widget-wrap elementor-element-populated\">\n\t\t\t\t\t\t<div class=\"elementor-element elementor-element-32cf126 elementor-widget elementor-widget-text-editor\" data-id=\"32cf126\" data-element_type=\"widget\" data-e-type=\"widget\" data-widget_type=\"text-editor.default\">\n\t\t\t\t<div class=\"elementor-widget-container\">\n\t\t\t\t\t\t\t\t\t<p class=\"bodytext\"><span style=\"color: #000000;\"><b>Application:<\/b><\/span><br \/><span style=\"color: #000000;\">Powder coating, cathodic dip coating, wet paint, anodizing, electroplating, sandblasting.<\/span><\/p><p><span style=\"color: #000000;\"><strong>Data sheet:<\/strong><\/span><br \/><span style=\"color: #000000;\">You can find the data sheet<\/span>\u00a0<a href=\"https:\/\/christianzang.de\/wp-content\/uploads\/2018\/02\/Silikon-60%C2%B0-Shore-A.pdf\" target=\"_blank\" rel=\"noopener\"><strong>here...<\/strong><\/a><\/p><p><span style=\"color: #000000;\"><strong>Prices:<\/strong><\/span><br \/><span style=\"color: #000000;\">You can find the excerpt from our catalog<\/span> <a href=\"https:\/\/christianzang.de\/wp-content\/uploads\/2024\/12\/Katalog-2025.pdf#page=61\"><strong>here...<\/strong><\/a><br \/><span style=\"color: #000000;\">Ask for your personal shopping discount!<\/span><\/p>\t\t\t\t\t\t\t\t<\/div>\n\t\t\t\t<\/div>\n\t\t\t\t\t<\/div>\n\t\t<\/div>\n\t\t\t\t\t<\/div>\n\t\t<\/section>\n\t\t\t\t<section class=\"elementor-section elementor-top-section elementor-element elementor-element-645104f elementor-section-full_width elementor-section-height-default elementor-section-height-default\" data-id=\"645104f\" data-element_type=\"section\" data-e-type=\"section\">\n\t\t\t\t\t\t<div class=\"elementor-container elementor-column-gap-default\">\n\t\t\t\t\t<div class=\"elementor-column elementor-col-100 elementor-top-column elementor-element elementor-element-eae2f1a\" data-id=\"eae2f1a\" data-element_type=\"column\" data-e-type=\"column\">\n\t\t\t<div class=\"elementor-widget-wrap elementor-element-populated\">\n\t\t\t\t\t\t<div class=\"elementor-element elementor-element-7770678 elementor-hidden-desktop elementor-hidden-mobile elementor-widget elementor-widget-html\" data-id=\"7770678\" data-element_type=\"widget\" data-e-type=\"widget\" data-widget_type=\"html.default\">\n\t\t\t\t<div class=\"elementor-widget-container\">\n\t\t\t\t\t<div class=\"scroll-wrapper\">\n  <div class=\"table_scrollbox\">\n    <table class=\"scrolltable\">\n      <thead>\n        <tr>\n      <tbody>\n\t\t\t\t\t\t\t<th>Art.-Nr.<\/th>\n\t\t\t\t\t\t\t<th>Size<\/th>\n\t\t\t\t\t\t\t<th>Color<\/th>\n\t\t\t\t\t\t\t<th>\u00d8 a<br>mm<\/th>\n\t\t\t\t\t\t\t<th>\u00d8 A<br>mm<\/th>\n\t\t\t\t\t\t\t<th>\u00d8 B<br>mm<\/th>\n\t\t\t\t\t\t\t<th>C<br>mm<\/th>\n\t\t\t\t\t\t\t<th>D<br>mm<\/th>\n\t\t\t\t\t\t\t<th>PU<\/th>\n      <\/tbody>\n        <\/tr>\n      <\/thead>\n      <tbody>\n\t\t\t\t\t<tr class=\"tr-odd tr-1\">\n\t\t\t\t\t\t<td class=\"td-0\">2560-a<\/td>\n\t\t\t\t\t\t<td class=\"td-1\">M3<\/td>\n\t\t\t\t\t\t<td class=\"td-2\">blue<\/td>\n\t\t\t\t\t\t<td class=\"td-3\">2,00<\/td>\n\t\t\t\t\t\t<td class=\"td-4\">3,50<\/td>\n\t\t\t\t\t\t<td class=\"td-5\">2,50<\/td>\n\t\t\t\t\t\t<td class=\"td-6\">13,00<\/td>\n\t\t\t\t\t\t<td class=\"td-last td-7\">7,60<\/td>\n                        <td class=\"td-6\">1000<\/td>\n\t\t\t\t\t<\/tr>\n\t\t\t\t\t<tr class=\"tr-even tr-2\">\n\t\t\t\t\t\t<td class=\"td-0\">2560-b<\/td>\n\t\t\t\t\t\t<td class=\"td-1\">M4-M5<\/td>\n\t\t\t\t\t\t<td class=\"td-2\">yellow<\/td>\n\t\t\t\t\t\t<td class=\"td-3\">3,80<\/td>\n\t\t\t\t\t\t<td class=\"td-4\">4,30<\/td>\n\t\t\t\t\t\t<td class=\"td-5\">3,40<\/td>\n\t\t\t\t\t\t<td class=\"td-6\">20,00<\/td>\n\t\t\t\t\t\t<td class=\"td-last td-7\">6,50<\/td>\n                        <td class=\"td-6\">1000<\/td>\n\t\t\t\t\t<\/tr>\n\t\t\t\t\t<tr class=\"tr-odd tr-3\">\n\t\t\t\t\t\t<td class=\"td-0\">2560-c<\/td>\n\t\t\t\t\t\t<td class=\"td-1\">M5-M6<\/td>\n\t\t\t\t\t\t<td class=\"td-2\">black<\/td>\n\t\t\t\t\t\t<td class=\"td-3\">4,40<\/td>\n\t\t\t\t\t\t<td class=\"td-4\">5,20<\/td>\n\t\t\t\t\t\t<td class=\"td-5\">4,30<\/td>\n\t\t\t\t\t\t<td class=\"td-6\">20,00<\/td>\n\t\t\t\t\t\t<td class=\"td-last td-7\">7,40<\/td>\n                        <td class=\"td-6\">1000<\/td>\n\t\t\t\t\t<\/tr>\n\t\t\t\t\t<tr class=\"tr-even tr-4\">\n\t\t\t\t\t\t<td class=\"td-0\">2560-d<\/td>\n\t\t\t\t\t\t<td class=\"td-1\">M6-M8<\/td>\n\t\t\t\t\t\t<td class=\"td-2\">green<\/td>\n\t\t\t\t\t\t<td class=\"td-3\">5,90<\/td>\n\t\t\t\t\t\t<td class=\"td-4\">7,20<\/td>\n\t\t\t\t\t\t<td class=\"td-5\">5,10<\/td>\n\t\t\t\t\t\t<td class=\"td-6\">13,00<\/td>\n\t\t\t\t\t\t<td class=\"td-last td-7\">7,30<\/td>\n                        <td class=\"td-6\">1000<\/td>\n\t\t\t\t\t<\/tr>\n\t\t\t\t\t<tr class=\"tr-odd tr-5\">\n\t\t\t\t\t\t<td class=\"td-0\">2560-e<\/td>\n\t\t\t\t\t\t<td class=\"td-1\">M8-M10<\/td>\n\t\t\t\t\t\t<td class=\"td-2\">red<\/td>\n\t\t\t\t\t\t<td class=\"td-3\">7,80<\/td>\n\t\t\t\t\t\t<td class=\"td-4\">8,90<\/td>\n\t\t\t\t\t\t<td class=\"td-5\">6,90<\/td>\n\t\t\t\t\t\t<td class=\"td-6\">13,00<\/td>\n\t\t\t\t\t\t<td class=\"td-last td-7\">10,00<\/td>\n                        <td class=\"td-6\">1000<\/td>\n\t\t\t\t\t<\/tr>\n\t\t\t\t\t<tr class=\"tr-even tr-6\">\n\t\t\t\t\t\t<td class=\"td-0\">2560-f<\/td>\n\t\t\t\t\t\t<td class=\"td-1\">M10-M12<\/td>\n\t\t\t\t\t\t<td class=\"td-2\">blue<\/td>\n\t\t\t\t\t\t<td class=\"td-3\">9,10<\/td>\n\t\t\t\t\t\t<td class=\"td-4\">10,50<\/td>\n\t\t\t\t\t\t<td class=\"td-5\">8,50<\/td>\n\t\t\t\t\t\t<td class=\"td-6\">12,00<\/td>\n\t\t\t\t\t\t<td class=\"td-last td-7\">12,00<\/td>\n                        <td class=\"td-6\">250<\/td>\n\t\t\t\t\t<\/tr>\n\t\t\t\t\t<tr class=\"tr-odd tr-last\">\n\t\t\t\t\t\t<td class=\"td-0\">2560-g<\/td>\n\t\t\t\t\t\t<td class=\"td-1\">M12-M14<\/td>\n\t\t\t\t\t\t<td class=\"td-2\">grey<\/td>\n\t\t\t\t\t\t<td class=\"td-3\">10,50<\/td>\n\t\t\t\t\t\t<td class=\"td-4\">12,30<\/td>\n\t\t\t\t\t\t<td class=\"td-5\">10,30<\/td>\n\t\t\t\t\t\t<td class=\"td-6\">15,00<\/td>\n\t\t\t\t\t\t<td class=\"td-last td-7\">14,20<\/td>\n                        <td class=\"td-6\">250<\/td>\n\t\t\t\t\t<\/tr>\n      <\/tbody>\n    <\/table>\n  <\/div>\n<\/div>\n\n<style>\n.scroll-wrapper {\n  overflow-x: auto !important;\n  -webkit-overflow-scrolling: touch;\n  width: 100%;\n}\n\n.table_scrollbox {\n  background-color: #fff;\n  position: relative;\n  max-height: 400px;\n  overflow-y: auto;\n  border: 1px solid #ccc;\n  border-radius: 6px;\n  min-width: 700px; \/* Wichtig: erzeugt horizontalen Scroll *\/\n}\n\n.scrolltable {\n  width: 100%;\n  border-collapse: collapse;\n}\n\n.scrolltable th, .scrolltable td {\n  padding: 10px 14px;\n  text-align: left;\n  white-space: nowrap;\n  font-size: 14px;\n  border-bottom: 1px solid #ddd;\n}\n\n.scrolltable th {\n  background-color: #f2f2f2;\n  color: #B6121D;\n  position: sticky;\n  top: 0;\n  z-index: 2;\n  box-shadow: 0 2px 2px -1px rgba(0, 0, 0, 0.4);\n}\n\n.scrolltable thead::before {\n  content: '';\n  position: sticky;\n  top: 0;\n  display: block;\n  height: 1px;\n  background-color: #fff;\n  z-index: 3;\n}\n\n.scrolltable tbody tr:nth-child(odd) {\n  background-color: #e9e9e9 !important;\n}\n\n.scrolltable tbody tr:nth-child(even) {\n  background-color: #ffffff;\n}\n<\/style>\n\t\t\t\t<\/div>\n\t\t\t\t<\/div>\n\t\t\t\t\t<\/div>\n\t\t<\/div>\n\t\t\t\t\t<\/div>\n\t\t<\/section>\n\t\t\t\t<section class=\"elementor-section elementor-top-section elementor-element elementor-element-078ea6c elementor-hidden-desktop elementor-hidden-mobile elementor-section-full_width elementor-section-height-default elementor-section-height-default\" data-id=\"078ea6c\" data-element_type=\"section\" data-e-type=\"section\">\n\t\t\t\t\t\t<div class=\"elementor-container elementor-column-gap-default\">\n\t\t\t\t\t<div class=\"elementor-column elementor-col-100 elementor-top-column elementor-element elementor-element-37b0d08\" data-id=\"37b0d08\" data-element_type=\"column\" data-e-type=\"column\">\n\t\t\t<div class=\"elementor-widget-wrap elementor-element-populated\">\n\t\t\t\t\t\t<div class=\"elementor-element elementor-element-9910a23 elementor-widget elementor-widget-text-editor\" data-id=\"9910a23\" data-element_type=\"widget\" data-e-type=\"widget\" data-widget_type=\"text-editor.default\">\n\t\t\t\t<div class=\"elementor-widget-container\">\n\t\t\t\t\t\t\t\t\t<p class=\"bodytext\"><span style=\"color: #000000;\"><b>Application:<\/b><\/span><br \/><span style=\"color: #000000;\">Powder coating, cathodic dip coating, wet paint, anodizing, electroplating, sandblasting.<\/span><\/p><p><span style=\"color: #000000;\"><strong>Data sheet:<\/strong><\/span><br \/><span style=\"color: #000000;\">You can find the data sheet\u00a0<\/span><a href=\"https:\/\/christianzang.de\/wp-content\/uploads\/2018\/02\/Silikon-60%C2%B0-Shore-A.pdf\" target=\"_blank\" rel=\"noopener\"><strong>here...<\/strong><\/a><\/p><p><span style=\"color: #000000;\"><strong>Prices:<\/strong><\/span><br \/><span style=\"color: #000000;\">You can find the excerpt from our catalog <\/span><a href=\"https:\/\/christianzang.de\/wp-content\/uploads\/2024\/12\/Katalog-2025.pdf#page=61\"><strong>here...<\/strong><\/a><br \/><span style=\"color: #000000;\">Ask for your personal shopping discount!<\/span><\/p>\t\t\t\t\t\t\t\t<\/div>\n\t\t\t\t<\/div>\n\t\t\t\t\t<\/div>\n\t\t<\/div>\n\t\t\t\t\t<\/div>\n\t\t<\/section>\n\t\t\t\t<\/div>","protected":false},"excerpt":{"rendered":"<p>Kombistopfen metrisch 2560 315 \u00b0C Stopfen mit schr\u00e4ger Kante zum einfachen Abdecken von Innengewinden.Sehr gute Chemikalien- und S\u00e4urebest\u00e4ndigkeit, mehrmals zu [&hellip;]<\/p>\n","protected":false},"author":5,"featured_media":0,"parent":0,"menu_order":0,"comment_status":"closed","ping_status":"closed","template":"","meta":{"site-sidebar-layout":"default","site-content-layout":"","ast-site-content-layout":"default","site-content-style":"default","site-sidebar-style":"default","ast-global-header-display":"","ast-banner-title-visibility":"","ast-main-header-display":"","ast-hfb-above-header-display":"","ast-hfb-below-header-display":"","ast-hfb-mobile-header-display":"","site-post-title":"","ast-breadcrumbs-content":"","ast-featured-img":"","footer-sml-layout":"","ast-disable-related-posts":"","theme-transparent-header-meta":"","adv-header-id-meta":"","stick-header-meta":"","header-above-stick-meta":"","header-main-stick-meta":"","header-below-stick-meta":"","astra-migrate-meta-layouts":"default","ast-page-background-enabled":"default","ast-page-background-meta":{"desktop":{"background-color":"var(--ast-global-color-5)","background-image":"","background-repeat":"repeat","background-position":"center center","background-size":"auto","background-attachment":"scroll","background-type":"","background-media":"","overlay-type":"","overlay-color":"","overlay-opacity":"","overlay-gradient":""},"tablet":{"background-color":"","background-image":"","background-repeat":"repeat","background-position":"center center","background-size":"auto","background-attachment":"scroll","background-type":"","background-media":"","overlay-type":"","overlay-color":"","overlay-opacity":"","overlay-gradient":""},"mobile":{"background-color":"","background-image":"","background-repeat":"repeat","background-position":"center center","background-size":"auto","background-attachment":"scroll","background-type":"","background-media":"","overlay-type":"","overlay-color":"","overlay-opacity":"","overlay-gradient":""}},"ast-content-background-meta":{"desktop":{"background-color":"var(--ast-global-color-4)","background-image":"","background-repeat":"repeat","background-position":"center center","background-size":"auto","background-attachment":"scroll","background-type":"","background-media":"","overlay-type":"","overlay-color":"","overlay-opacity":"","overlay-gradient":""},"tablet":{"background-color":"var(--ast-global-color-4)","background-image":"","background-repeat":"repeat","background-position":"center center","background-size":"auto","background-attachment":"scroll","background-type":"","background-media":"","overlay-type":"","overlay-color":"","overlay-opacity":"","overlay-gradient":""},"mobile":{"background-color":"var(--ast-global-color-4)","background-image":"","background-repeat":"repeat","background-position":"center center","background-size":"auto","background-attachment":"scroll","background-type":"","background-media":"","overlay-type":"","overlay-color":"","overlay-opacity":"","overlay-gradient":""}},"footnotes":""},"class_list":["post-13127","page","type-page","status-publish","hentry"],"_links":{"self":[{"href":"https:\/\/christianzang.de\/en\/wp-json\/wp\/v2\/pages\/13127","targetHints":{"allow":["GET"]}}],"collection":[{"href":"https:\/\/christianzang.de\/en\/wp-json\/wp\/v2\/pages"}],"about":[{"href":"https:\/\/christianzang.de\/en\/wp-json\/wp\/v2\/types\/page"}],"author":[{"embeddable":true,"href":"https:\/\/christianzang.de\/en\/wp-json\/wp\/v2\/users\/5"}],"replies":[{"embeddable":true,"href":"https:\/\/christianzang.de\/en\/wp-json\/wp\/v2\/comments?post=13127"}],"version-history":[{"count":6,"href":"https:\/\/christianzang.de\/en\/wp-json\/wp\/v2\/pages\/13127\/revisions"}],"predecessor-version":[{"id":19362,"href":"https:\/\/christianzang.de\/en\/wp-json\/wp\/v2\/pages\/13127\/revisions\/19362"}],"wp:attachment":[{"href":"https:\/\/christianzang.de\/en\/wp-json\/wp\/v2\/media?parent=13127"}],"curies":[{"name":"wp","href":"https:\/\/api.w.org\/{rel}","templated":true}]}}