{"id":13141,"date":"2024-11-22T12:35:30","date_gmt":"2024-11-22T11:35:30","guid":{"rendered":"https:\/\/christianzang.de\/?page_id=13141"},"modified":"2025-05-12T09:32:37","modified_gmt":"2025-05-12T07:32:37","slug":"ggs","status":"publish","type":"page","link":"https:\/\/christianzang.de\/en\/ggs\/","title":{"rendered":"Gegenscheibe f\u00fcr Innengewinde M8 GGS 315\u00b0"},"content":{"rendered":"<div data-elementor-type=\"wp-page\" data-elementor-id=\"13141\" class=\"elementor elementor-13141\">\n\t\t\t\t\t\t<section class=\"elementor-section elementor-top-section elementor-element elementor-element-42796df elementor-section-full_width elementor-section-height-default elementor-section-height-default\" data-id=\"42796df\" data-element_type=\"section\" data-e-type=\"section\">\n\t\t\t\t\t\t<div class=\"elementor-container elementor-column-gap-default\">\n\t\t\t\t\t<div class=\"elementor-column elementor-col-100 elementor-top-column elementor-element elementor-element-6b7834b\" data-id=\"6b7834b\" data-element_type=\"column\" data-e-type=\"column\">\n\t\t\t<div class=\"elementor-widget-wrap elementor-element-populated\">\n\t\t\t\t\t\t<div class=\"elementor-element elementor-element-b073d82 elementor-widget elementor-widget-heading\" data-id=\"b073d82\" data-element_type=\"widget\" data-e-type=\"widget\" data-widget_type=\"heading.default\">\n\t\t\t\t<div class=\"elementor-widget-container\">\n\t\t\t\t\t<h1 class=\"elementor-heading-title elementor-size-default\">Counterplate for internal thread M8 GGS 315 \u00b0C<\/h1>\t\t\t\t<\/div>\n\t\t\t\t<\/div>\n\t\t\t\t\t<\/div>\n\t\t<\/div>\n\t\t\t\t\t<\/div>\n\t\t<\/section>\n\t\t\t\t<section class=\"elementor-section elementor-top-section elementor-element elementor-element-8ae9ce5 elementor-section-full_width elementor-section-height-default elementor-section-height-default\" data-id=\"8ae9ce5\" data-element_type=\"section\" data-e-type=\"section\">\n\t\t\t\t\t\t<div class=\"elementor-container elementor-column-gap-default\">\n\t\t\t\t\t<div class=\"elementor-column elementor-col-100 elementor-top-column elementor-element elementor-element-d0de03e\" data-id=\"d0de03e\" data-element_type=\"column\" data-e-type=\"column\">\n\t\t\t<div class=\"elementor-widget-wrap elementor-element-populated\">\n\t\t\t\t\t\t<div class=\"elementor-element elementor-element-c889632 elementor-widget-divider--view-line elementor-widget elementor-widget-divider\" data-id=\"c889632\" data-element_type=\"widget\" data-e-type=\"widget\" data-widget_type=\"divider.default\">\n\t\t\t\t<div class=\"elementor-widget-container\">\n\t\t\t\t\t\t\t<div class=\"elementor-divider\">\n\t\t\t<span class=\"elementor-divider-separator\">\n\t\t\t\t\t\t<\/span>\n\t\t<\/div>\n\t\t\t\t\t\t<\/div>\n\t\t\t\t<\/div>\n\t\t\t\t\t<\/div>\n\t\t<\/div>\n\t\t\t\t\t<\/div>\n\t\t<\/section>\n\t\t\t\t<section class=\"elementor-section elementor-top-section elementor-element elementor-element-ac08ffe elementor-section-full_width elementor-section-height-default elementor-section-height-default\" data-id=\"ac08ffe\" data-element_type=\"section\" data-e-type=\"section\">\n\t\t\t\t\t\t<div class=\"elementor-container elementor-column-gap-default\">\n\t\t\t\t\t<div class=\"elementor-column elementor-col-100 elementor-top-column elementor-element elementor-element-9f7970f\" data-id=\"9f7970f\" data-element_type=\"column\" data-e-type=\"column\">\n\t\t\t<div class=\"elementor-widget-wrap elementor-element-populated\">\n\t\t\t\t\t\t<div class=\"elementor-element elementor-element-bd53f47 elementor-widget elementor-widget-image\" data-id=\"bd53f47\" data-element_type=\"widget\" data-e-type=\"widget\" data-widget_type=\"image.default\">\n\t\t\t\t<div class=\"elementor-widget-container\">\n\t\t\t\t\t\t\t\t\t\t\t\t\t\t\t<img fetchpriority=\"high\" decoding=\"async\" width=\"1293\" height=\"206\" src=\"https:\/\/christianzang.de\/wp-content\/uploads\/2022\/02\/GGS-WEB-FIN.png\" class=\"attachment-full size-full wp-image-8533\" alt=\"\" srcset=\"https:\/\/christianzang.de\/wp-content\/uploads\/2022\/02\/GGS-WEB-FIN.png 1293w, https:\/\/christianzang.de\/wp-content\/uploads\/2022\/02\/GGS-WEB-FIN-300x48.png 300w, https:\/\/christianzang.de\/wp-content\/uploads\/2022\/02\/GGS-WEB-FIN-1024x163.png 1024w, https:\/\/christianzang.de\/wp-content\/uploads\/2022\/02\/GGS-WEB-FIN-768x122.png 768w\" sizes=\"(max-width: 1293px) 100vw, 1293px\" \/>\t\t\t\t\t\t\t\t\t\t\t\t\t\t\t<\/div>\n\t\t\t\t<\/div>\n\t\t\t\t\t<\/div>\n\t\t<\/div>\n\t\t\t\t\t<\/div>\n\t\t<\/section>\n\t\t\t\t<section class=\"elementor-section elementor-top-section elementor-element elementor-element-c464549 elementor-section-full_width elementor-section-height-default elementor-section-height-default\" data-id=\"c464549\" data-element_type=\"section\" data-e-type=\"section\">\n\t\t\t\t\t\t<div class=\"elementor-container elementor-column-gap-default\">\n\t\t\t\t\t<div class=\"elementor-column elementor-col-100 elementor-top-column elementor-element elementor-element-2d992aa\" data-id=\"2d992aa\" data-element_type=\"column\" data-e-type=\"column\">\n\t\t\t<div class=\"elementor-widget-wrap elementor-element-populated\">\n\t\t\t\t\t\t<div class=\"elementor-element elementor-element-b96e0fa elementor-widget elementor-widget-text-editor\" data-id=\"b96e0fa\" data-element_type=\"widget\" data-e-type=\"widget\" data-widget_type=\"text-editor.default\">\n\t\t\t\t<div class=\"elementor-widget-container\">\n\t\t\t\t\t\t\t\t\t<div class=\"wpb_text_column wpb_content_element\"><div class=\"wpb_wrapper\"><p><span style=\"color: #000000;\">For masking areas around drill holes, such as grounding areas and similar.<\/span><br \/><span style=\"color: #000000;\">Can be used with all threaded sleeves (GH) from our screw system.<\/span><br \/><span style=\"color: #000000;\">The integrated disc generates contact pressure when screwed in place, preventing undermining at the edge of the disc.<\/span><br \/><span style=\"color: #000000;\">For plugging in<\/span> <a href=\"https:\/\/christianzang.de\/en\/gh-m8-2\/\"><strong>GH-M8<\/strong><\/a><span style=\"color: #000000;\">.<\/span><\/p><p><b><span style=\"color: #000000;\">Available in color-coded versions, other dimensions<\/span> <a href=\"mailto:info@christianzang.de\" target=\"_blank\" rel=\"noopener\"><strong>on request<\/strong><\/a><span style=\"color: #000000;\">.<\/span><\/b><\/p><\/div><\/div>\t\t\t\t\t\t\t\t<\/div>\n\t\t\t\t<\/div>\n\t\t\t\t\t<\/div>\n\t\t<\/div>\n\t\t\t\t\t<\/div>\n\t\t<\/section>\n\t\t\t\t<section class=\"elementor-section elementor-top-section elementor-element elementor-element-82336b0 elementor-section-full_width elementor-hidden-tablet elementor-section-height-default elementor-section-height-default\" data-id=\"82336b0\" data-element_type=\"section\" data-e-type=\"section\">\n\t\t\t\t\t\t<div class=\"elementor-container elementor-column-gap-default\">\n\t\t\t\t\t<div class=\"elementor-column elementor-col-66 elementor-top-column elementor-element elementor-element-be6082f\" data-id=\"be6082f\" data-element_type=\"column\" data-e-type=\"column\">\n\t\t\t<div class=\"elementor-widget-wrap elementor-element-populated\">\n\t\t\t\t\t\t<div class=\"elementor-element elementor-element-e6d6998 elementor-widget elementor-widget-html\" data-id=\"e6d6998\" data-element_type=\"widget\" data-e-type=\"widget\" data-widget_type=\"html.default\">\n\t\t\t\t<div class=\"elementor-widget-container\">\n\t\t\t\t\t<div class=\"scroll-wrapper\">\n  <div class=\"table_scrollbox\">\n    <table class=\"scrolltable\">\n      <thead>\n        <tr>\n      <tbody>\n<th>Art.-Nr.<\/th>\n<th>Color<\/th>\n<th>\u00d8 A<br>mm<\/th>\n<th>for<br>Plate \u00d8<\/th>\n<th>PU<\/th>\n      <\/tbody>\n        <\/tr>\n      <\/thead>\n      <tbody>\n    <tr class=\"tr-odd tr-1\">\n      <td class=\"td-0\">GGS-30-15<\/td>\n      <td class=\"td-1\">grey<\/td>\n      <td class=\"td-2\">30,00<\/td>\n      <td class=\"td-3\">15,00<\/td>\n      <td class=\"td-last td-4\">100<\/td>\n    <\/tr>\n    <tr class=\"tr-even tr-2\">\n      <td class=\"td-0\">GGS-35-15<\/td>\n      <td class=\"td-1\">red<\/td>\n      <td class=\"td-2\">35,00<\/td>\n      <td class=\"td-3\">15,00<\/td>\n      <td class=\"td-last td-4\">100<\/td>\n    <\/tr>\n    <tr class=\"tr-odd tr-3\">\n      <td class=\"td-0\">GGS-40-15<\/td>\n      <td class=\"td-1\">pink<\/td>\n      <td class=\"td-2\">40,00<\/td>\n      <td class=\"td-3\">15,00<\/td>\n      <td class=\"td-last td-4\">100<\/td>\n    <\/tr>\n    <tr class=\"tr-even tr-4\">\n      <td class=\"td-0\">GGS-50-30<\/td>\n      <td class=\"td-1\">blue<\/td>\n      <td class=\"td-2\">50,00<\/td>\n      <td class=\"td-3\">30,00<\/td>\n      <td class=\"td-last td-4\">100<\/td>\n    <\/tr>\n    <tr class=\"tr-odd tr-5\">\n      <td class=\"td-0\">GGS-60-30<\/td>\n      <td class=\"td-1\">green<\/td>\n      <td class=\"td-2\">60,00<\/td>\n      <td class=\"td-3\">30,00<\/td>\n      <td class=\"td-last td-4\">50<\/td>\n    <\/tr>\n    <tr class=\"tr-even tr-6\">\n      <td class=\"td-0\">GGS-70-60<\/td>\n      <td class=\"td-1\">yellow<\/td>\n      <td class=\"td-2\">70,00<\/td>\n      <td class=\"td-3\">60,00<\/td>\n      <td class=\"td-last td-4\">50<\/td>\n    <\/tr>\n    <tr class=\"tr-odd tr-last\">\n      <td class=\"td-0\">GGS-80-60<\/td>\n      <td class=\"td-1\">clear<\/td>\n      <td class=\"td-2\">80,00<\/td>\n      <td class=\"td-3\">60,00<\/td>\n      <td class=\"td-last td-4\">25<\/td>\n    <\/tr>\n      <\/tbody>\n    <\/table>\n  <\/div>\n<\/div>\n\n<style>\n.scroll-wrapper {\n  overflow-x: auto !important;\n  -webkit-overflow-scrolling: touch;\n  width: 100%;\n}\n\n.table_scrollbox {\n  background-color: #fff;\n  position: relative;\n  max-height: 400px;\n  overflow-y: auto;\n  border: 1px solid #ccc;\n  border-radius: 6px;\n  min-width: 700px; \/* Wichtig: erzeugt horizontalen Scroll *\/\n}\n\n.scrolltable {\n  width: 100%;\n  border-collapse: collapse;\n}\n\n.scrolltable th, .scrolltable td {\n  padding: 10px 14px;\n  text-align: left;\n  white-space: nowrap;\n  font-size: 14px;\n  border-bottom: 1px solid #ddd;\n}\n\n.scrolltable th {\n  background-color: #f2f2f2;\n  color: #B6121D;\n  position: sticky;\n  top: 0;\n  z-index: 2;\n  box-shadow: 0 2px 2px -1px rgba(0, 0, 0, 0.4);\n}\n\n.scrolltable thead::before {\n  content: '';\n  position: sticky;\n  top: 0;\n  display: block;\n  height: 1px;\n  background-color: #fff;\n  z-index: 3;\n}\n\n.scrolltable tbody tr:nth-child(odd) {\n  background-color: #e9e9e9 !important;\n}\n\n.scrolltable tbody tr:nth-child(even) {\n  background-color: #ffffff;\n}\n<\/style>\n\t\t\t\t<\/div>\n\t\t\t\t<\/div>\n\t\t\t\t\t<\/div>\n\t\t<\/div>\n\t\t\t\t<div class=\"elementor-column elementor-col-33 elementor-top-column elementor-element elementor-element-57feb4d\" data-id=\"57feb4d\" data-element_type=\"column\" data-e-type=\"column\">\n\t\t\t<div class=\"elementor-widget-wrap elementor-element-populated\">\n\t\t\t\t\t\t<div class=\"elementor-element elementor-element-32cf126 elementor-widget elementor-widget-text-editor\" data-id=\"32cf126\" data-element_type=\"widget\" data-e-type=\"widget\" data-widget_type=\"text-editor.default\">\n\t\t\t\t<div class=\"elementor-widget-container\">\n\t\t\t\t\t\t\t\t\t<p class=\"bodytext\"><span style=\"color: #000000;\"><b>Application:<\/b><\/span><br \/><span style=\"color: #000000;\">Powder coating, cathodic dip coating, wet paint, anodizing, electroplating, sandblasting.<\/span><\/p><p><span style=\"color: #000000;\"><strong>Data sheet:<\/strong><\/span><br \/><span style=\"color: #000000;\">You can find the data sheet<\/span>\u00a0<a href=\"https:\/\/christianzang.de\/wp-content\/uploads\/2018\/02\/Silikon-60%C2%B0-Shore-A.pdf\" target=\"_blank\" rel=\"noopener\"><strong>here...<\/strong><\/a><\/p><p><span style=\"color: #000000;\"><strong>Prices:<\/strong><\/span><br \/><span style=\"color: #000000;\">You can find the excerpt from our catalog<\/span> <a href=\"https:\/\/christianzang.de\/wp-content\/uploads\/2024\/12\/Katalog-2025.pdf#page=62\"><strong>here...<\/strong><\/a><br \/><span style=\"color: #000000;\">Ask for your personal shopping discount!<\/span><\/p>\t\t\t\t\t\t\t\t<\/div>\n\t\t\t\t<\/div>\n\t\t\t\t\t<\/div>\n\t\t<\/div>\n\t\t\t\t\t<\/div>\n\t\t<\/section>\n\t\t\t\t<section class=\"elementor-section elementor-top-section elementor-element elementor-element-645104f elementor-section-full_width elementor-section-height-default elementor-section-height-default\" data-id=\"645104f\" data-element_type=\"section\" data-e-type=\"section\">\n\t\t\t\t\t\t<div class=\"elementor-container elementor-column-gap-default\">\n\t\t\t\t\t<div class=\"elementor-column elementor-col-100 elementor-top-column elementor-element elementor-element-eae2f1a\" data-id=\"eae2f1a\" data-element_type=\"column\" data-e-type=\"column\">\n\t\t\t<div class=\"elementor-widget-wrap elementor-element-populated\">\n\t\t\t\t\t\t<div class=\"elementor-element elementor-element-7770678 elementor-hidden-desktop elementor-hidden-mobile elementor-widget elementor-widget-html\" data-id=\"7770678\" data-element_type=\"widget\" data-e-type=\"widget\" data-widget_type=\"html.default\">\n\t\t\t\t<div class=\"elementor-widget-container\">\n\t\t\t\t\t<div class=\"scroll-wrapper\">\n  <div class=\"table_scrollbox\">\n    <table class=\"scrolltable\">\n      <thead>\n        <tr>\n      <tbody>\n<th>Art.-Nr.<\/th>\n<th>Color<\/th>\n<th>\u00d8 A<br>mm<\/th>\n<th>for<br>Plate \u00d8<\/th>\n<th>PU<\/th>\n      <\/tbody>\n        <\/tr>\n      <\/thead>\n      <tbody>\n    <tr class=\"tr-odd tr-1\">\n      <td class=\"td-0\">GGS-30-15<\/td>\n      <td class=\"td-1\">grey<\/td>\n      <td class=\"td-2\">30,00<\/td>\n      <td class=\"td-3\">15,00<\/td>\n      <td class=\"td-last td-4\">100<\/td>\n    <\/tr>\n    <tr class=\"tr-even tr-2\">\n      <td class=\"td-0\">GGS-35-15<\/td>\n      <td class=\"td-1\">red<\/td>\n      <td class=\"td-2\">35,00<\/td>\n      <td class=\"td-3\">15,00<\/td>\n      <td class=\"td-last td-4\">100<\/td>\n    <\/tr>\n    <tr class=\"tr-odd tr-3\">\n      <td class=\"td-0\">GGS-40-15<\/td>\n      <td class=\"td-1\">pink<\/td>\n      <td class=\"td-2\">40,00<\/td>\n      <td class=\"td-3\">15,00<\/td>\n      <td class=\"td-last td-4\">100<\/td>\n    <\/tr>\n    <tr class=\"tr-even tr-4\">\n      <td class=\"td-0\">GGS-50-30<\/td>\n      <td class=\"td-1\">blue<\/td>\n      <td class=\"td-2\">50,00<\/td>\n      <td class=\"td-3\">30,00<\/td>\n      <td class=\"td-last td-4\">100<\/td>\n    <\/tr>\n    <tr class=\"tr-odd tr-5\">\n      <td class=\"td-0\">GGS-60-30<\/td>\n      <td class=\"td-1\">green<\/td>\n      <td class=\"td-2\">60,00<\/td>\n      <td class=\"td-3\">30,00<\/td>\n      <td class=\"td-last td-4\">50<\/td>\n    <\/tr>\n    <tr class=\"tr-even tr-6\">\n      <td class=\"td-0\">GGS-70-60<\/td>\n      <td class=\"td-1\">yellow<\/td>\n      <td class=\"td-2\">70,00<\/td>\n      <td class=\"td-3\">60,00<\/td>\n      <td class=\"td-last td-4\">50<\/td>\n    <\/tr>\n    <tr class=\"tr-odd tr-last\">\n      <td class=\"td-0\">GGS-80-60<\/td>\n      <td class=\"td-1\">clear<\/td>\n      <td class=\"td-2\">80,00<\/td>\n      <td class=\"td-3\">60,00<\/td>\n      <td class=\"td-last td-4\">25<\/td>\n    <\/tr>\n      <\/tbody>\n    <\/table>\n  <\/div>\n<\/div>\n\n<style>\n.scroll-wrapper {\n  overflow-x: auto !important;\n  -webkit-overflow-scrolling: touch;\n  width: 100%;\n}\n\n.table_scrollbox {\n  background-color: #fff;\n  position: relative;\n  max-height: 400px;\n  overflow-y: auto;\n  border: 1px solid #ccc;\n  border-radius: 6px;\n  min-width: 700px; \/* Wichtig: erzeugt horizontalen Scroll *\/\n}\n\n.scrolltable {\n  width: 100%;\n  border-collapse: collapse;\n}\n\n.scrolltable th, .scrolltable td {\n  padding: 10px 14px;\n  text-align: left;\n  white-space: nowrap;\n  font-size: 14px;\n  border-bottom: 1px solid #ddd;\n}\n\n.scrolltable th {\n  background-color: #f2f2f2;\n  color: #B6121D;\n  position: sticky;\n  top: 0;\n  z-index: 2;\n  box-shadow: 0 2px 2px -1px rgba(0, 0, 0, 0.4);\n}\n\n.scrolltable thead::before {\n  content: '';\n  position: sticky;\n  top: 0;\n  display: block;\n  height: 1px;\n  background-color: #fff;\n  z-index: 3;\n}\n\n.scrolltable tbody tr:nth-child(odd) {\n  background-color: #e9e9e9 !important;\n}\n\n.scrolltable tbody tr:nth-child(even) {\n  background-color: #ffffff;\n}\n<\/style>\n\t\t\t\t<\/div>\n\t\t\t\t<\/div>\n\t\t\t\t\t<\/div>\n\t\t<\/div>\n\t\t\t\t\t<\/div>\n\t\t<\/section>\n\t\t\t\t<section class=\"elementor-section elementor-top-section elementor-element elementor-element-078ea6c elementor-hidden-desktop elementor-hidden-mobile elementor-section-full_width elementor-section-height-default elementor-section-height-default\" data-id=\"078ea6c\" data-element_type=\"section\" data-e-type=\"section\">\n\t\t\t\t\t\t<div class=\"elementor-container elementor-column-gap-default\">\n\t\t\t\t\t<div class=\"elementor-column elementor-col-100 elementor-top-column elementor-element elementor-element-37b0d08\" data-id=\"37b0d08\" data-element_type=\"column\" data-e-type=\"column\">\n\t\t\t<div class=\"elementor-widget-wrap elementor-element-populated\">\n\t\t\t\t\t\t<div class=\"elementor-element elementor-element-9910a23 elementor-widget elementor-widget-text-editor\" data-id=\"9910a23\" data-element_type=\"widget\" data-e-type=\"widget\" data-widget_type=\"text-editor.default\">\n\t\t\t\t<div class=\"elementor-widget-container\">\n\t\t\t\t\t\t\t\t\t<p class=\"bodytext\"><span style=\"color: #000000;\"><b>Application:<\/b><\/span><br \/><span style=\"color: #000000;\">Powder coating, cathodic dip coating, wet paint, anodizing, electroplating, sandblasting.<\/span><\/p><p><span style=\"color: #000000;\"><strong>Data sheet:<\/strong><\/span><br \/><span style=\"color: #000000;\">You can find the data sheet<\/span>\u00a0<a href=\"https:\/\/christianzang.de\/wp-content\/uploads\/2018\/02\/Silikon-60%C2%B0-Shore-A.pdf\" target=\"_blank\" rel=\"noopener\"><strong>here...<\/strong><\/a><\/p><p><span style=\"color: #000000;\"><strong>Prices:<\/strong><\/span><br \/><span style=\"color: #000000;\">You can find the excerpt from our catalog<\/span> <a href=\"https:\/\/christianzang.de\/wp-content\/uploads\/2024\/12\/Katalog-2025.pdf#page=62\"><strong>here...<\/strong><\/a><br \/><span style=\"color: #000000;\">Ask for your personal shopping discount!<\/span><\/p>\t\t\t\t\t\t\t\t<\/div>\n\t\t\t\t<\/div>\n\t\t\t\t\t<\/div>\n\t\t<\/div>\n\t\t\t\t\t<\/div>\n\t\t<\/section>\n\t\t\t\t<\/div>","protected":false},"excerpt":{"rendered":"<p>Gegenscheibe f\u00fcr Innengewinde M8 GGS 315 \u00b0C Zum Maskieren von Fl\u00e4chen um Bohrungen wie Erdungsfl\u00e4chen und \u00e4hnliches.Einsetzbar mit allen Gewindeh\u00fclsen [&hellip;]<\/p>\n","protected":false},"author":5,"featured_media":0,"parent":0,"menu_order":0,"comment_status":"closed","ping_status":"closed","template":"","meta":{"site-sidebar-layout":"default","site-content-layout":"","ast-site-content-layout":"default","site-content-style":"default","site-sidebar-style":"default","ast-global-header-display":"","ast-banner-title-visibility":"","ast-main-header-display":"","ast-hfb-above-header-display":"","ast-hfb-below-header-display":"","ast-hfb-mobile-header-display":"","site-post-title":"","ast-breadcrumbs-content":"","ast-featured-img":"","footer-sml-layout":"","ast-disable-related-posts":"","theme-transparent-header-meta":"","adv-header-id-meta":"","stick-header-meta":"","header-above-stick-meta":"","header-main-stick-meta":"","header-below-stick-meta":"","astra-migrate-meta-layouts":"default","ast-page-background-enabled":"default","ast-page-background-meta":{"desktop":{"background-color":"var(--ast-global-color-5)","background-image":"","background-repeat":"repeat","background-position":"center center","background-size":"auto","background-attachment":"scroll","background-type":"","background-media":"","overlay-type":"","overlay-color":"","overlay-opacity":"","overlay-gradient":""},"tablet":{"background-color":"","background-image":"","background-repeat":"repeat","background-position":"center center","background-size":"auto","background-attachment":"scroll","background-type":"","background-media":"","overlay-type":"","overlay-color":"","overlay-opacity":"","overlay-gradient":""},"mobile":{"background-color":"","background-image":"","background-repeat":"repeat","background-position":"center center","background-size":"auto","background-attachment":"scroll","background-type":"","background-media":"","overlay-type":"","overlay-color":"","overlay-opacity":"","overlay-gradient":""}},"ast-content-background-meta":{"desktop":{"background-color":"var(--ast-global-color-4)","background-image":"","background-repeat":"repeat","background-position":"center center","background-size":"auto","background-attachment":"scroll","background-type":"","background-media":"","overlay-type":"","overlay-color":"","overlay-opacity":"","overlay-gradient":""},"tablet":{"background-color":"var(--ast-global-color-4)","background-image":"","background-repeat":"repeat","background-position":"center center","background-size":"auto","background-attachment":"scroll","background-type":"","background-media":"","overlay-type":"","overlay-color":"","overlay-opacity":"","overlay-gradient":""},"mobile":{"background-color":"var(--ast-global-color-4)","background-image":"","background-repeat":"repeat","background-position":"center center","background-size":"auto","background-attachment":"scroll","background-type":"","background-media":"","overlay-type":"","overlay-color":"","overlay-opacity":"","overlay-gradient":""}},"footnotes":""},"class_list":["post-13141","page","type-page","status-publish","hentry"],"_links":{"self":[{"href":"https:\/\/christianzang.de\/en\/wp-json\/wp\/v2\/pages\/13141","targetHints":{"allow":["GET"]}}],"collection":[{"href":"https:\/\/christianzang.de\/en\/wp-json\/wp\/v2\/pages"}],"about":[{"href":"https:\/\/christianzang.de\/en\/wp-json\/wp\/v2\/types\/page"}],"author":[{"embeddable":true,"href":"https:\/\/christianzang.de\/en\/wp-json\/wp\/v2\/users\/5"}],"replies":[{"embeddable":true,"href":"https:\/\/christianzang.de\/en\/wp-json\/wp\/v2\/comments?post=13141"}],"version-history":[{"count":6,"href":"https:\/\/christianzang.de\/en\/wp-json\/wp\/v2\/pages\/13141\/revisions"}],"predecessor-version":[{"id":19365,"href":"https:\/\/christianzang.de\/en\/wp-json\/wp\/v2\/pages\/13141\/revisions\/19365"}],"wp:attachment":[{"href":"https:\/\/christianzang.de\/en\/wp-json\/wp\/v2\/media?parent=13141"}],"curies":[{"name":"wp","href":"https:\/\/api.w.org\/{rel}","templated":true}]}}