{"id":13342,"date":"2024-11-25T10:16:45","date_gmt":"2024-11-25T09:16:45","guid":{"rendered":"https:\/\/christianzang.de\/?page_id=13342"},"modified":"2025-05-12T10:12:03","modified_gmt":"2025-05-12T08:12:03","slug":"ldpe-selbstschneidende-stopfen-82c","status":"publish","type":"page","link":"https:\/\/christianzang.de\/en\/ldpe-selbstschneidende-stopfen-82c\/","title":{"rendered":"LDPE Selbstschneidende Stopfen STP 82\u00b0C"},"content":{"rendered":"<div data-elementor-type=\"wp-page\" data-elementor-id=\"13342\" class=\"elementor elementor-13342\">\n\t\t\t\t\t\t<section class=\"elementor-section elementor-top-section elementor-element elementor-element-42796df elementor-section-full_width elementor-section-height-default elementor-section-height-default\" data-id=\"42796df\" data-element_type=\"section\" data-e-type=\"section\">\n\t\t\t\t\t\t<div class=\"elementor-container elementor-column-gap-default\">\n\t\t\t\t\t<div class=\"elementor-column elementor-col-100 elementor-top-column elementor-element elementor-element-6b7834b\" data-id=\"6b7834b\" data-element_type=\"column\" data-e-type=\"column\">\n\t\t\t<div class=\"elementor-widget-wrap elementor-element-populated\">\n\t\t\t\t\t\t<div class=\"elementor-element elementor-element-b073d82 elementor-widget elementor-widget-heading\" data-id=\"b073d82\" data-element_type=\"widget\" data-e-type=\"widget\" data-widget_type=\"heading.default\">\n\t\t\t\t<div class=\"elementor-widget-container\">\n\t\t\t\t\t<h1 class=\"elementor-heading-title elementor-size-default\">LDPE self-threading plugs STP 82 \u00b0C<\/h1>\t\t\t\t<\/div>\n\t\t\t\t<\/div>\n\t\t\t\t\t<\/div>\n\t\t<\/div>\n\t\t\t\t\t<\/div>\n\t\t<\/section>\n\t\t\t\t<section class=\"elementor-section elementor-top-section elementor-element elementor-element-8ae9ce5 elementor-section-full_width elementor-section-height-default elementor-section-height-default\" data-id=\"8ae9ce5\" data-element_type=\"section\" data-e-type=\"section\">\n\t\t\t\t\t\t<div class=\"elementor-container elementor-column-gap-default\">\n\t\t\t\t\t<div class=\"elementor-column elementor-col-100 elementor-top-column elementor-element elementor-element-d0de03e\" data-id=\"d0de03e\" data-element_type=\"column\" data-e-type=\"column\">\n\t\t\t<div class=\"elementor-widget-wrap elementor-element-populated\">\n\t\t\t\t\t\t<div class=\"elementor-element elementor-element-c889632 elementor-widget-divider--view-line elementor-widget elementor-widget-divider\" data-id=\"c889632\" data-element_type=\"widget\" data-e-type=\"widget\" data-widget_type=\"divider.default\">\n\t\t\t\t<div class=\"elementor-widget-container\">\n\t\t\t\t\t\t\t<div class=\"elementor-divider\">\n\t\t\t<span class=\"elementor-divider-separator\">\n\t\t\t\t\t\t<\/span>\n\t\t<\/div>\n\t\t\t\t\t\t<\/div>\n\t\t\t\t<\/div>\n\t\t\t\t\t<\/div>\n\t\t<\/div>\n\t\t\t\t\t<\/div>\n\t\t<\/section>\n\t\t\t\t<section class=\"elementor-section elementor-top-section elementor-element elementor-element-74f5dec elementor-section-full_width elementor-section-height-default elementor-section-height-default\" data-id=\"74f5dec\" data-element_type=\"section\" data-e-type=\"section\">\n\t\t\t\t\t\t<div class=\"elementor-container elementor-column-gap-default\">\n\t\t\t\t\t<div class=\"elementor-column elementor-col-100 elementor-top-column elementor-element elementor-element-d0a8f7c\" data-id=\"d0a8f7c\" data-element_type=\"column\" data-e-type=\"column\">\n\t\t\t<div class=\"elementor-widget-wrap elementor-element-populated\">\n\t\t\t\t\t\t<div class=\"elementor-element elementor-element-94b8d0e elementor-widget elementor-widget-image\" data-id=\"94b8d0e\" data-element_type=\"widget\" data-e-type=\"widget\" data-widget_type=\"image.default\">\n\t\t\t\t<div class=\"elementor-widget-container\">\n\t\t\t\t\t\t\t\t\t\t\t\t\t\t\t<img fetchpriority=\"high\" decoding=\"async\" width=\"1235\" height=\"206\" src=\"https:\/\/christianzang.de\/wp-content\/uploads\/2023\/02\/STP.png\" class=\"attachment-full size-full wp-image-9401\" alt=\"\" srcset=\"https:\/\/christianzang.de\/wp-content\/uploads\/2023\/02\/STP.png 1235w, https:\/\/christianzang.de\/wp-content\/uploads\/2023\/02\/STP-300x50.png 300w, https:\/\/christianzang.de\/wp-content\/uploads\/2023\/02\/STP-1024x171.png 1024w, https:\/\/christianzang.de\/wp-content\/uploads\/2023\/02\/STP-768x128.png 768w\" sizes=\"(max-width: 1235px) 100vw, 1235px\" \/>\t\t\t\t\t\t\t\t\t\t\t\t\t\t\t<\/div>\n\t\t\t\t<\/div>\n\t\t\t\t\t<\/div>\n\t\t<\/div>\n\t\t\t\t\t<\/div>\n\t\t<\/section>\n\t\t\t\t<section class=\"elementor-section elementor-top-section elementor-element elementor-element-0a7124a elementor-section-full_width elementor-section-height-default elementor-section-height-default\" data-id=\"0a7124a\" data-element_type=\"section\" data-e-type=\"section\">\n\t\t\t\t\t\t<div class=\"elementor-container elementor-column-gap-default\">\n\t\t\t\t\t<div class=\"elementor-column elementor-col-100 elementor-top-column elementor-element elementor-element-1f474f1\" data-id=\"1f474f1\" data-element_type=\"column\" data-e-type=\"column\">\n\t\t\t<div class=\"elementor-widget-wrap elementor-element-populated\">\n\t\t\t\t\t\t<div class=\"elementor-element elementor-element-8068399 elementor-widget elementor-widget-text-editor\" data-id=\"8068399\" data-element_type=\"widget\" data-e-type=\"widget\" data-widget_type=\"text-editor.default\">\n\t\t\t\t<div class=\"elementor-widget-container\">\n\t\t\t\t\t\t\t\t\t<div class=\"wpb_text_column wpb_content_element\"><div class=\"wpb_wrapper\"><p class=\"bodytext\"><span style=\"color: #000000;\">Self-tapping plugs for sealing threaded holes.<\/span><br \/><span style=\"color: #000000;\">Its shape makes it easy to screw in without allowing liquid to enter.<\/span><\/p><\/div><\/div>\t\t\t\t\t\t\t\t<\/div>\n\t\t\t\t<\/div>\n\t\t\t\t\t<\/div>\n\t\t<\/div>\n\t\t\t\t\t<\/div>\n\t\t<\/section>\n\t\t\t\t<section class=\"elementor-section elementor-top-section elementor-element elementor-element-82336b0 elementor-section-full_width elementor-hidden-tablet elementor-section-height-default elementor-section-height-default\" data-id=\"82336b0\" data-element_type=\"section\" data-e-type=\"section\">\n\t\t\t\t\t\t<div class=\"elementor-container elementor-column-gap-default\">\n\t\t\t\t\t<div class=\"elementor-column elementor-col-66 elementor-top-column elementor-element elementor-element-be6082f\" data-id=\"be6082f\" data-element_type=\"column\" data-e-type=\"column\">\n\t\t\t<div class=\"elementor-widget-wrap elementor-element-populated\">\n\t\t\t\t\t\t<div class=\"elementor-element elementor-element-e6d6998 elementor-widget elementor-widget-html\" data-id=\"e6d6998\" data-element_type=\"widget\" data-e-type=\"widget\" data-widget_type=\"html.default\">\n\t\t\t\t<div class=\"elementor-widget-container\">\n\t\t\t\t\t<div class=\"scroll-wrapper\">\n  <div class=\"table_scrollbox\">\n    <table class=\"scrolltable\">\n      <thead>\n        <tr>\n      <tbody>\n                            <th>Art.-Nr.<\/th>\n                            <th>\u00d8 A<br>mm<\/th>\n                            <th>\u00d8 B<br>mm<\/th>\n                            <th>length<br>mm<\/th>\n                            <th>PU<\/th>\n      <\/tbody>\n        <\/tr>\n      <\/thead>\n      <tbody>\n\t\t\t\t\t<tr class=\"tr-odd tr-1\">\n\t\t\t\t\t\t<td class=\"td-0\">STP2<\/td>\n\t\t\t\t\t\t<td class=\"td-1\">  2,10<\/td>\n\t\t\t\t\t\t<td class=\"td-2\">  1,60<\/td>\n\t\t\t\t\t\t<td class=\"td-3\">16,80<\/td>\n\t\t\t\t\t\t<td class=\"td-last td-4\">500<\/td>\n\t\t\t\t\t<\/tr>\n\t\t\t\t\t<tr class=\"tr-even tr-2\">\n\t\t\t\t\t\t<td class=\"td-0\">STP3<\/td>\n\t\t\t\t\t\t<td class=\"td-1\">  2,50<\/td>\n\t\t\t\t\t\t<td class=\"td-2\">  2,00<\/td>\n\t\t\t\t\t\t<td class=\"td-3\">15,20<\/td>\n\t\t\t\t\t\t<td class=\"td-last td-4\">500<\/td>\n\t\t\t\t\t<\/tr>\n\t\t\t\t\t<tr class=\"tr-odd tr-3\">\n\t\t\t\t\t\t<td class=\"td-0\">STP4<\/td>\n\t\t\t\t\t\t<td class=\"td-1\">  2,70<\/td>\n\t\t\t\t\t\t<td class=\"td-2\">  2,20<\/td>\n\t\t\t\t\t\t<td class=\"td-3\">17,00<\/td>\n\t\t\t\t\t\t<td class=\"td-last td-4\">500<\/td>\n\t\t\t\t\t<\/tr>\n\t\t\t\t\t<tr class=\"tr-even tr-4\">\n\t\t\t\t\t\t<td class=\"td-0\">STP5<\/td>\n\t\t\t\t\t\t<td class=\"td-1\">  3,00<\/td>\n\t\t\t\t\t\t<td class=\"td-2\">  2,40<\/td>\n\t\t\t\t\t\t<td class=\"td-3\">18,70<\/td>\n\t\t\t\t\t\t<td class=\"td-last td-4\">500<\/td>\n\t\t\t\t\t<\/tr>\n\t\t\t\t\t<tr class=\"tr-odd tr-5\">\n\t\t\t\t\t\t<td class=\"td-0\">STP6<\/td>\n\t\t\t\t\t\t<td class=\"td-1\">  3,30<\/td>\n\t\t\t\t\t\t<td class=\"td-2\">  2,70<\/td>\n\t\t\t\t\t\t<td class=\"td-3\">20,40<\/td>\n\t\t\t\t\t\t<td class=\"td-last td-4\">500<\/td>\n\t\t\t\t\t<\/tr>\n\t\t\t\t\t<tr class=\"tr-even tr-6\">\n\t\t\t\t\t\t<td class=\"td-0\">STP8<\/td>\n\t\t\t\t\t\t<td class=\"td-1\">  4,00<\/td>\n\t\t\t\t\t\t<td class=\"td-2\">  3,50<\/td>\n\t\t\t\t\t\t<td class=\"td-3\">19,80<\/td>\n\t\t\t\t\t\t<td class=\"td-last td-4\">500<\/td>\n\t\t\t\t\t<\/tr>\n\t\t\t\t\t<tr class=\"tr-odd tr-7\">\n\t\t\t\t\t\t<td class=\"td-0\">STP10<\/td>\n\t\t\t\t\t\t<td class=\"td-1\">  4,30<\/td>\n\t\t\t\t\t\t<td class=\"td-2\">  3,60<\/td>\n\t\t\t\t\t\t<td class=\"td-3\">20,30<\/td>\n\t\t\t\t\t\t<td class=\"td-last td-4\">500<\/td>\n\t\t\t\t\t<\/tr>\n\t\t\t\t\t<tr class=\"tr-even tr-8\">\n\t\t\t\t\t\t<td class=\"td-0\">STP12<\/td>\n\t\t\t\t\t\t<td class=\"td-1\">  4,70<\/td>\n\t\t\t\t\t\t<td class=\"td-2\">  3,80<\/td>\n\t\t\t\t\t\t<td class=\"td-3\">20,80<\/td>\n\t\t\t\t\t\t<td class=\"td-last td-4\">250<\/td>\n\t\t\t\t\t<\/tr>\n\t\t\t\t\t<tr class=\"tr-odd tr-9\">\n\t\t\t\t\t\t<td class=\"td-0\">STP13<\/td>\n\t\t\t\t\t\t<td class=\"td-1\">  5,40<\/td>\n\t\t\t\t\t\t<td class=\"td-2\">  4,60<\/td>\n\t\t\t\t\t\t<td class=\"td-3\">22,70<\/td>\n\t\t\t\t\t\t<td class=\"td-last td-4\">250<\/td>\n\t\t\t\t\t<\/tr>\n\t\t\t\t\t<tr class=\"tr-even tr-10\">\n\t\t\t\t\t\t<td class=\"td-0\">STP14<\/td>\n\t\t\t\t\t\t<td class=\"td-1\">  6,90<\/td>\n\t\t\t\t\t\t<td class=\"td-2\">  5,30<\/td>\n\t\t\t\t\t\t<td class=\"td-3\">28,40<\/td>\n\t\t\t\t\t\t<td class=\"td-last td-4\">250<\/td>\n\t\t\t\t\t<\/tr>\n\t\t\t\t\t<tr class=\"tr-odd tr-11\">\n\t\t\t\t\t\t<td class=\"td-0\">STP15<\/td>\n\t\t\t\t\t\t<td class=\"td-1\">  8,50<\/td>\n\t\t\t\t\t\t<td class=\"td-2\">  7,50<\/td>\n\t\t\t\t\t\t<td class=\"td-3\">22,60<\/td>\n\t\t\t\t\t\t<td class=\"td-last td-4\">250<\/td>\n\t\t\t\t\t<\/tr>\n\t\t\t\t\t<tr class=\"tr-even tr-12\">\n\t\t\t\t\t\t<td class=\"td-0\">STP16<\/td>\n\t\t\t\t\t\t<td class=\"td-1\">10,20<\/td>\n\t\t\t\t\t\t<td class=\"td-2\">  8,80<\/td>\n\t\t\t\t\t\t<td class=\"td-3\">25,50<\/td>\n\t\t\t\t\t\t<td class=\"td-last td-4\">250<\/td>\n\t\t\t\t\t<\/tr>\n\t\t\t\t\t<tr class=\"tr-odd tr-last\">\n\t\t\t\t\t\t<td class=\"td-0\">STP17<\/td>\n\t\t\t\t\t\t<td class=\"td-1\">11,90<\/td>\n\t\t\t\t\t\t<td class=\"td-2\">10,20<\/td>\n\t\t\t\t\t\t<td class=\"td-3\">28,40<\/td>\n\t\t\t\t\t\t<td class=\"td-last td-4\">250<\/td>\n\t\t\t\t\t<\/tr>\n      <\/tbody>\n    <\/table>\n  <\/div>\n<\/div>\n\n<style>\n.scroll-wrapper {\n  overflow-x: auto !important;\n  -webkit-overflow-scrolling: touch;\n  width: 100%;\n}\n\n.table_scrollbox {\n  background-color: #fff;\n  position: relative;\n  max-height: 400px;\n  overflow-y: auto;\n  border: 1px solid #ccc;\n  border-radius: 6px;\n  min-width: 700px; \/* Wichtig: erzeugt horizontalen Scroll *\/\n}\n\n.scrolltable {\n  width: 100%;\n  border-collapse: collapse;\n}\n\n.scrolltable th, .scrolltable td {\n  padding: 10px 14px;\n  text-align: left;\n  white-space: nowrap;\n  font-size: 14px;\n  border-bottom: 1px solid #ddd;\n}\n\n.scrolltable th {\n  background-color: #f2f2f2;\n  color: #B6121D;\n  position: sticky;\n  top: 0;\n  z-index: 2;\n  box-shadow: 0 2px 2px -1px rgba(0, 0, 0, 0.4);\n}\n\n.scrolltable thead::before {\n  content: '';\n  position: sticky;\n  top: 0;\n  display: block;\n  height: 1px;\n  background-color: #fff;\n  z-index: 3;\n}\n\n.scrolltable tbody tr:nth-child(odd) {\n  background-color: #e9e9e9 !important;\n}\n\n.scrolltable tbody tr:nth-child(even) {\n  background-color: #ffffff;\n}\n<\/style>\n\t\t\t\t<\/div>\n\t\t\t\t<\/div>\n\t\t\t\t\t<\/div>\n\t\t<\/div>\n\t\t\t\t<div class=\"elementor-column elementor-col-33 elementor-top-column elementor-element elementor-element-57feb4d\" data-id=\"57feb4d\" data-element_type=\"column\" data-e-type=\"column\">\n\t\t\t<div class=\"elementor-widget-wrap elementor-element-populated\">\n\t\t\t\t\t\t<div class=\"elementor-element elementor-element-32cf126 elementor-widget elementor-widget-text-editor\" data-id=\"32cf126\" data-element_type=\"widget\" data-e-type=\"widget\" data-widget_type=\"text-editor.default\">\n\t\t\t\t<div class=\"elementor-widget-container\">\n\t\t\t\t\t\t\t\t\t<p class=\"bodytext\"><span style=\"color: #000000;\"><b>Application:<\/b><\/span><br \/><span style=\"color: #000000;\">anodizing<\/span><\/p><p><span style=\"color: #000000;\"><strong>Prices:<\/strong><\/span><br \/><span style=\"color: #000000;\">You can find the excerpt from our catalog<\/span> <a href=\"https:\/\/christianzang.de\/wp-content\/uploads\/2024\/12\/Katalog-2025.pdf#page=97\"><strong>here...<\/strong><\/a><br \/><span style=\"color: #000000;\">Ask for your personal shopping discount!<\/span><\/p>\t\t\t\t\t\t\t\t<\/div>\n\t\t\t\t<\/div>\n\t\t\t\t\t<\/div>\n\t\t<\/div>\n\t\t\t\t\t<\/div>\n\t\t<\/section>\n\t\t\t\t<section class=\"elementor-section elementor-top-section elementor-element elementor-element-078ea6c elementor-hidden-desktop elementor-hidden-mobile elementor-section-full_width elementor-section-height-default elementor-section-height-default\" data-id=\"078ea6c\" data-element_type=\"section\" data-e-type=\"section\">\n\t\t\t\t\t\t<div class=\"elementor-container elementor-column-gap-default\">\n\t\t\t\t\t<div class=\"elementor-column elementor-col-100 elementor-top-column elementor-element elementor-element-37b0d08\" data-id=\"37b0d08\" data-element_type=\"column\" data-e-type=\"column\">\n\t\t\t<div class=\"elementor-widget-wrap elementor-element-populated\">\n\t\t\t\t\t\t<div class=\"elementor-element elementor-element-7770678 elementor-hidden-desktop elementor-hidden-mobile elementor-widget elementor-widget-html\" data-id=\"7770678\" data-element_type=\"widget\" data-e-type=\"widget\" data-widget_type=\"html.default\">\n\t\t\t\t<div class=\"elementor-widget-container\">\n\t\t\t\t\t<div class=\"scroll-wrapper\">\n  <div class=\"table_scrollbox\">\n    <table class=\"scrolltable\">\n      <thead>\n        <tr>\n      <tbody>\n                            <th>Art.-Nr.<\/th>\n                            <th>\u00d8 A<br>mm<\/th>\n                            <th>\u00d8 B<br>mm<\/th>\n                            <th>length<br>mm<\/th>\n                            <th>PU<\/th>\n      <\/tbody>\n        <\/tr>\n      <\/thead>\n      <tbody>\n\t\t\t\t\t<tr class=\"tr-odd tr-1\">\n\t\t\t\t\t\t<td class=\"td-0\">STP2<\/td>\n\t\t\t\t\t\t<td class=\"td-1\">  2,10<\/td>\n\t\t\t\t\t\t<td class=\"td-2\">  1,60<\/td>\n\t\t\t\t\t\t<td class=\"td-3\">16,80<\/td>\n\t\t\t\t\t\t<td class=\"td-last td-4\">500<\/td>\n\t\t\t\t\t<\/tr>\n\t\t\t\t\t<tr class=\"tr-even tr-2\">\n\t\t\t\t\t\t<td class=\"td-0\">STP3<\/td>\n\t\t\t\t\t\t<td class=\"td-1\">  2,50<\/td>\n\t\t\t\t\t\t<td class=\"td-2\">  2,00<\/td>\n\t\t\t\t\t\t<td class=\"td-3\">15,20<\/td>\n\t\t\t\t\t\t<td class=\"td-last td-4\">500<\/td>\n\t\t\t\t\t<\/tr>\n\t\t\t\t\t<tr class=\"tr-odd tr-3\">\n\t\t\t\t\t\t<td class=\"td-0\">STP4<\/td>\n\t\t\t\t\t\t<td class=\"td-1\">  2,70<\/td>\n\t\t\t\t\t\t<td class=\"td-2\">  2,20<\/td>\n\t\t\t\t\t\t<td class=\"td-3\">17,00<\/td>\n\t\t\t\t\t\t<td class=\"td-last td-4\">500<\/td>\n\t\t\t\t\t<\/tr>\n\t\t\t\t\t<tr class=\"tr-even tr-4\">\n\t\t\t\t\t\t<td class=\"td-0\">STP5<\/td>\n\t\t\t\t\t\t<td class=\"td-1\">  3,00<\/td>\n\t\t\t\t\t\t<td class=\"td-2\">  2,40<\/td>\n\t\t\t\t\t\t<td class=\"td-3\">18,70<\/td>\n\t\t\t\t\t\t<td class=\"td-last td-4\">500<\/td>\n\t\t\t\t\t<\/tr>\n\t\t\t\t\t<tr class=\"tr-odd tr-5\">\n\t\t\t\t\t\t<td class=\"td-0\">STP6<\/td>\n\t\t\t\t\t\t<td class=\"td-1\">  3,30<\/td>\n\t\t\t\t\t\t<td class=\"td-2\">  2,70<\/td>\n\t\t\t\t\t\t<td class=\"td-3\">20,40<\/td>\n\t\t\t\t\t\t<td class=\"td-last td-4\">500<\/td>\n\t\t\t\t\t<\/tr>\n\t\t\t\t\t<tr class=\"tr-even tr-6\">\n\t\t\t\t\t\t<td class=\"td-0\">STP8<\/td>\n\t\t\t\t\t\t<td class=\"td-1\">  4,00<\/td>\n\t\t\t\t\t\t<td class=\"td-2\">  3,50<\/td>\n\t\t\t\t\t\t<td class=\"td-3\">19,80<\/td>\n\t\t\t\t\t\t<td class=\"td-last td-4\">500<\/td>\n\t\t\t\t\t<\/tr>\n\t\t\t\t\t<tr class=\"tr-odd tr-7\">\n\t\t\t\t\t\t<td class=\"td-0\">STP10<\/td>\n\t\t\t\t\t\t<td class=\"td-1\">  4,30<\/td>\n\t\t\t\t\t\t<td class=\"td-2\">  3,60<\/td>\n\t\t\t\t\t\t<td class=\"td-3\">20,30<\/td>\n\t\t\t\t\t\t<td class=\"td-last td-4\">500<\/td>\n\t\t\t\t\t<\/tr>\n\t\t\t\t\t<tr class=\"tr-even tr-8\">\n\t\t\t\t\t\t<td class=\"td-0\">STP12<\/td>\n\t\t\t\t\t\t<td class=\"td-1\">  4,70<\/td>\n\t\t\t\t\t\t<td class=\"td-2\">  3,80<\/td>\n\t\t\t\t\t\t<td class=\"td-3\">20,80<\/td>\n\t\t\t\t\t\t<td class=\"td-last td-4\">250<\/td>\n\t\t\t\t\t<\/tr>\n\t\t\t\t\t<tr class=\"tr-odd tr-9\">\n\t\t\t\t\t\t<td class=\"td-0\">STP13<\/td>\n\t\t\t\t\t\t<td class=\"td-1\">  5,40<\/td>\n\t\t\t\t\t\t<td class=\"td-2\">  4,60<\/td>\n\t\t\t\t\t\t<td class=\"td-3\">22,70<\/td>\n\t\t\t\t\t\t<td class=\"td-last td-4\">250<\/td>\n\t\t\t\t\t<\/tr>\n\t\t\t\t\t<tr class=\"tr-even tr-10\">\n\t\t\t\t\t\t<td class=\"td-0\">STP14<\/td>\n\t\t\t\t\t\t<td class=\"td-1\">  6,90<\/td>\n\t\t\t\t\t\t<td class=\"td-2\">  5,30<\/td>\n\t\t\t\t\t\t<td class=\"td-3\">28,40<\/td>\n\t\t\t\t\t\t<td class=\"td-last td-4\">250<\/td>\n\t\t\t\t\t<\/tr>\n\t\t\t\t\t<tr class=\"tr-odd tr-11\">\n\t\t\t\t\t\t<td class=\"td-0\">STP15<\/td>\n\t\t\t\t\t\t<td class=\"td-1\">  8,50<\/td>\n\t\t\t\t\t\t<td class=\"td-2\">  7,50<\/td>\n\t\t\t\t\t\t<td class=\"td-3\">22,60<\/td>\n\t\t\t\t\t\t<td class=\"td-last td-4\">250<\/td>\n\t\t\t\t\t<\/tr>\n\t\t\t\t\t<tr class=\"tr-even tr-12\">\n\t\t\t\t\t\t<td class=\"td-0\">STP16<\/td>\n\t\t\t\t\t\t<td class=\"td-1\">10,20<\/td>\n\t\t\t\t\t\t<td class=\"td-2\">  8,80<\/td>\n\t\t\t\t\t\t<td class=\"td-3\">25,50<\/td>\n\t\t\t\t\t\t<td class=\"td-last td-4\">250<\/td>\n\t\t\t\t\t<\/tr>\n\t\t\t\t\t<tr class=\"tr-odd tr-last\">\n\t\t\t\t\t\t<td class=\"td-0\">STP17<\/td>\n\t\t\t\t\t\t<td class=\"td-1\">11,90<\/td>\n\t\t\t\t\t\t<td class=\"td-2\">10,20<\/td>\n\t\t\t\t\t\t<td class=\"td-3\">28,40<\/td>\n\t\t\t\t\t\t<td class=\"td-last td-4\">250<\/td>\n\t\t\t\t\t<\/tr>\n      <\/tbody>\n    <\/table>\n  <\/div>\n<\/div>\n\n<style>\n.scroll-wrapper {\n  overflow-x: auto !important;\n  -webkit-overflow-scrolling: touch;\n  width: 100%;\n}\n\n.table_scrollbox {\n  background-color: #fff;\n  position: relative;\n  max-height: 400px;\n  overflow-y: auto;\n  border: 1px solid #ccc;\n  border-radius: 6px;\n  min-width: 700px; \/* Wichtig: erzeugt horizontalen Scroll *\/\n}\n\n.scrolltable {\n  width: 100%;\n  border-collapse: collapse;\n}\n\n.scrolltable th, .scrolltable td {\n  padding: 10px 14px;\n  text-align: left;\n  white-space: nowrap;\n  font-size: 14px;\n  border-bottom: 1px solid #ddd;\n}\n\n.scrolltable th {\n  background-color: #f2f2f2;\n  color: #B6121D;\n  position: sticky;\n  top: 0;\n  z-index: 2;\n  box-shadow: 0 2px 2px -1px rgba(0, 0, 0, 0.4);\n}\n\n.scrolltable thead::before {\n  content: '';\n  position: sticky;\n  top: 0;\n  display: block;\n  height: 1px;\n  background-color: #fff;\n  z-index: 3;\n}\n\n.scrolltable tbody tr:nth-child(odd) {\n  background-color: #e9e9e9 !important;\n}\n\n.scrolltable tbody tr:nth-child(even) {\n  background-color: #ffffff;\n}\n<\/style>\n\t\t\t\t<\/div>\n\t\t\t\t<\/div>\n\t\t\t\t<div class=\"elementor-element elementor-element-9910a23 elementor-widget elementor-widget-text-editor\" data-id=\"9910a23\" data-element_type=\"widget\" data-e-type=\"widget\" data-widget_type=\"text-editor.default\">\n\t\t\t\t<div class=\"elementor-widget-container\">\n\t\t\t\t\t\t\t\t\t<p class=\"bodytext\"><span style=\"color: #000000;\"><b>Application:<\/b><\/span><br \/><span style=\"color: #000000;\">anodizing<\/span><\/p><p><span style=\"color: #000000;\"><strong>Prices:<\/strong><\/span><br \/><span style=\"color: #000000;\">You can find the excerpt from our catalog<\/span> <a href=\"https:\/\/christianzang.de\/wp-content\/uploads\/2024\/12\/Katalog-2025.pdf#page=97\"><strong>here...<\/strong><\/a><br \/><span style=\"color: #000000;\">Ask for your personal shopping discount!<\/span><\/p>\t\t\t\t\t\t\t\t<\/div>\n\t\t\t\t<\/div>\n\t\t\t\t\t<\/div>\n\t\t<\/div>\n\t\t\t\t\t<\/div>\n\t\t<\/section>\n\t\t\t\t<\/div>","protected":false},"excerpt":{"rendered":"<p>LDPE Selbstschneidende Stopfen STP 82 \u00b0C Selbstschneidende Stopfen zum Verschlie\u00dfen von Gewindel\u00f6chern.Ist durch seine Form einfach einzudrehen ohne das Fl\u00fcssigkeit [&hellip;]<\/p>\n","protected":false},"author":5,"featured_media":0,"parent":0,"menu_order":0,"comment_status":"closed","ping_status":"closed","template":"","meta":{"site-sidebar-layout":"default","site-content-layout":"","ast-site-content-layout":"default","site-content-style":"default","site-sidebar-style":"default","ast-global-header-display":"","ast-banner-title-visibility":"","ast-main-header-display":"","ast-hfb-above-header-display":"","ast-hfb-below-header-display":"","ast-hfb-mobile-header-display":"","site-post-title":"","ast-breadcrumbs-content":"","ast-featured-img":"","footer-sml-layout":"","ast-disable-related-posts":"","theme-transparent-header-meta":"","adv-header-id-meta":"","stick-header-meta":"","header-above-stick-meta":"","header-main-stick-meta":"","header-below-stick-meta":"","astra-migrate-meta-layouts":"default","ast-page-background-enabled":"default","ast-page-background-meta":{"desktop":{"background-color":"var(--ast-global-color-5)","background-image":"","background-repeat":"repeat","background-position":"center center","background-size":"auto","background-attachment":"scroll","background-type":"","background-media":"","overlay-type":"","overlay-color":"","overlay-opacity":"","overlay-gradient":""},"tablet":{"background-color":"","background-image":"","background-repeat":"repeat","background-position":"center center","background-size":"auto","background-attachment":"scroll","background-type":"","background-media":"","overlay-type":"","overlay-color":"","overlay-opacity":"","overlay-gradient":""},"mobile":{"background-color":"","background-image":"","background-repeat":"repeat","background-position":"center center","background-size":"auto","background-attachment":"scroll","background-type":"","background-media":"","overlay-type":"","overlay-color":"","overlay-opacity":"","overlay-gradient":""}},"ast-content-background-meta":{"desktop":{"background-color":"var(--ast-global-color-4)","background-image":"","background-repeat":"repeat","background-position":"center center","background-size":"auto","background-attachment":"scroll","background-type":"","background-media":"","overlay-type":"","overlay-color":"","overlay-opacity":"","overlay-gradient":""},"tablet":{"background-color":"var(--ast-global-color-4)","background-image":"","background-repeat":"repeat","background-position":"center center","background-size":"auto","background-attachment":"scroll","background-type":"","background-media":"","overlay-type":"","overlay-color":"","overlay-opacity":"","overlay-gradient":""},"mobile":{"background-color":"var(--ast-global-color-4)","background-image":"","background-repeat":"repeat","background-position":"center center","background-size":"auto","background-attachment":"scroll","background-type":"","background-media":"","overlay-type":"","overlay-color":"","overlay-opacity":"","overlay-gradient":""}},"footnotes":""},"class_list":["post-13342","page","type-page","status-publish","hentry"],"_links":{"self":[{"href":"https:\/\/christianzang.de\/en\/wp-json\/wp\/v2\/pages\/13342","targetHints":{"allow":["GET"]}}],"collection":[{"href":"https:\/\/christianzang.de\/en\/wp-json\/wp\/v2\/pages"}],"about":[{"href":"https:\/\/christianzang.de\/en\/wp-json\/wp\/v2\/types\/page"}],"author":[{"embeddable":true,"href":"https:\/\/christianzang.de\/en\/wp-json\/wp\/v2\/users\/5"}],"replies":[{"embeddable":true,"href":"https:\/\/christianzang.de\/en\/wp-json\/wp\/v2\/comments?post=13342"}],"version-history":[{"count":6,"href":"https:\/\/christianzang.de\/en\/wp-json\/wp\/v2\/pages\/13342\/revisions"}],"predecessor-version":[{"id":19439,"href":"https:\/\/christianzang.de\/en\/wp-json\/wp\/v2\/pages\/13342\/revisions\/19439"}],"wp:attachment":[{"href":"https:\/\/christianzang.de\/en\/wp-json\/wp\/v2\/media?parent=13342"}],"curies":[{"name":"wp","href":"https:\/\/api.w.org\/{rel}","templated":true}]}}