{"id":13981,"date":"2024-11-28T14:45:26","date_gmt":"2024-11-28T13:45:26","guid":{"rendered":"https:\/\/christianzang.de\/?page_id=13981"},"modified":"2025-05-12T10:56:51","modified_gmt":"2025-05-12T08:56:51","slug":"abdeckband-removable-rem-60c","status":"publish","type":"page","link":"https:\/\/christianzang.de\/en\/abdeckband-removable-rem-60c\/","title":{"rendered":"Abdeckband Removable 60\u00b0C"},"content":{"rendered":"<div data-elementor-type=\"wp-page\" data-elementor-id=\"13981\" class=\"elementor elementor-13981\">\n\t\t\t\t\t\t<section class=\"elementor-section elementor-top-section elementor-element elementor-element-42796df elementor-section-full_width elementor-section-height-default elementor-section-height-default\" data-id=\"42796df\" data-element_type=\"section\" data-e-type=\"section\">\n\t\t\t\t\t\t<div class=\"elementor-container elementor-column-gap-default\">\n\t\t\t\t\t<div class=\"elementor-column elementor-col-100 elementor-top-column elementor-element elementor-element-6b7834b\" data-id=\"6b7834b\" data-element_type=\"column\" data-e-type=\"column\">\n\t\t\t<div class=\"elementor-widget-wrap elementor-element-populated\">\n\t\t\t\t\t\t<div class=\"elementor-element elementor-element-b073d82 elementor-widget elementor-widget-heading\" data-id=\"b073d82\" data-element_type=\"widget\" data-e-type=\"widget\" data-widget_type=\"heading.default\">\n\t\t\t\t<div class=\"elementor-widget-container\">\n\t\t\t\t\t<h1 class=\"elementor-heading-title elementor-size-default\">Masking Tape Removable 60 \u00b0C<\/h1>\t\t\t\t<\/div>\n\t\t\t\t<\/div>\n\t\t\t\t\t<\/div>\n\t\t<\/div>\n\t\t\t\t\t<\/div>\n\t\t<\/section>\n\t\t\t\t<section class=\"elementor-section elementor-top-section elementor-element elementor-element-8ae9ce5 elementor-section-full_width elementor-section-height-default elementor-section-height-default\" data-id=\"8ae9ce5\" data-element_type=\"section\" data-e-type=\"section\">\n\t\t\t\t\t\t<div class=\"elementor-container elementor-column-gap-default\">\n\t\t\t\t\t<div class=\"elementor-column elementor-col-100 elementor-top-column elementor-element elementor-element-d0de03e\" data-id=\"d0de03e\" data-element_type=\"column\" data-e-type=\"column\">\n\t\t\t<div class=\"elementor-widget-wrap elementor-element-populated\">\n\t\t\t\t\t\t<div class=\"elementor-element elementor-element-c889632 elementor-widget-divider--view-line elementor-widget elementor-widget-divider\" data-id=\"c889632\" data-element_type=\"widget\" data-e-type=\"widget\" data-widget_type=\"divider.default\">\n\t\t\t\t<div class=\"elementor-widget-container\">\n\t\t\t\t\t\t\t<div class=\"elementor-divider\">\n\t\t\t<span class=\"elementor-divider-separator\">\n\t\t\t\t\t\t<\/span>\n\t\t<\/div>\n\t\t\t\t\t\t<\/div>\n\t\t\t\t<\/div>\n\t\t\t\t\t<\/div>\n\t\t<\/div>\n\t\t\t\t\t<\/div>\n\t\t<\/section>\n\t\t\t\t<section class=\"elementor-section elementor-top-section elementor-element elementor-element-7ef1fad elementor-section-full_width elementor-section-height-default elementor-section-height-default\" data-id=\"7ef1fad\" data-element_type=\"section\" data-e-type=\"section\">\n\t\t\t\t\t\t<div class=\"elementor-container elementor-column-gap-default\">\n\t\t\t\t\t<div class=\"elementor-column elementor-col-33 elementor-top-column elementor-element elementor-element-7d58596\" data-id=\"7d58596\" data-element_type=\"column\" data-e-type=\"column\">\n\t\t\t<div class=\"elementor-widget-wrap elementor-element-populated\">\n\t\t\t\t\t\t<div class=\"elementor-element elementor-element-6953e40 elementor-widget elementor-widget-image\" data-id=\"6953e40\" data-element_type=\"widget\" data-e-type=\"widget\" data-widget_type=\"image.default\">\n\t\t\t\t<div class=\"elementor-widget-container\">\n\t\t\t\t\t\t\t\t\t\t\t\t\t\t\t<img fetchpriority=\"high\" decoding=\"async\" width=\"300\" height=\"200\" src=\"https:\/\/christianzang.de\/wp-content\/uploads\/2023\/02\/rem-weiss-300x200.jpg\" class=\"attachment-medium size-medium wp-image-9622\" alt=\"\" srcset=\"https:\/\/christianzang.de\/wp-content\/uploads\/2023\/02\/rem-weiss-300x200.jpg 300w, https:\/\/christianzang.de\/wp-content\/uploads\/2023\/02\/rem-weiss-1024x683.jpg 1024w, https:\/\/christianzang.de\/wp-content\/uploads\/2023\/02\/rem-weiss-768x512.jpg 768w, https:\/\/christianzang.de\/wp-content\/uploads\/2023\/02\/rem-weiss-1536x1024.jpg 1536w, https:\/\/christianzang.de\/wp-content\/uploads\/2023\/02\/rem-weiss-2048x1365.jpg 2048w, https:\/\/christianzang.de\/wp-content\/uploads\/2023\/02\/rem-weiss-900x600.jpg 900w\" sizes=\"(max-width: 300px) 100vw, 300px\" \/>\t\t\t\t\t\t\t\t\t\t\t\t\t\t\t<\/div>\n\t\t\t\t<\/div>\n\t\t\t\t\t<\/div>\n\t\t<\/div>\n\t\t\t\t<div class=\"elementor-column elementor-col-66 elementor-top-column elementor-element elementor-element-3e581f8\" data-id=\"3e581f8\" data-element_type=\"column\" data-e-type=\"column\">\n\t\t\t<div class=\"elementor-widget-wrap elementor-element-populated\">\n\t\t\t\t\t\t<div class=\"elementor-element elementor-element-72d1997 elementor-widget elementor-widget-text-editor\" data-id=\"72d1997\" data-element_type=\"widget\" data-e-type=\"widget\" data-widget_type=\"text-editor.default\">\n\t\t\t\t<div class=\"elementor-widget-container\">\n\t\t\t\t\t\t\t\t\t<p class=\"bodytext\"><span style=\"color: #000000;\">Removable masking tape with a thickness of 0.14 mm is used as protective tape for coated parts.<\/span><br \/><span style=\"color: #000000;\">Thanks to its low adhesive strength, it is very easy to apply and also very easy to remove.<\/span><\/p><p class=\"bodytext\"><span style=\"color: #000000;\"><strong>Available as tape as standard.<\/strong><\/span><\/p><p><span style=\"color: #000000;\"><strong>Data sheet:<br \/><\/strong>You can find the data sheet<\/span><strong><a href=\"https:\/\/christianzang.de\/wp-content\/uploads\/2019\/01\/Removable-Wei%C3%9F-Datenblatt-22.03.2018.pdf\">\u00a0here...<\/a><\/strong><\/p>\t\t\t\t\t\t\t\t<\/div>\n\t\t\t\t<\/div>\n\t\t\t\t\t<\/div>\n\t\t<\/div>\n\t\t\t\t\t<\/div>\n\t\t<\/section>\n\t\t\t\t<section class=\"elementor-section elementor-top-section elementor-element elementor-element-0511b43 elementor-section-full_width elementor-section-height-default elementor-section-height-default\" data-id=\"0511b43\" data-element_type=\"section\" data-e-type=\"section\">\n\t\t\t\t\t\t<div class=\"elementor-container elementor-column-gap-default\">\n\t\t\t\t\t<div class=\"elementor-column elementor-col-66 elementor-top-column elementor-element elementor-element-75641bd\" data-id=\"75641bd\" data-element_type=\"column\" data-e-type=\"column\">\n\t\t\t<div class=\"elementor-widget-wrap elementor-element-populated\">\n\t\t\t\t\t\t<div class=\"elementor-element elementor-element-232a3dd elementor-widget elementor-widget-heading\" data-id=\"232a3dd\" data-element_type=\"widget\" data-e-type=\"widget\" data-widget_type=\"heading.default\">\n\t\t\t\t<div class=\"elementor-widget-container\">\n\t\t\t\t\t<div class=\"elementor-heading-title elementor-size-default\">Technical specifications:<\/div>\t\t\t\t<\/div>\n\t\t\t\t<\/div>\n\t\t\t\t<div class=\"elementor-element elementor-element-b2a4f9d elementor-widget elementor-widget-html\" data-id=\"b2a4f9d\" data-element_type=\"widget\" data-e-type=\"widget\" data-widget_type=\"html.default\">\n\t\t\t\t<div class=\"elementor-widget-container\">\n\t\t\t\t\t<!DOCTYPE html>\n<html lang=\"de\">\n<head>\n    <meta charset=\"UTF-8\">\n    <meta name=\"viewport\" content=\"width=device-width, initial-scale=1.0\">\n    <title>Tabelle<\/title>\n    <style>\n        #table-container {\n            overflow-x: auto;\n            margin-bottom: 0; \/* Minimaler Abstand nach unten *\/\n        }\n\n        .contenttable {\n            width: 100%; \/* Volle Breite f\u00fcr Desktop-Version *\/\n            border-collapse: collapse;\n        }\n\n        .contenttable td {\n            padding: 8px;\n            border: 1px solid #ddd;\n        }\n\n        @media only screen and (max-width: 600px) {\n            #table-container {\n                display: block;\n                overflow-x: scroll;\n            }\n\n            .contenttable {\n                width: auto; \/* Erm\u00f6glicht horizontales Scrollen auf mobilen Ger\u00e4ten *\/\n            }\n        }\n    <\/style>\n<\/head>\n<body>\n    <div class=\"vc_column-inner\">\n        <div class=\"wpb_wrapper\">\n        <\/div>\n    <\/div>\n\n    <div class=\"wpb_raw_code wpb_content_element wpb_raw_html\">\n        <div class=\"wpb_wrapper\">\n            <div id=\"table-container\">\n                <div class=\"body\">\n                    <table class=\"contenttable contenttable-0\">\n                        <tbody>\n\t\t\t\t\t<tr class=\"tr-odd tr-1\">\n\t\t\t\t\t\t\t<td class=\"td-0\"><b>Adhesive base:<\/b><\/td>\n\t\t\t\t\t\t\t<td class=\"td-1\">rubber<\/td>\n\t\t\t\t\t\t\t<td class=\"td-2\"><b>tape thickness:<\/b><\/td>\n\t\t\t\t\t\t\t<td class=\"td-last td-3\">0,12 mm<\/td>\n\t\t\t\t\t<\/tr>\n\t\t\t\t\t<tr class=\"tr-even tr-2\">\n\t\t\t\t\t\t\t<td class=\"td-0\"><b>Tape length: <\/b><\/td>\n\t\t\t\t\t\t\t<td class=\"td-1\">33 m<\/td>\n\t\t\t\t\t\t\t<td class=\"td-2\"><b>total thickness: <\/b><\/td>\n\t\t\t\t\t\t\t<td class=\"td-last td-3\">0,14 mm<\/td>\n\t\t\t\t\t<\/tr>\n\t\t\t\t\t<tr class=\"tr-odd tr-3\">\n\t\t\t\t\t\t\t<td class=\"td-0\"><b>Color: <\/b><\/td>\n\t\t\t\t\t\t\t<td class=\"td-1\">white<\/td>\n\t\t\t\t\t\t\t<td class=\"td-2\"><b>tensile strenght: <\/b><\/td>\n\t\t\t\t\t\t\t<td class=\"td-last td-3\">49 N\/25 mm<\/td>\n\t\t\t\t\t<\/tr>\n\t\t\t\t\t<tr class=\"tr-even tr-last\">\n\t\t\t\t\t\t\t<td class=\"td-0\"><b>Temperature resistance: <\/b><\/td>\n\t\t\t\t\t\t\t<td class=\"td-1\">up to 60 \u00b0C<\/td>\n\t\t\t\t\t\t\t<td class=\"td-2\"><b>UV-\/Wetterbest\u00e4ndig:<\/b><\/td>\n\t\t\t\t\t\t\t<td class=\"td-last td-3\">yes<\/td>\n\t\t\t\t\t<\/tr>\n                        <\/tbody>\n                    <\/table>\n                <\/div>\n            <\/div>\n        <\/div>\n    <\/div>\n<\/body>\n<\/html>\n\t\t\t\t<\/div>\n\t\t\t\t<\/div>\n\t\t\t\t\t<\/div>\n\t\t<\/div>\n\t\t\t\t<div class=\"elementor-column elementor-col-33 elementor-top-column elementor-element elementor-element-42dec79\" data-id=\"42dec79\" data-element_type=\"column\" data-e-type=\"column\">\n\t\t\t<div class=\"elementor-widget-wrap elementor-element-populated\">\n\t\t\t\t\t\t<div class=\"elementor-element elementor-element-bf4da1e elementor-widget elementor-widget-spacer\" data-id=\"bf4da1e\" data-element_type=\"widget\" data-e-type=\"widget\" data-widget_type=\"spacer.default\">\n\t\t\t\t<div class=\"elementor-widget-container\">\n\t\t\t\t\t\t\t<div class=\"elementor-spacer\">\n\t\t\t<div class=\"elementor-spacer-inner\"><\/div>\n\t\t<\/div>\n\t\t\t\t\t\t<\/div>\n\t\t\t\t<\/div>\n\t\t\t\t<div class=\"elementor-element elementor-element-fc4cd32 elementor-widget elementor-widget-text-editor\" data-id=\"fc4cd32\" data-element_type=\"widget\" data-e-type=\"widget\" data-widget_type=\"text-editor.default\">\n\t\t\t\t<div class=\"elementor-widget-container\">\n\t\t\t\t\t\t\t\t\t<p><span style=\"color: #000000;\"><strong>Prices:<\/strong><\/span><br \/><span style=\"color: #000000;\">You can find the excerpt from our catalog<\/span> <a href=\"https:\/\/christianzang.de\/wp-content\/uploads\/2024\/12\/Katalog-2025.pdf#page=143\"><strong>here...<\/strong><\/a><br \/><span style=\"color: #000000;\">Ask for your personal shopping discount!<\/span><\/p>\t\t\t\t\t\t\t\t<\/div>\n\t\t\t\t<\/div>\n\t\t\t\t\t<\/div>\n\t\t<\/div>\n\t\t\t\t\t<\/div>\n\t\t<\/section>\n\t\t\t\t<section class=\"elementor-section elementor-top-section elementor-element elementor-element-d159ef4 elementor-section-full_width elementor-section-height-default elementor-section-height-default\" data-id=\"d159ef4\" data-element_type=\"section\" data-e-type=\"section\">\n\t\t\t\t\t\t<div class=\"elementor-container elementor-column-gap-default\">\n\t\t\t\t\t<div class=\"elementor-column elementor-col-100 elementor-top-column elementor-element elementor-element-5737966\" data-id=\"5737966\" data-element_type=\"column\" data-e-type=\"column\">\n\t\t\t<div class=\"elementor-widget-wrap elementor-element-populated\">\n\t\t\t\t\t\t<div class=\"elementor-element elementor-element-d348161 elementor-widget elementor-widget-heading\" data-id=\"d348161\" data-element_type=\"widget\" data-e-type=\"widget\" data-widget_type=\"heading.default\">\n\t\t\t\t<div class=\"elementor-widget-container\">\n\t\t\t\t\t<div class=\"elementor-heading-title elementor-size-default\">All widths from 3.00 mm to 1,260.00 mm can be cut at short notice and delivered immediately at no extra charge.<\/div>\t\t\t\t<\/div>\n\t\t\t\t<\/div>\n\t\t\t\t\t<\/div>\n\t\t<\/div>\n\t\t\t\t\t<\/div>\n\t\t<\/section>\n\t\t\t\t<section class=\"elementor-section elementor-top-section elementor-element elementor-element-f08fbaa elementor-section-full_width elementor-section-height-default elementor-section-height-default\" data-id=\"f08fbaa\" data-element_type=\"section\" data-e-type=\"section\">\n\t\t\t\t\t\t<div class=\"elementor-container elementor-column-gap-default\">\n\t\t\t\t\t<div class=\"elementor-column elementor-col-66 elementor-top-column elementor-element elementor-element-a7d2170\" data-id=\"a7d2170\" data-element_type=\"column\" data-e-type=\"column\">\n\t\t\t<div class=\"elementor-widget-wrap elementor-element-populated\">\n\t\t\t\t\t\t<div class=\"elementor-element elementor-element-4e282f2 elementor-widget elementor-widget-html\" data-id=\"4e282f2\" data-element_type=\"widget\" data-e-type=\"widget\" data-widget_type=\"html.default\">\n\t\t\t\t<div class=\"elementor-widget-container\">\n\t\t\t\t\t<div class=\"scroll-wrapper\">\n  <div class=\"table_scrollbox\">\n    <table class=\"scrolltable\">\n      <thead>\n        <tr>\n      <tbody>\n                            <th>Art.-Nr.<\/th>\n                            <th>Width mm<\/th>\n                            <th>m per roll<\/th>\n      <\/tbody>\n        <\/tr>\n      <\/thead>\n      <tbody>\n\t\t\t\t\t<tr class=\"tr-odd tr-1\">\n\t\t\t\t\t\t\t<td class=\"td-0\">rem-3mm<\/td>\n\t\t\t\t\t\t\t<td class=\"td-1\">  3,00<\/td>\n\t\t\t\t\t\t\t<td class=\"td-last td-2\">33<\/td>\n\t\t\t\t\t<\/tr>\n\t\t\t\t\t<tr class=\"tr-even tr-2\">\n\t\t\t\t\t\t\t<td class=\"td-0\">rem-5mm<\/td>\n\t\t\t\t\t\t\t<td class=\"td-1\">  5,00<\/td>\n\t\t\t\t\t\t\t<td class=\"td-last td-2\">33<\/td>\n\t\t\t\t\t<\/tr>\n\t\t\t\t\t<tr class=\"tr-odd tr-3\">\n\t\t\t\t\t\t\t<td class=\"td-0\">rem-10mm<\/td>\n\t\t\t\t\t\t\t<td class=\"td-1\">10,00<\/td>\n\t\t\t\t\t\t\t<td class=\"td-last td-2\">33<\/td>\n\t\t\t\t\t<\/tr>\n\t\t\t\t\t<tr class=\"tr-even tr-4\">\n\t\t\t\t\t\t\t<td class=\"td-0\">rem-12mm<\/td>\n\t\t\t\t\t\t\t<td class=\"td-1\">12,00<\/td>\n\t\t\t\t\t\t\t<td class=\"td-last td-2\">33<\/td>\n\t\t\t\t\t<\/tr>\n\t\t\t\t\t<tr class=\"tr-odd tr-5\">\n\t\t\t\t\t\t\t<td class=\"td-0\">rem-15mm<\/td>\n\t\t\t\t\t\t\t<td class=\"td-1\">15,00<\/td>\n\t\t\t\t\t\t\t<td class=\"td-last td-2\">33<\/td>\n\t\t\t\t\t<\/tr>\n\t\t\t\t\t<tr class=\"tr-even tr-6\">\n\t\t\t\t\t\t\t<td class=\"td-0\">rem-19mm<\/td>\n\t\t\t\t\t\t\t<td class=\"td-1\">19,00<\/td>\n\t\t\t\t\t\t\t<td class=\"td-last td-2\">33<\/td>\n\t\t\t\t\t<\/tr>\n\t\t\t\t\t<tr class=\"tr-odd tr-7\">\n\t\t\t\t\t\t\t<td class=\"td-0\">rem-20mm<\/td>\n\t\t\t\t\t\t\t<td class=\"td-1\">20,00<\/td>\n\t\t\t\t\t\t\t<td class=\"td-last td-2\">33<\/td>\n\t\t\t\t\t<\/tr>\n\t\t\t\t\t<tr class=\"tr-even tr-8\">\n\t\t\t\t\t\t\t<td class=\"td-0\">rem-25mm<\/td>\n\t\t\t\t\t\t\t<td class=\"td-1\">25,00<\/td>\n\t\t\t\t\t\t\t<td class=\"td-last td-2\">33<\/td>\n\t\t\t\t\t<\/tr>\n\t\t\t\t\t<tr class=\"tr-odd tr-9\">\n\t\t\t\t\t\t\t<td class=\"td-0\">rem-30mm<\/td>\n\t\t\t\t\t\t\t<td class=\"td-1\">30,00<\/td>\n\t\t\t\t\t\t\t<td class=\"td-last td-2\">33<\/td>\n\t\t\t\t\t<\/tr>\n\t\t\t\t\t<tr class=\"tr-even tr-10\">\n\t\t\t\t\t\t\t<td class=\"td-0\">rem-40mm<\/td>\n\t\t\t\t\t\t\t<td class=\"td-1\">40,00<\/td>\n\t\t\t\t\t\t\t<td class=\"td-last td-2\">33<\/td>\n\t\t\t\t\t<\/tr>\n\t\t\t\t\t<tr class=\"tr-odd tr-11\">\n\t\t\t\t\t\t\t<td class=\"td-0\">rem-50mm<\/td>\n\t\t\t\t\t\t\t<td class=\"td-1\">50,00<\/td>\n\t\t\t\t\t\t\t<td class=\"td-last td-2\">33<\/td>\n\t\t\t\t\t<\/tr>\n\t\t\t\t\t<tr class=\"tr-even tr-12\">\n\t\t\t\t\t\t\t<td class=\"td-0\">rem-60mm<\/td>\n\t\t\t\t\t\t\t<td class=\"td-1\">60,00<\/td>\n\t\t\t\t\t\t\t<td class=\"td-last td-2\">33<\/td>\n\t\t\t\t\t<\/tr>\n\t\t\t\t\t<tr class=\"tr-odd tr-13\">\n\t\t\t\t\t\t\t<td class=\"td-0\">rem-70mm<\/td>\n\t\t\t\t\t\t\t<td class=\"td-1\">70,00<\/td>\n\t\t\t\t\t\t\t<td class=\"td-last td-2\">33<\/td>\n\t\t\t\t\t<\/tr>\n\t\t\t\t\t<tr class=\"tr-even tr-14\">\n\t\t\t\t\t\t\t<td class=\"td-0\">rem-80mm<\/td>\n\t\t\t\t\t\t\t<td class=\"td-1\">80,00<\/td>\n\t\t\t\t\t\t\t<td class=\"td-last td-2\">33<\/td>\n\t\t\t\t\t<\/tr>\n\t\t\t\t\t<tr class=\"tr-odd tr-15\">\n\t\t\t\t\t\t\t<td class=\"td-0\">rem-90mm<\/td>\n\t\t\t\t\t\t\t<td class=\"td-1\">90,00<\/td>\n\t\t\t\t\t\t\t<td class=\"td-last td-2\">33<\/td>\n\t\t\t\t\t<\/tr>\n\t\t\t\t\t<tr class=\"tr-even tr-16\">\n\t\t\t\t\t\t\t<td class=\"td-0\">rem-100mm<\/td>\n\t\t\t\t\t\t\t<td class=\"td-1\">100,00<\/td>\n\t\t\t\t\t\t\t<td class=\"td-last td-2\">33<\/td>\n\t\t\t\t\t<\/tr>\n\t\t\t\t\t<tr class=\"tr-odd tr-17\">\n\t\t\t\t\t\t\t<td class=\"td-0\">rem-150mm<\/td>\n\t\t\t\t\t\t\t<td class=\"td-1\">150,00<\/td>\n\t\t\t\t\t\t\t<td class=\"td-last td-2\">33<\/td>\n\t\t\t\t\t<\/tr>\n\t\t\t\t\t<tr class=\"tr-even tr-18\">\n\t\t\t\t\t\t\t<td class=\"td-0\">rem-200mm<\/td>\n\t\t\t\t\t\t\t<td class=\"td-1\">200,00<\/td>\n\t\t\t\t\t\t\t<td class=\"td-last td-2\">33<\/td>\n\t\t\t\t\t<\/tr>\n\t\t\t\t\t<tr class=\"tr-odd tr-19\">\n\t\t\t\t\t\t\t<td class=\"td-0\">rem-250mm<\/td>\n\t\t\t\t\t\t\t<td class=\"td-1\">250,00<\/td>\n\t\t\t\t\t\t\t<td class=\"td-last td-2\">33<\/td>\n\t\t\t\t\t<\/tr>\n\t\t\t\t\t<tr class=\"tr-even tr-20\">\n\t\t\t\t\t\t\t<td class=\"td-0\">rem-300mm<\/td>\n\t\t\t\t\t\t\t<td class=\"td-1\">300,00<\/td>\n\t\t\t\t\t\t\t<td class=\"td-last td-2\">33<\/td>\n\t\t\t\t\t<\/tr>\n\t\t\t\t\t<tr class=\"tr-odd tr-21\">\n\t\t\t\t\t\t\t<td class=\"td-0\">rem-400mm<\/td>\n\t\t\t\t\t\t\t<td class=\"td-1\">400,00<\/td>\n\t\t\t\t\t\t\t<td class=\"td-last td-2\">33<\/td>\n\t\t\t\t\t<\/tr>\n\t\t\t\t\t<tr class=\"tr-even tr-22\">\n\t\t\t\t\t\t\t<td class=\"td-0\">rem-500mm<\/td>\n\t\t\t\t\t\t\t<td class=\"td-1\">500,00<\/td>\n\t\t\t\t\t\t\t<td class=\"td-last td-2\">33<\/td>\n\t\t\t\t\t<\/tr>\n\t\t\t\t\t<tr class=\"tr-odd tr-23\">\n\t\t\t\t\t\t\t<td class=\"td-0\">rem-600mm<\/td>\n\t\t\t\t\t\t\t<td class=\"td-1\">600,00<\/td>\n\t\t\t\t\t\t\t<td class=\"td-last td-2\">33<\/td>\n\t\t\t\t\t<\/tr>\n\t\t\t\t\t<tr class=\"tr-even tr-24\">\n\t\t\t\t\t\t\t<td class=\"td-0\">rem-700mm<\/td>\n\t\t\t\t\t\t\t<td class=\"td-1\">700,00<\/td>\n\t\t\t\t\t\t\t<td class=\"td-last td-2\">33<\/td>\n\t\t\t\t\t<\/tr>\n\t\t\t\t\t<tr class=\"tr-odd tr-25\">\n\t\t\t\t\t\t\t<td class=\"td-0\">rem-800mm<\/td>\n\t\t\t\t\t\t\t<td class=\"td-1\">800,00<\/td>\n\t\t\t\t\t\t\t<td class=\"td-last td-2\">33<\/td>\n\t\t\t\t\t<\/tr>\n\t\t\t\t\t<tr class=\"tr-even tr-26\">\n\t\t\t\t\t\t\t<td class=\"td-0\">rem-900mm<\/td>\n\t\t\t\t\t\t\t<td class=\"td-1\">900,00<\/td>\n\t\t\t\t\t\t\t<td class=\"td-last td-2\">33<\/td>\n\t\t\t\t\t<\/tr>\n\t\t\t\t\t<tr class=\"tr-odd tr-last\">\n\t\t\t\t\t\t\t<td class=\"td-0\">rem-1000mm<\/td>\n\t\t\t\t\t\t\t<td class=\"td-1\">1000,00<\/td>\n\t\t\t\t\t\t\t<td class=\"td-last td-2\">33<\/td>\n\t\t\t\t\t<\/tr>\n      <\/tbody>\n    <\/table>\n  <\/div>\n<\/div>\n\n<style>\n.scroll-wrapper {\n  overflow-x: auto !important;\n  -webkit-overflow-scrolling: touch;\n  width: 100%;\n}\n\n.table_scrollbox {\n  background-color: #fff;\n  position: relative;\n  max-height: 400px;\n  overflow-y: auto;\n  border: 1px solid #ccc;\n  border-radius: 6px;\n  min-width: 700px; \/* Wichtig: erzeugt horizontalen Scroll *\/\n}\n\n.scrolltable {\n  width: 100%;\n  border-collapse: collapse;\n}\n\n.scrolltable th, .scrolltable td {\n  padding: 10px 14px;\n  text-align: left;\n  white-space: nowrap;\n  font-size: 14px;\n  border-bottom: 1px solid #ddd;\n}\n\n.scrolltable th {\n  background-color: #f2f2f2;\n  color: #B6121D;\n  position: sticky;\n  top: 0;\n  z-index: 2;\n  box-shadow: 0 2px 2px -1px rgba(0, 0, 0, 0.4);\n}\n\n.scrolltable thead::before {\n  content: '';\n  position: sticky;\n  top: 0;\n  display: block;\n  height: 1px;\n  background-color: #fff;\n  z-index: 3;\n}\n\n.scrolltable tbody tr:nth-child(odd) {\n  background-color: #e9e9e9 !important;\n}\n\n.scrolltable tbody tr:nth-child(even) {\n  background-color: #ffffff;\n}\n<\/style>\n\t\t\t\t<\/div>\n\t\t\t\t<\/div>\n\t\t\t\t\t<\/div>\n\t\t<\/div>\n\t\t\t\t<div class=\"elementor-column elementor-col-33 elementor-top-column elementor-element elementor-element-c3dbad8\" data-id=\"c3dbad8\" data-element_type=\"column\" data-e-type=\"column\">\n\t\t\t<div class=\"elementor-widget-wrap\">\n\t\t\t\t\t\t\t<\/div>\n\t\t<\/div>\n\t\t\t\t\t<\/div>\n\t\t<\/section>\n\t\t\t\t<\/div>","protected":false},"excerpt":{"rendered":"<p>Abdeckband Removable 60 \u00b0C Removable Abdeckband mit einer St\u00e4rke von 0,14 mm dient als Schutzklebeband f\u00fcr beschichtete Teile.Es l\u00e4sst sich [&hellip;]<\/p>\n","protected":false},"author":5,"featured_media":0,"parent":0,"menu_order":0,"comment_status":"closed","ping_status":"closed","template":"","meta":{"site-sidebar-layout":"default","site-content-layout":"","ast-site-content-layout":"default","site-content-style":"default","site-sidebar-style":"default","ast-global-header-display":"","ast-banner-title-visibility":"","ast-main-header-display":"","ast-hfb-above-header-display":"","ast-hfb-below-header-display":"","ast-hfb-mobile-header-display":"","site-post-title":"","ast-breadcrumbs-content":"","ast-featured-img":"","footer-sml-layout":"","ast-disable-related-posts":"","theme-transparent-header-meta":"","adv-header-id-meta":"","stick-header-meta":"","header-above-stick-meta":"","header-main-stick-meta":"","header-below-stick-meta":"","astra-migrate-meta-layouts":"default","ast-page-background-enabled":"default","ast-page-background-meta":{"desktop":{"background-color":"var(--ast-global-color-5)","background-image":"","background-repeat":"repeat","background-position":"center center","background-size":"auto","background-attachment":"scroll","background-type":"","background-media":"","overlay-type":"","overlay-color":"","overlay-opacity":"","overlay-gradient":""},"tablet":{"background-color":"","background-image":"","background-repeat":"repeat","background-position":"center center","background-size":"auto","background-attachment":"scroll","background-type":"","background-media":"","overlay-type":"","overlay-color":"","overlay-opacity":"","overlay-gradient":""},"mobile":{"background-color":"","background-image":"","background-repeat":"repeat","background-position":"center center","background-size":"auto","background-attachment":"scroll","background-type":"","background-media":"","overlay-type":"","overlay-color":"","overlay-opacity":"","overlay-gradient":""}},"ast-content-background-meta":{"desktop":{"background-color":"var(--ast-global-color-4)","background-image":"","background-repeat":"repeat","background-position":"center center","background-size":"auto","background-attachment":"scroll","background-type":"","background-media":"","overlay-type":"","overlay-color":"","overlay-opacity":"","overlay-gradient":""},"tablet":{"background-color":"var(--ast-global-color-4)","background-image":"","background-repeat":"repeat","background-position":"center center","background-size":"auto","background-attachment":"scroll","background-type":"","background-media":"","overlay-type":"","overlay-color":"","overlay-opacity":"","overlay-gradient":""},"mobile":{"background-color":"var(--ast-global-color-4)","background-image":"","background-repeat":"repeat","background-position":"center center","background-size":"auto","background-attachment":"scroll","background-type":"","background-media":"","overlay-type":"","overlay-color":"","overlay-opacity":"","overlay-gradient":""}},"footnotes":""},"class_list":["post-13981","page","type-page","status-publish","hentry"],"_links":{"self":[{"href":"https:\/\/christianzang.de\/en\/wp-json\/wp\/v2\/pages\/13981","targetHints":{"allow":["GET"]}}],"collection":[{"href":"https:\/\/christianzang.de\/en\/wp-json\/wp\/v2\/pages"}],"about":[{"href":"https:\/\/christianzang.de\/en\/wp-json\/wp\/v2\/types\/page"}],"author":[{"embeddable":true,"href":"https:\/\/christianzang.de\/en\/wp-json\/wp\/v2\/users\/5"}],"replies":[{"embeddable":true,"href":"https:\/\/christianzang.de\/en\/wp-json\/wp\/v2\/comments?post=13981"}],"version-history":[{"count":6,"href":"https:\/\/christianzang.de\/en\/wp-json\/wp\/v2\/pages\/13981\/revisions"}],"predecessor-version":[{"id":19553,"href":"https:\/\/christianzang.de\/en\/wp-json\/wp\/v2\/pages\/13981\/revisions\/19553"}],"wp:attachment":[{"href":"https:\/\/christianzang.de\/en\/wp-json\/wp\/v2\/media?parent=13981"}],"curies":[{"name":"wp","href":"https:\/\/api.w.org\/{rel}","templated":true}]}}