{"id":14218,"date":"2024-12-04T10:49:54","date_gmt":"2024-12-04T09:49:54","guid":{"rendered":"https:\/\/christianzang.de\/?page_id=14218"},"modified":"2025-05-12T11:13:30","modified_gmt":"2025-05-12T09:13:30","slug":"polyester-klebepunkte-teilweise-als-slitback-gruen-220c","status":"publish","type":"page","link":"https:\/\/christianzang.de\/en\/polyester-klebepunkte-teilweise-als-slitback-gruen-220c\/","title":{"rendered":"Polyester adhesive dots PT219-S green, partially slitback"},"content":{"rendered":"<div data-elementor-type=\"wp-page\" data-elementor-id=\"14218\" class=\"elementor elementor-14218\">\n\t\t\t\t\t\t<section class=\"elementor-section elementor-top-section elementor-element elementor-element-42796df elementor-section-full_width elementor-section-height-default elementor-section-height-default\" data-id=\"42796df\" data-element_type=\"section\" data-e-type=\"section\">\n\t\t\t\t\t\t<div class=\"elementor-container elementor-column-gap-default\">\n\t\t\t\t\t<div class=\"elementor-column elementor-col-100 elementor-top-column elementor-element elementor-element-6b7834b\" data-id=\"6b7834b\" data-element_type=\"column\" data-e-type=\"column\">\n\t\t\t<div class=\"elementor-widget-wrap elementor-element-populated\">\n\t\t\t\t\t\t<div class=\"elementor-element elementor-element-b073d82 elementor-widget elementor-widget-heading\" data-id=\"b073d82\" data-element_type=\"widget\" data-e-type=\"widget\" data-widget_type=\"heading.default\">\n\t\t\t\t<div class=\"elementor-widget-container\">\n\t\t\t\t\t<h1 class=\"elementor-heading-title elementor-size-default\">Polyester Klebepunkte teilweise als Slitback, gr\u00fcn 220 \u00b0C (patentiert)<\/h1>\t\t\t\t<\/div>\n\t\t\t\t<\/div>\n\t\t\t\t\t<\/div>\n\t\t<\/div>\n\t\t\t\t\t<\/div>\n\t\t<\/section>\n\t\t\t\t<section class=\"elementor-section elementor-top-section elementor-element elementor-element-8ae9ce5 elementor-section-full_width elementor-section-height-default elementor-section-height-default\" data-id=\"8ae9ce5\" data-element_type=\"section\" data-e-type=\"section\">\n\t\t\t\t\t\t<div class=\"elementor-container elementor-column-gap-default\">\n\t\t\t\t\t<div class=\"elementor-column elementor-col-100 elementor-top-column elementor-element elementor-element-d0de03e\" data-id=\"d0de03e\" data-element_type=\"column\" data-e-type=\"column\">\n\t\t\t<div class=\"elementor-widget-wrap elementor-element-populated\">\n\t\t\t\t\t\t<div class=\"elementor-element elementor-element-c889632 elementor-widget-divider--view-line elementor-widget elementor-widget-divider\" data-id=\"c889632\" data-element_type=\"widget\" data-e-type=\"widget\" data-widget_type=\"divider.default\">\n\t\t\t\t<div class=\"elementor-widget-container\">\n\t\t\t\t\t\t\t<div class=\"elementor-divider\">\n\t\t\t<span class=\"elementor-divider-separator\">\n\t\t\t\t\t\t<\/span>\n\t\t<\/div>\n\t\t\t\t\t\t<\/div>\n\t\t\t\t<\/div>\n\t\t\t\t\t<\/div>\n\t\t<\/div>\n\t\t\t\t\t<\/div>\n\t\t<\/section>\n\t\t\t\t<section class=\"elementor-section elementor-top-section elementor-element elementor-element-e708a6c elementor-section-full_width elementor-section-height-default elementor-section-height-default\" data-id=\"e708a6c\" data-element_type=\"section\" data-e-type=\"section\">\n\t\t\t\t\t\t<div class=\"elementor-container elementor-column-gap-default\">\n\t\t\t\t\t<div class=\"elementor-column elementor-col-66 elementor-top-column elementor-element elementor-element-5302448\" data-id=\"5302448\" data-element_type=\"column\" data-e-type=\"column\">\n\t\t\t<div class=\"elementor-widget-wrap elementor-element-populated\">\n\t\t\t\t\t\t<div class=\"elementor-element elementor-element-1412805 elementor-widget elementor-widget-image\" data-id=\"1412805\" data-element_type=\"widget\" data-e-type=\"widget\" data-widget_type=\"image.default\">\n\t\t\t\t<div class=\"elementor-widget-container\">\n\t\t\t\t\t\t\t\t\t\t\t\t\t\t\t<img fetchpriority=\"high\" decoding=\"async\" width=\"1024\" height=\"233\" src=\"https:\/\/christianzang.de\/wp-content\/uploads\/2024\/12\/PT-220-S-Polyester-Klebepunkte-teilweise-als-Slitback-220\u00b0C-Kopie-3-1024x233.png\" class=\"attachment-large size-large wp-image-14221\" alt=\"\" srcset=\"https:\/\/christianzang.de\/wp-content\/uploads\/2024\/12\/PT-220-S-Polyester-Klebepunkte-teilweise-als-Slitback-220\u00b0C-Kopie-3-1024x233.png 1024w, https:\/\/christianzang.de\/wp-content\/uploads\/2024\/12\/PT-220-S-Polyester-Klebepunkte-teilweise-als-Slitback-220\u00b0C-Kopie-3-300x68.png 300w, https:\/\/christianzang.de\/wp-content\/uploads\/2024\/12\/PT-220-S-Polyester-Klebepunkte-teilweise-als-Slitback-220\u00b0C-Kopie-3-768x174.png 768w, https:\/\/christianzang.de\/wp-content\/uploads\/2024\/12\/PT-220-S-Polyester-Klebepunkte-teilweise-als-Slitback-220\u00b0C-Kopie-3-1536x349.png 1536w, https:\/\/christianzang.de\/wp-content\/uploads\/2024\/12\/PT-220-S-Polyester-Klebepunkte-teilweise-als-Slitback-220\u00b0C-Kopie-3-2048x465.png 2048w\" sizes=\"(max-width: 1024px) 100vw, 1024px\" \/>\t\t\t\t\t\t\t\t\t\t\t\t\t\t\t<\/div>\n\t\t\t\t<\/div>\n\t\t\t\t\t<\/div>\n\t\t<\/div>\n\t\t\t\t<div class=\"elementor-column elementor-col-33 elementor-top-column elementor-element elementor-element-c29c1a4\" data-id=\"c29c1a4\" data-element_type=\"column\" data-e-type=\"column\">\n\t\t\t<div class=\"elementor-widget-wrap elementor-element-populated\">\n\t\t\t\t\t\t<div class=\"elementor-element elementor-element-5f3ca04 elementor-widget elementor-widget-text-editor\" data-id=\"5f3ca04\" data-element_type=\"widget\" data-e-type=\"widget\" data-widget_type=\"text-editor.default\">\n\t\t\t\t<div class=\"elementor-widget-container\">\n\t\t\t\t\t\t\t\t\t<p class=\"bodytext\"><span style=\"color: #000000;\">Hitzebest\u00e4ndige Polyester-Klebepunkte in einer St\u00e4rke von 0,09 mm und einer Temperaturbest\u00e4ndigkeit bis plus 220 \u00b0C.<\/span><br \/><span style=\"color: #000000;\">Excellent acid and solvent resistance, can be removed without leaving any residue even when cold.<\/span><\/p><p class=\"bodytext\"><b><span style=\"color: #000000;\">Standard lieferbar als Klebepunkte, au\u00dferdem k\u00f6nnen Stanzteile nach Zeichnung oder Muster f\u00fcr Sie auf Tr\u00e4gerfolie kaschiert werden (<\/span><a href=\"https:\/\/christianzang.de\/en\/sonderformen\/\">s. Stanzformen<\/a><span style=\"color: #000000;\">).<\/span><\/b><b><\/b><\/p>\t\t\t\t\t\t\t\t<\/div>\n\t\t\t\t<\/div>\n\t\t\t\t\t<\/div>\n\t\t<\/div>\n\t\t\t\t\t<\/div>\n\t\t<\/section>\n\t\t\t\t<section class=\"elementor-section elementor-top-section elementor-element elementor-element-f08fbaa elementor-section-full_width elementor-section-height-default elementor-section-height-default\" data-id=\"f08fbaa\" data-element_type=\"section\" data-e-type=\"section\">\n\t\t\t\t\t\t<div class=\"elementor-container elementor-column-gap-default\">\n\t\t\t\t\t<div class=\"elementor-column elementor-col-66 elementor-top-column elementor-element elementor-element-a7d2170\" data-id=\"a7d2170\" data-element_type=\"column\" data-e-type=\"column\">\n\t\t\t<div class=\"elementor-widget-wrap elementor-element-populated\">\n\t\t\t\t\t\t<div class=\"elementor-element elementor-element-4e282f2 elementor-widget elementor-widget-html\" data-id=\"4e282f2\" data-element_type=\"widget\" data-e-type=\"widget\" data-widget_type=\"html.default\">\n\t\t\t\t<div class=\"elementor-widget-container\">\n\t\t\t\t\t<div class=\"scroll-wrapper\">\n  <div class=\"table_scrollbox\">\n    <table class=\"scrolltable\">\n      <thead>\n        <tr>\n      <tbody>\n                            <th>Art.-Nr.<\/th>\n                            <th>\u00d8 in mm<\/th>\n                            <th>Anzahl pro Rolle<\/th>\n      <\/tbody>\n        <\/tr>\n      <\/thead>\n      <tbody>\n<tr class=\"tr-odd tr-1\">\n<td class=\"td-0\">pt00118<\/td>\n<td class=\"td-1\">3,00<\/td>\n<td class=\"td-last td-2\">2000<\/td>\n<\/tr>\n<tr class=\"tr-even tr-2\">\n<td class=\"td-0\">pt00157<\/td>\n<td class=\"td-1\">4,00<\/td>\n<td class=\"td-last td-2\">2000<\/td>\n<\/tr>\n<tr class=\"tr-odd tr-3\">\n<td class=\"td-0\">pt00187<\/td>\n<td class=\"td-1\">4,80<\/td>\n<td class=\"td-last td-2\">2000<\/td>\n<\/tr>\n<tr class=\"tr-even tr-4\">\n<td class=\"td-0\">pt00197<\/td>\n<td class=\"td-1\">5,00<\/td>\n<td class=\"td-last td-2\">2000<\/td>\n<\/tr>\n<tr class=\"tr-odd tr-5\">\n<td class=\"td-0\">pt00236<\/td>\n<td class=\"td-1\">6,00<\/td>\n<td class=\"td-last td-2\">2000<\/td>\n<\/tr>\n<tr class=\"tr-even tr-6\">\n<td class=\"td-0\">pt00250<\/td>\n<td class=\"td-1\">6,40<\/td>\n<td class=\"td-last td-2\">2000<\/td>\n<\/tr>\n<tr class=\"tr-odd tr-7\">\n<td class=\"td-0\">pt00312<\/td>\n<td class=\"td-1\">7,90<\/td>\n<td class=\"td-last td-2\">2000<\/td>\n<\/tr>\n<tr class=\"tr-even tr-8\">\n<td class=\"td-0\">pt00315-S<\/td>\n<td class=\"td-1\">8,00<\/td>\n<td class=\"td-last td-2\">2000<\/td>\n<\/tr>\n<tr class=\"tr-odd tr-9\">\n<td class=\"td-0\">pt00355-S<\/td>\n<td class=\"td-1\">9,00<\/td>\n<td class=\"td-last td-2\">2000<\/td>\n<\/tr>\n<tr class=\"tr-even tr-10\">\n<td class=\"td-0\">pt00375<\/td>\n<td class=\"td-1\">9,50<\/td>\n<td class=\"td-last td-2\">2000<\/td>\n<\/tr>\n<tr class=\"tr-odd tr-11\">\n<td class=\"td-0\">pt00394-S<\/td>\n<td class=\"td-1\">10,00<\/td>\n<td class=\"td-last td-2\">2000<\/td>\n<\/tr>\n<tr class=\"tr-even tr-12\">\n<td class=\"td-0\">pt00433-S<\/td>\n<td class=\"td-1\">11,00<\/td>\n<td class=\"td-last td-2\">2000<\/td>\n<\/tr>\n<tr class=\"tr-odd tr-13\">\n<td class=\"td-0\">pt00437<\/td>\n<td class=\"td-1\">11,10<\/td>\n<td class=\"td-last td-2\">2000<\/td>\n<\/tr>\n<tr class=\"tr-even tr-14\">\n<td class=\"td-0\">pt00472-S<\/td>\n<td class=\"td-1\">12,00<\/td>\n<td class=\"td-last td-2\">2000<\/td>\n<\/tr>\n<tr class=\"tr-odd tr-15\">\n<td class=\"td-0\">pt00500<\/td>\n<td class=\"td-1\">12,70<\/td>\n<td class=\"td-last td-2\">2000<\/td>\n<\/tr>\n<tr class=\"tr-even tr-16\">\n<td class=\"td-0\">pt00512-S<\/td>\n<td class=\"td-1\">13,00<\/td>\n<td class=\"td-last td-2\">2000<\/td>\n<\/tr>\n<tr class=\"tr-odd tr-17\">\n<td class=\"td-0\">pt00551-S<\/td>\n<td class=\"td-1\">14,00<\/td>\n<td class=\"td-last td-2\">2000<\/td>\n<\/tr>\n<tr class=\"tr-even tr-18\">\n<td class=\"td-0\">pt00591-S<\/td>\n<td class=\"td-1\">15,00<\/td>\n<td class=\"td-last td-2\">2000<\/td>\n<\/tr>\n<tr class=\"tr-odd tr-19\">\n<td class=\"td-0\">pt00625-S<\/td>\n<td class=\"td-1\">16,00<\/td>\n<td class=\"td-last td-2\">1000<\/td>\n<\/tr>\n<tr class=\"tr-even tr-20\">\n<td class=\"td-0\">pt00687<\/td>\n<td class=\"td-1\">17,40<\/td>\n<td class=\"td-last td-2\">1000<\/td>\n<\/tr>\n<tr class=\"tr-odd tr-21\">\n<td class=\"td-0\">pt00690-S<\/td>\n<td class=\"td-1\">17,50<\/td>\n<td class=\"td-last td-2\">1000<\/td>\n<\/tr>\n<tr class=\"tr-even tr-22\">\n<td class=\"td-0\">pt00709-S<\/td>\n<td class=\"td-1\">18,00<\/td>\n<td class=\"td-last td-2\">1000<\/td>\n<\/tr>\n<tr class=\"tr-odd tr-23\">\n<td class=\"td-0\">pt00750<\/td>\n<td class=\"td-1\">19,00<\/td>\n<td class=\"td-last td-2\">1000<\/td>\n<\/tr>\n<tr class=\"tr-even tr-24\">\n<td class=\"td-0\">pt00787-S<\/td>\n<td class=\"td-1\">20,00<\/td>\n<td class=\"td-last td-2\">1000<\/td>\n<\/tr>\n<tr class=\"tr-odd tr-25\">\n<td class=\"td-0\">pt00812<\/td>\n<td class=\"td-1\">20,60<\/td>\n<td class=\"td-last td-2\">1000<\/td>\n<\/tr>\n<tr class=\"tr-even tr-26\">\n<td class=\"td-0\">pt00827-S<\/td>\n<td class=\"td-1\">21,00<\/td>\n<td class=\"td-last td-2\">1000<\/td>\n<\/tr>\n<tr class=\"tr-odd tr-27\">\n<td class=\"td-0\">pt00866-S<\/td>\n<td class=\"td-1\">22,00<\/td>\n<td class=\"td-last td-2\">1000<\/td>\n<\/tr>\n<tr class=\"tr-even tr-28\">\n<td class=\"td-0\">pt00875<\/td>\n<td class=\"td-1\">22,20<\/td>\n<td class=\"td-last td-2\">1000<\/td>\n<\/tr>\n<tr class=\"tr-odd tr-29\">\n<td class=\"td-0\">pt00937<\/td>\n<td class=\"td-1\">23,70<\/td>\n<td class=\"td-last td-2\">500<\/td>\n<\/tr>\n<tr class=\"tr-even tr-30\">\n<td class=\"td-0\">pt00984-S<\/td>\n<td class=\"td-1\">25,00<\/td>\n<td class=\"td-last td-2\">500<\/td>\n<\/tr>\n<tr class=\"tr-odd tr-31\">\n<td class=\"td-0\">pt01000<\/td>\n<td class=\"td-1\">25,40<\/td>\n<td class=\"td-last td-2\">500<\/td>\n<\/tr>\n<tr class=\"tr-even tr-32\">\n<td class=\"td-0\">pt01062<\/td>\n<td class=\"td-1\">27,00<\/td>\n<td class=\"td-last td-2\">500<\/td>\n<\/tr>\n<tr class=\"tr-odd tr-33\">\n<td class=\"td-0\">pt01103-S<\/td>\n<td class=\"td-1\">28,00<\/td>\n<td class=\"td-last td-2\">500<\/td>\n<\/tr>\n<tr class=\"tr-even tr-34\">\n<td class=\"td-0\">pt01125<\/td>\n<td class=\"td-1\">28,60<\/td>\n<td class=\"td-last td-2\">500<\/td>\n<\/tr>\n<tr class=\"tr-odd tr-35\">\n<td class=\"td-0\">pt01181-S<\/td>\n<td class=\"td-1\">30,00<\/td>\n<td class=\"td-last td-2\">500<\/td>\n<\/tr>\n<tr class=\"tr-even tr-36\">\n<td class=\"td-0\">pt01187<\/td>\n<td class=\"td-1\">30,20<\/td>\n<td class=\"td-last td-2\">500<\/td>\n<\/tr>\n<tr class=\"tr-odd tr-37\">\n<td class=\"td-0\">pt01250<\/td>\n<td class=\"td-1\">31,80<\/td>\n<td class=\"td-last td-2\">500<\/td>\n<\/tr>\n<tr class=\"tr-even tr-38\">\n<td class=\"td-0\">pt01261-S<\/td>\n<td class=\"td-1\">32,00<\/td>\n<td class=\"td-last td-2\">500<\/td>\n<\/tr>\n<tr class=\"tr-odd tr-39\">\n<td class=\"td-0\">pt01312<\/td>\n<td class=\"td-1\">33,30<\/td>\n<td class=\"td-last td-2\">500<\/td>\n<\/tr>\n<tr class=\"tr-even tr-40\">\n<td class=\"td-0\">pt01336-S<\/td>\n<td class=\"td-1\">33,90<\/td>\n<td class=\"td-last td-2\">500<\/td>\n<\/tr>\n<tr class=\"tr-odd tr-41\">\n<td class=\"td-0\">pt01375-S<\/td>\n<td class=\"td-1\">34,90<\/td>\n<td class=\"td-last td-2\">500<\/td>\n<\/tr>\n<tr class=\"tr-even tr-42\">\n<td class=\"td-0\">pt01437<\/td>\n<td class=\"td-1\">36,50<\/td>\n<td class=\"td-last td-2\">500<\/td>\n<\/tr>\n<tr class=\"tr-odd tr-43\">\n<td class=\"td-0\">pt01458-S<\/td>\n<td class=\"td-1\">37,00<\/td>\n<td class=\"td-last td-2\">500<\/td>\n<\/tr>\n<tr class=\"tr-even tr-44\">\n<td class=\"td-0\">pt01500<\/td>\n<td class=\"td-1\">38,10<\/td>\n<td class=\"td-last td-2\">500<\/td>\n<\/tr>\n<tr class=\"tr-odd tr-45\">\n<td class=\"td-0\">pt01535-S<\/td>\n<td class=\"td-1\">39,00<\/td>\n<td class=\"td-last td-2\">500<\/td>\n<\/tr>\n<tr class=\"tr-even tr-46\">\n<td class=\"td-0\">pt01562<\/td>\n<td class=\"td-1\">39,70<\/td>\n<td class=\"td-last td-2\">500<\/td>\n<\/tr>\n<tr class=\"tr-odd tr-47\">\n<td class=\"td-0\">pt01575-S<\/td>\n<td class=\"td-1\">40,00<\/td>\n<td class=\"td-last td-2\">500<\/td>\n<\/tr>\n<tr class=\"tr-even tr-48\">\n<td class=\"td-0\">pt01625<\/td>\n<td class=\"td-1\">41,30<\/td>\n<td class=\"td-last td-2\">250<\/td>\n<\/tr>\n<tr class=\"tr-odd tr-49\">\n<td class=\"td-0\">pt01687<\/td>\n<td class=\"td-1\">42,80<\/td>\n<td class=\"td-last td-2\">250<\/td>\n<\/tr>\n<tr class=\"tr-even tr-50\">\n<td class=\"td-0\">pt01750<\/td>\n<td class=\"td-1\">44,50<\/td>\n<td class=\"td-last td-2\">250<\/td>\n<\/tr>\n<\/tr>\n<tr class=\"tr-odd tr-51\">\n<td class=\"td-0\">pt01770-S<\/td>\n<td class=\"td-1\">45,00<\/td>\n<td class=\"td-last td-2\">250<\/td>\n<\/tr>\n<tr class=\"tr-even tr-52\">\n<td class=\"td-0\">pt01812<\/td>\n<td class=\"td-1\">46,00<\/td>\n<td class=\"td-last td-2\">250<\/td>\n<\/tr>\n<tr class=\"tr-odd tr-53\">\n<td class=\"td-0\">pt01937<\/td>\n<td class=\"td-1\">49,20<\/td>\n<td class=\"td-last td-2\">250<\/td>\n<\/tr>\n<tr class=\"tr-even tr-54\">\n<td class=\"td-0\">pt01969-S<\/td>\n<td class=\"td-1\">50,00<\/td>\n<td class=\"td-last td-2\">250<\/td>\n<\/tr>\n<tr class=\"tr-odd tr-55\">\n<td class=\"td-0\">pt02000<\/td>\n<td class=\"td-1\">50,80<\/td>\n<td class=\"td-last td-2\">100<\/td>\n<\/tr>\n<tr class=\"tr-even tr-56\">\n<td class=\"td-0\">pt02165-S<\/td>\n<td class=\"td-1\">55,00<\/td>\n<td class=\"td-last td-2\">100<\/td>\n<\/tr>\n<tr class=\"tr-odd tr-57\">\n<td class=\"td-0\">pt02205-S<\/td>\n<td class=\"td-1\">56,00<\/td>\n<td class=\"td-last td-2\">100<\/td>\n<\/tr>\n<tr class=\"tr-even tr-58\">\n<td class=\"td-0\">pt02362-S<\/td>\n<td class=\"td-1\">60,00<\/td>\n<td class=\"td-last td-2\">100<\/td>\n<\/tr>\n<tr class=\"tr-odd tr-59\">\n<td class=\"td-0\">pt02561-S<\/td>\n<td class=\"td-1\">65,00<\/td>\n<td class=\"td-last td-2\">100<\/td>\n<\/tr>\n<tr class=\"tr-even tr-60\">\n<td class=\"td-0\">pt02756-S<\/td>\n<td class=\"td-1\">70,00<\/td>\n<td class=\"td-last td-2\">100<\/td>\n<\/tr>\n<tr class=\"tr-odd tr-61\">\n<td class=\"td-0\">pt02953<\/td>\n<td class=\"td-1\">75,00<\/td>\n<td class=\"td-last td-2\">100<\/td>\n<\/tr>\n<tr class=\"tr-even tr-62\">\n<td class=\"td-0\">pt03000<\/td>\n<td class=\"td-1\">76,20<\/td>\n<td class=\"td-last td-2\">100<\/td>\n<\/tr>\n<tr class=\"tr-odd tr-63\">\n<td class=\"td-0\">pt03150-S<\/td>\n<td class=\"td-1\">80,00<\/td>\n<td class=\"td-last td-2\">100<\/td>\n<\/tr>\n<tr class=\"tr-even tr-64\">\n<td class=\"td-0\">pt03543-S<\/td>\n<td class=\"td-1\">90,00<\/td>\n<td class=\"td-last td-2\">100<\/td>\n<\/tr>\n<tr class=\"tr-odd tr-65\">\n<td class=\"td-0\">pt03937-S<\/td>\n<td class=\"td-1\">100,00<\/td>\n<td class=\"td-last td-2\">100<\/td>\n<\/tr>\n<tr class=\"tr-even tr-66\">\n<td class=\"td-0\">pt04000<\/td>\n<td class=\"td-1\">101,60<\/td>\n<td class=\"td-last td-2\">100<\/td>\n<\/tr>\n<tr class=\"tr-odd tr-67\">\n<td class=\"td-0\">pt04334-S<\/td>\n<td class=\"td-1\">110,00<\/td>\n<td class=\"td-last td-2\">100<\/td>\n<\/tr>\n<tr class=\"tr-even tr-68\">\n<td class=\"td-0\">pt04728-S<\/td>\n<td class=\"td-1\">120,00<\/td>\n<td class=\"td-last td-2\">100<\/td>\n<\/tr>\n<tr class=\"tr-odd tr-69\">\n<td class=\"td-0\">pt05000<\/td>\n<td class=\"td-1\">127,00<\/td>\n<td class=\"td-last td-2\">100<\/td>\n<\/tr>\n<tr class=\"tr-even tr-70\">\n<td class=\"td-0\">pt05122-S<\/td>\n<td class=\"td-1\">130,00<\/td>\n<td class=\"td-last td-2\">100<\/td>\n<\/tr>\n<tr class=\"tr-odd tr-last\">\n<td class=\"td-0\">pt06000<\/td>\n<td class=\"td-1\">152,40<\/td>\n<td class=\"td-last td-2\">100<\/td>\n<\/tr>\n      <\/tbody>\n    <\/table>\n  <\/div>\n<\/div>\n\n<style>\n.scroll-wrapper {\n  overflow-x: auto !important;\n  -webkit-overflow-scrolling: touch;\n  width: 100%;\n}\n\n.table_scrollbox {\n  background-color: #fff;\n  position: relative;\n  max-height: 400px;\n  overflow-y: auto;\n  border: 1px solid #ccc;\n  border-radius: 6px;\n  min-width: 700px; \/* Wichtig: erzeugt horizontalen Scroll *\/\n}\n\n.scrolltable {\n  width: 100%;\n  border-collapse: collapse;\n}\n\n.scrolltable th, .scrolltable td {\n  padding: 10px 14px;\n  text-align: left;\n  white-space: nowrap;\n  font-size: 14px;\n  border-bottom: 1px solid #ddd;\n}\n\n.scrolltable th {\n  background-color: #f2f2f2;\n  color: #B6121D;\n  position: sticky;\n  top: 0;\n  z-index: 2;\n  box-shadow: 0 2px 2px -1px rgba(0, 0, 0, 0.4);\n}\n\n.scrolltable thead::before {\n  content: '';\n  position: sticky;\n  top: 0;\n  display: block;\n  height: 1px;\n  background-color: #fff;\n  z-index: 3;\n}\n\n.scrolltable tbody tr:nth-child(odd) {\n  background-color: #e9e9e9 !important;\n}\n\n.scrolltable tbody tr:nth-child(even) {\n  background-color: #ffffff;\n}\n<\/style>\n\t\t\t\t<\/div>\n\t\t\t\t<\/div>\n\t\t\t\t\t<\/div>\n\t\t<\/div>\n\t\t\t\t<div class=\"elementor-column elementor-col-33 elementor-top-column elementor-element elementor-element-c3dbad8\" data-id=\"c3dbad8\" data-element_type=\"column\" data-e-type=\"column\">\n\t\t\t<div class=\"elementor-widget-wrap elementor-element-populated\">\n\t\t\t\t\t\t<div class=\"elementor-element elementor-element-09d2e63 elementor-widget elementor-widget-text-editor\" data-id=\"09d2e63\" data-element_type=\"widget\" data-e-type=\"widget\" data-widget_type=\"text-editor.default\">\n\t\t\t\t<div class=\"elementor-widget-container\">\n\t\t\t\t\t\t\t\t\t<p><span style=\"color: #000000;\"><b>Tips:<\/b><\/span><br \/><span style=\"color: #000000;\"><b>Test beforehand with two-color coatings!<\/b><\/span><br \/><span style=\"color: #000000;\"><b><br \/>Applications:<\/b><\/span><br \/><span style=\"color: #000000;\">Powder coating, cathodic electrocoating, wet paint, anodizing.<\/span><\/p><p><span style=\"color: #e41b1d;\"><b>Alle mit -S markierten Artikel werden mit Slitback geliefert. Durch die geschlitzte Tr\u00e4gerfolie lassen sich die Klebepunkte schnell abziehen und auf das Werkst\u00fcck bringen.<\/b><\/span><\/p><p><span style=\"color: #000000;\"><strong>Prices:<\/strong><\/span><br \/><span style=\"color: #000000;\">You can find the excerpt from our catalog<\/span> <a href=\"https:\/\/christianzang.de\/wp-content\/uploads\/2024\/12\/Katalog-2025.pdf#page=148\"><strong>here...<\/strong><\/a><br \/><span style=\"color: #000000;\">Ask for your personal shopping discount!<\/span><\/p>\t\t\t\t\t\t\t\t<\/div>\n\t\t\t\t<\/div>\n\t\t\t\t\t<\/div>\n\t\t<\/div>\n\t\t\t\t\t<\/div>\n\t\t<\/section>\n\t\t\t\t<\/div>","protected":false},"excerpt":{"rendered":"<p>Polyester Klebepunkte teilweise als Slitback, gr\u00fcn 220 \u00b0C (patentiert) Hitzebest\u00e4ndige Polyester-Klebepunkte in einer St\u00e4rke von 0,09 mm und einer Temperaturbest\u00e4ndigkeit [&hellip;]<\/p>\n","protected":false},"author":5,"featured_media":0,"parent":0,"menu_order":0,"comment_status":"closed","ping_status":"closed","template":"","meta":{"site-sidebar-layout":"default","site-content-layout":"","ast-site-content-layout":"default","site-content-style":"default","site-sidebar-style":"default","ast-global-header-display":"","ast-banner-title-visibility":"","ast-main-header-display":"","ast-hfb-above-header-display":"","ast-hfb-below-header-display":"","ast-hfb-mobile-header-display":"","site-post-title":"","ast-breadcrumbs-content":"","ast-featured-img":"","footer-sml-layout":"","ast-disable-related-posts":"","theme-transparent-header-meta":"","adv-header-id-meta":"","stick-header-meta":"","header-above-stick-meta":"","header-main-stick-meta":"","header-below-stick-meta":"","astra-migrate-meta-layouts":"default","ast-page-background-enabled":"default","ast-page-background-meta":{"desktop":{"background-color":"var(--ast-global-color-5)","background-image":"","background-repeat":"repeat","background-position":"center center","background-size":"auto","background-attachment":"scroll","background-type":"","background-media":"","overlay-type":"","overlay-color":"","overlay-opacity":"","overlay-gradient":""},"tablet":{"background-color":"","background-image":"","background-repeat":"repeat","background-position":"center center","background-size":"auto","background-attachment":"scroll","background-type":"","background-media":"","overlay-type":"","overlay-color":"","overlay-opacity":"","overlay-gradient":""},"mobile":{"background-color":"","background-image":"","background-repeat":"repeat","background-position":"center center","background-size":"auto","background-attachment":"scroll","background-type":"","background-media":"","overlay-type":"","overlay-color":"","overlay-opacity":"","overlay-gradient":""}},"ast-content-background-meta":{"desktop":{"background-color":"var(--ast-global-color-4)","background-image":"","background-repeat":"repeat","background-position":"center center","background-size":"auto","background-attachment":"scroll","background-type":"","background-media":"","overlay-type":"","overlay-color":"","overlay-opacity":"","overlay-gradient":""},"tablet":{"background-color":"var(--ast-global-color-4)","background-image":"","background-repeat":"repeat","background-position":"center center","background-size":"auto","background-attachment":"scroll","background-type":"","background-media":"","overlay-type":"","overlay-color":"","overlay-opacity":"","overlay-gradient":""},"mobile":{"background-color":"var(--ast-global-color-4)","background-image":"","background-repeat":"repeat","background-position":"center center","background-size":"auto","background-attachment":"scroll","background-type":"","background-media":"","overlay-type":"","overlay-color":"","overlay-opacity":"","overlay-gradient":""}},"footnotes":""},"class_list":["post-14218","page","type-page","status-publish","hentry"],"_links":{"self":[{"href":"https:\/\/christianzang.de\/en\/wp-json\/wp\/v2\/pages\/14218","targetHints":{"allow":["GET"]}}],"collection":[{"href":"https:\/\/christianzang.de\/en\/wp-json\/wp\/v2\/pages"}],"about":[{"href":"https:\/\/christianzang.de\/en\/wp-json\/wp\/v2\/types\/page"}],"author":[{"embeddable":true,"href":"https:\/\/christianzang.de\/en\/wp-json\/wp\/v2\/users\/5"}],"replies":[{"embeddable":true,"href":"https:\/\/christianzang.de\/en\/wp-json\/wp\/v2\/comments?post=14218"}],"version-history":[{"count":6,"href":"https:\/\/christianzang.de\/en\/wp-json\/wp\/v2\/pages\/14218\/revisions"}],"predecessor-version":[{"id":19592,"href":"https:\/\/christianzang.de\/en\/wp-json\/wp\/v2\/pages\/14218\/revisions\/19592"}],"wp:attachment":[{"href":"https:\/\/christianzang.de\/en\/wp-json\/wp\/v2\/media?parent=14218"}],"curies":[{"name":"wp","href":"https:\/\/api.w.org\/{rel}","templated":true}]}}