{"id":14225,"date":"2024-12-04T11:03:55","date_gmt":"2024-12-04T10:03:55","guid":{"rendered":"https:\/\/christianzang.de\/?page_id=14225"},"modified":"2025-05-12T11:14:17","modified_gmt":"2025-05-12T09:14:17","slug":"polyester-klebepunkte-industrierollen-gruen-220c","status":"publish","type":"page","link":"https:\/\/christianzang.de\/en\/polyester-klebepunkte-industrierollen-gruen-220c\/","title":{"rendered":"Polyester adhesive dots green PT219-S (industrial rolls)"},"content":{"rendered":"<div data-elementor-type=\"wp-page\" data-elementor-id=\"14225\" class=\"elementor elementor-14225\">\n\t\t\t\t\t\t<section class=\"elementor-section elementor-top-section elementor-element elementor-element-42796df elementor-section-full_width elementor-section-height-default elementor-section-height-default\" data-id=\"42796df\" data-element_type=\"section\" data-e-type=\"section\">\n\t\t\t\t\t\t<div class=\"elementor-container elementor-column-gap-default\">\n\t\t\t\t\t<div class=\"elementor-column elementor-col-100 elementor-top-column elementor-element elementor-element-6b7834b\" data-id=\"6b7834b\" data-element_type=\"column\" data-e-type=\"column\">\n\t\t\t<div class=\"elementor-widget-wrap elementor-element-populated\">\n\t\t\t\t\t\t<div class=\"elementor-element elementor-element-b073d82 elementor-widget elementor-widget-heading\" data-id=\"b073d82\" data-element_type=\"widget\" data-e-type=\"widget\" data-widget_type=\"heading.default\">\n\t\t\t\t<div class=\"elementor-widget-container\">\n\t\t\t\t\t<h1 class=\"elementor-heading-title elementor-size-default\">Polyester Klebepunkte teilweise als Slitback, gr\u00fcn 220 \u00b0C<\/h1>\t\t\t\t<\/div>\n\t\t\t\t<\/div>\n\t\t\t\t\t<\/div>\n\t\t<\/div>\n\t\t\t\t\t<\/div>\n\t\t<\/section>\n\t\t\t\t<section class=\"elementor-section elementor-top-section elementor-element elementor-element-8ae9ce5 elementor-section-full_width elementor-section-height-default elementor-section-height-default\" data-id=\"8ae9ce5\" data-element_type=\"section\" data-e-type=\"section\">\n\t\t\t\t\t\t<div class=\"elementor-container elementor-column-gap-default\">\n\t\t\t\t\t<div class=\"elementor-column elementor-col-100 elementor-top-column elementor-element elementor-element-d0de03e\" data-id=\"d0de03e\" data-element_type=\"column\" data-e-type=\"column\">\n\t\t\t<div class=\"elementor-widget-wrap elementor-element-populated\">\n\t\t\t\t\t\t<div class=\"elementor-element elementor-element-c889632 elementor-widget-divider--view-line elementor-widget elementor-widget-divider\" data-id=\"c889632\" data-element_type=\"widget\" data-e-type=\"widget\" data-widget_type=\"divider.default\">\n\t\t\t\t<div class=\"elementor-widget-container\">\n\t\t\t\t\t\t\t<div class=\"elementor-divider\">\n\t\t\t<span class=\"elementor-divider-separator\">\n\t\t\t\t\t\t<\/span>\n\t\t<\/div>\n\t\t\t\t\t\t<\/div>\n\t\t\t\t<\/div>\n\t\t\t\t\t<\/div>\n\t\t<\/div>\n\t\t\t\t\t<\/div>\n\t\t<\/section>\n\t\t\t\t<section class=\"elementor-section elementor-top-section elementor-element elementor-element-c351432 elementor-section-full_width elementor-section-height-default elementor-section-height-default\" data-id=\"c351432\" data-element_type=\"section\" data-e-type=\"section\">\n\t\t\t\t\t\t<div class=\"elementor-container elementor-column-gap-default\">\n\t\t\t\t\t<div class=\"elementor-column elementor-col-33 elementor-top-column elementor-element elementor-element-41cdd0a\" data-id=\"41cdd0a\" data-element_type=\"column\" data-e-type=\"column\">\n\t\t\t<div class=\"elementor-widget-wrap elementor-element-populated\">\n\t\t\t\t\t\t<div class=\"elementor-element elementor-element-764693e elementor-widget elementor-widget-image\" data-id=\"764693e\" data-element_type=\"widget\" data-e-type=\"widget\" data-widget_type=\"image.default\">\n\t\t\t\t<div class=\"elementor-widget-container\">\n\t\t\t\t\t\t\t\t\t\t\t\t\t\t\t<img fetchpriority=\"high\" decoding=\"async\" width=\"338\" height=\"231\" src=\"https:\/\/christianzang.de\/wp-content\/uploads\/2017\/12\/Polyester-Klebepunkte-Industrierollen-1.png\" class=\"attachment-large size-large wp-image-2852\" alt=\"\" srcset=\"https:\/\/christianzang.de\/wp-content\/uploads\/2017\/12\/Polyester-Klebepunkte-Industrierollen-1.png 338w, https:\/\/christianzang.de\/wp-content\/uploads\/2017\/12\/Polyester-Klebepunkte-Industrierollen-1-300x205.png 300w\" sizes=\"(max-width: 338px) 100vw, 338px\" \/>\t\t\t\t\t\t\t\t\t\t\t\t\t\t\t<\/div>\n\t\t\t\t<\/div>\n\t\t\t\t\t<\/div>\n\t\t<\/div>\n\t\t\t\t<div class=\"elementor-column elementor-col-66 elementor-top-column elementor-element elementor-element-9622e78\" data-id=\"9622e78\" data-element_type=\"column\" data-e-type=\"column\">\n\t\t\t<div class=\"elementor-widget-wrap elementor-element-populated\">\n\t\t\t\t\t\t<div class=\"elementor-element elementor-element-985b94e elementor-widget elementor-widget-text-editor\" data-id=\"985b94e\" data-element_type=\"widget\" data-e-type=\"widget\" data-widget_type=\"text-editor.default\">\n\t\t\t\t<div class=\"elementor-widget-container\">\n\t\t\t\t\t\t\t\t\t<p class=\"bodytext\"><span style=\"color: #000000;\">Hitzebest\u00e4ndige Polyester-Klebepunkte in einer St\u00e4rke von 0,09 mm und einer Temperaturbest\u00e4ndigkeit bis plus 220 \u00b0C.<\/span><br \/><span style=\"color: #000000;\">Excellent acid and solvent resistance, can be removed without leaving any residue even when cold.<\/span><\/p><p class=\"bodytext\"><b><span style=\"color: #000000;\">Standard lieferbar als Klebepunkte, au\u00dferdem k\u00f6nnen Stanzteile nach Zeichnung oder Muster f\u00fcr Sie auf Tr\u00e4gerfolie kaschiert werden (<\/span><a href=\"https:\/\/christianzang.de\/en\/sonderformen\/\">s. Stanzformen<\/a><span style=\"color: #000000;\">).<\/span><br \/><span style=\"color: #000000;\">Andere Durchmesser k\u00f6nnen kurzfristig gefertigt werden.<\/span><br \/><\/b><\/p>\t\t\t\t\t\t\t\t<\/div>\n\t\t\t\t<\/div>\n\t\t\t\t\t<\/div>\n\t\t<\/div>\n\t\t\t\t\t<\/div>\n\t\t<\/section>\n\t\t\t\t<section class=\"elementor-section elementor-top-section elementor-element elementor-element-38d4017 elementor-section-boxed elementor-section-height-default elementor-section-height-default\" data-id=\"38d4017\" data-element_type=\"section\" data-e-type=\"section\">\n\t\t\t\t\t\t<div class=\"elementor-container elementor-column-gap-default\">\n\t\t\t\t\t<div class=\"elementor-column elementor-col-100 elementor-top-column elementor-element elementor-element-130607a\" data-id=\"130607a\" data-element_type=\"column\" data-e-type=\"column\">\n\t\t\t<div class=\"elementor-widget-wrap elementor-element-populated\">\n\t\t\t\t\t\t<div class=\"elementor-element elementor-element-03d2c29 elementor-widget elementor-widget-spacer\" data-id=\"03d2c29\" data-element_type=\"widget\" data-e-type=\"widget\" data-widget_type=\"spacer.default\">\n\t\t\t\t<div class=\"elementor-widget-container\">\n\t\t\t\t\t\t\t<div class=\"elementor-spacer\">\n\t\t\t<div class=\"elementor-spacer-inner\"><\/div>\n\t\t<\/div>\n\t\t\t\t\t\t<\/div>\n\t\t\t\t<\/div>\n\t\t\t\t\t<\/div>\n\t\t<\/div>\n\t\t\t\t\t<\/div>\n\t\t<\/section>\n\t\t\t\t<section class=\"elementor-section elementor-top-section elementor-element elementor-element-f08fbaa elementor-section-full_width elementor-section-height-default elementor-section-height-default\" data-id=\"f08fbaa\" data-element_type=\"section\" data-e-type=\"section\">\n\t\t\t\t\t\t<div class=\"elementor-container elementor-column-gap-default\">\n\t\t\t\t\t<div class=\"elementor-column elementor-col-66 elementor-top-column elementor-element elementor-element-a7d2170\" data-id=\"a7d2170\" data-element_type=\"column\" data-e-type=\"column\">\n\t\t\t<div class=\"elementor-widget-wrap elementor-element-populated\">\n\t\t\t\t\t\t<div class=\"elementor-element elementor-element-4e282f2 elementor-widget elementor-widget-html\" data-id=\"4e282f2\" data-element_type=\"widget\" data-e-type=\"widget\" data-widget_type=\"html.default\">\n\t\t\t\t<div class=\"elementor-widget-container\">\n\t\t\t\t\t<div class=\"scroll-wrapper\">\n  <div class=\"table_scrollbox\">\n    <table class=\"scrolltable\">\n      <thead>\n        <tr>\n      <tbody>\n                            <th>Art.-Nr.<\/th>\n                            <th>\u00d8 in mm<\/th>\n                            <th>Anzahl pro Rolle<\/th>\n      <\/tbody>\n        <\/tr>\n      <\/thead>\n      <tbody>\n\t\t\t\t\t<tr class=\"tr-odd tr-1\">\n\t\t\t\t\t\t\t<td class=\"td-0\">pti-005<\/td>\n\t\t\t\t\t\t\t<td class=\"td-1\">5,00<\/td>\n\t\t\t\t\t\t\t<td class=\"td-last td-2\">5000<\/td>\n\t\t\t\t\t<\/tr>\n\t\t\t\t\t<tr class=\"tr-even tr-2\">\n\t\t\t\t\t\t\t<td class=\"td-0\">pti-010<\/td>\n\t\t\t\t\t\t\t<td class=\"td-1\">10,00<\/td>\n\t\t\t\t\t\t\t<td class=\"td-last td-2\">5000<\/td>\n\t\t\t\t\t<\/tr>\n\t\t\t\t\t<tr class=\"tr-odd tr-3\">\n\t\t\t\t\t\t\t<td class=\"td-0\">pti-011<\/td>\n\t\t\t\t\t\t\t<td class=\"td-1\">11,00<\/td>\n\t\t\t\t\t\t\t<td class=\"td-last td-2\">5000<\/td>\n\t\t\t\t\t<\/tr>\n\t\t\t\t\t<tr class=\"tr-even tr-4\">\n\t\t\t\t\t\t\t<td class=\"td-0\">pti-012<\/td>\n\t\t\t\t\t\t\t<td class=\"td-1\">12,00<\/td>\n\t\t\t\t\t\t\t<td class=\"td-last td-2\">5000<\/td>\n\t\t\t\t\t<\/tr>\n\t\t\t\t\t<tr class=\"tr-odd tr-5\">\n\t\t\t\t\t\t\t<td class=\"td-0\">pti-013<\/td>\n\t\t\t\t\t\t\t<td class=\"td-1\">13,00<\/td>\n\t\t\t\t\t\t\t<td class=\"td-last td-2\">5000<\/td>\n\t\t\t\t\t<\/tr>\n\t\t\t\t\t<tr class=\"tr-even tr-6\">\n\t\t\t\t\t\t\t<td class=\"td-0\">pti-014<\/td>\n\t\t\t\t\t\t\t<td class=\"td-1\">14,00<\/td>\n\t\t\t\t\t\t\t<td class=\"td-last td-2\">5000<\/td>\n\t\t\t\t\t<\/tr>\n\t\t\t\t\t<tr class=\"tr-odd tr-7\">\n\t\t\t\t\t\t\t<td class=\"td-0\">pti-015<\/td>\n\t\t\t\t\t\t\t<td class=\"td-1\">15,00<\/td>\n\t\t\t\t\t\t\t<td class=\"td-last td-2\">5000<\/td>\n\t\t\t\t\t<\/tr>\n\t\t\t\t\t<tr class=\"tr-even tr-8\">\n\t\t\t\t\t\t\t<td class=\"td-0\">pti-016<\/td>\n\t\t\t\t\t\t\t<td class=\"td-1\">16,00<\/td>\n\t\t\t\t\t\t\t<td class=\"td-last td-2\">3000<\/td>\n\t\t\t\t\t<\/tr>\n\t\t\t\t\t<tr class=\"tr-odd tr-9\">\n\t\t\t\t\t\t\t<td class=\"td-0\">pti-017<\/td>\n\t\t\t\t\t\t\t<td class=\"td-1\">17,00<\/td>\n\t\t\t\t\t\t\t<td class=\"td-last td-2\">3000<\/td>\n\t\t\t\t\t<\/tr>\n\t\t\t\t\t<tr class=\"tr-even tr-10\">\n\t\t\t\t\t\t\t<td class=\"td-0\">pti-018<\/td>\n\t\t\t\t\t\t\t<td class=\"td-1\">18,00<\/td>\n\t\t\t\t\t\t\t<td class=\"td-last td-2\">3000<\/td>\n\t\t\t\t\t<\/tr>\n\t\t\t\t\t<tr class=\"tr-odd tr-11\">\n\t\t\t\t\t\t\t<td class=\"td-0\">pti-020<\/td>\n\t\t\t\t\t\t\t<td class=\"td-1\">20,00<\/td>\n\t\t\t\t\t\t\t<td class=\"td-last td-2\">3000<\/td>\n\t\t\t\t\t<\/tr>\n\t\t\t\t\t<tr class=\"tr-even tr-12\">\n\t\t\t\t\t\t\t<td class=\"td-0\">pti-025<\/td>\n\t\t\t\t\t\t\t<td class=\"td-1\">25,00<\/td>\n\t\t\t\t\t\t\t<td class=\"td-last td-2\">3000<\/td>\n\t\t\t\t\t<\/tr>\n\t\t\t\t\t<tr class=\"tr-odd tr-13\">\n\t\t\t\t\t\t\t<td class=\"td-0\">pti-030<\/td>\n\t\t\t\t\t\t\t<td class=\"td-1\">30,00<\/td>\n\t\t\t\t\t\t\t<td class=\"td-last td-2\">2000<\/td>\n\t\t\t\t\t<\/tr>\n\t\t\t\t\t<tr class=\"tr-even tr-14\">\n\t\t\t\t\t\t\t<td class=\"td-0\">pti-035<\/td>\n\t\t\t\t\t\t\t<td class=\"td-1\">35,00<\/td>\n\t\t\t\t\t\t\t<td class=\"td-last td-2\">2000<\/td>\n\t\t\t\t\t<\/tr>\n\t\t\t\t\t<tr class=\"tr-odd tr-15\">\n\t\t\t\t\t\t\t<td class=\"td-0\">pti-040<\/td>\n\t\t\t\t\t\t\t<td class=\"td-1\">40,00<\/td>\n\t\t\t\t\t\t\t<td class=\"td-last td-2\">2000<\/td>\n\t\t\t\t\t<\/tr>\n\t\t\t\t\t<tr class=\"tr-even tr-16\">\n\t\t\t\t\t\t\t<td class=\"td-0\">pti-045<\/td>\n\t\t\t\t\t\t\t<td class=\"td-1\">45,00<\/td>\n\t\t\t\t\t\t\t<td class=\"td-last td-2\">2000<\/td>\n\t\t\t\t\t<\/tr>\n\t\t\t\t\t<tr class=\"tr-odd tr-17\">\n\t\t\t\t\t\t\t<td class=\"td-0\">pti-050<\/td>\n\t\t\t\t\t\t\t<td class=\"td-1\">50,00<\/td>\n\t\t\t\t\t\t\t<td class=\"td-last td-2\">2000<\/td>\n\t\t\t\t\t<\/tr>\n\t\t\t\t\t<tr class=\"tr-even tr-18\">\n\t\t\t\t\t\t\t<td class=\"td-0\">pti-060<\/td>\n\t\t\t\t\t\t\t<td class=\"td-1\">60,00<\/td>\n\t\t\t\t\t\t\t<td class=\"td-last td-2\">1000<\/td>\n\t\t\t\t\t<\/tr>\n\t\t\t\t\t<tr class=\"tr-odd tr-19\">\n\t\t\t\t\t\t\t<td class=\"td-0\">pti-070<\/td>\n\t\t\t\t\t\t\t<td class=\"td-1\">70,00<\/td>\n\t\t\t\t\t\t\t<td class=\"td-last td-2\">1000<\/td>\n\t\t\t\t\t<\/tr>\n\t\t\t\t\t<tr class=\"tr-even tr-20\">\n\t\t\t\t\t\t\t<td class=\"td-0\">pti-080<\/td>\n\t\t\t\t\t\t\t<td class=\"td-1\">80,00<\/td>\n\t\t\t\t\t\t\t<td class=\"td-last td-2\">1000<\/td>\n\t\t\t\t\t<\/tr>\n\t\t\t\t\t<tr class=\"tr-odd tr-21\">\n\t\t\t\t\t\t\t<td class=\"td-0\">pti-090<\/td>\n\t\t\t\t\t\t\t<td class=\"td-1\">90,00<\/td>\n\t\t\t\t\t\t\t<td class=\"td-last td-2\">500<\/td>\n\t\t\t\t\t<\/tr>\n\t\t\t\t\t<tr class=\"tr-even tr-last\">\n\t\t\t\t\t\t\t<td class=\"td-0\">pti-100<\/td>\n\t\t\t\t\t\t\t<td class=\"td-1\">100,00<\/td>\n\t\t\t\t\t\t\t<td class=\"td-last td-2\">500<\/td>\n\t\t\t\t\t<\/tr>\n      <\/tbody>\n    <\/table>\n  <\/div>\n<\/div>\n\n<style>\n.scroll-wrapper {\n  overflow-x: auto !important;\n  -webkit-overflow-scrolling: touch;\n  width: 100%;\n}\n\n.table_scrollbox {\n  background-color: #fff;\n  position: relative;\n  max-height: 400px;\n  overflow-y: auto;\n  border: 1px solid #ccc;\n  border-radius: 6px;\n  min-width: 700px; \/* Wichtig: erzeugt horizontalen Scroll *\/\n}\n\n.scrolltable {\n  width: 100%;\n  border-collapse: collapse;\n}\n\n.scrolltable th, .scrolltable td {\n  padding: 10px 14px;\n  text-align: left;\n  white-space: nowrap;\n  font-size: 14px;\n  border-bottom: 1px solid #ddd;\n}\n\n.scrolltable th {\n  background-color: #f2f2f2;\n  color: #B6121D;\n  position: sticky;\n  top: 0;\n  z-index: 2;\n  box-shadow: 0 2px 2px -1px rgba(0, 0, 0, 0.4);\n}\n\n.scrolltable thead::before {\n  content: '';\n  position: sticky;\n  top: 0;\n  display: block;\n  height: 1px;\n  background-color: #fff;\n  z-index: 3;\n}\n\n.scrolltable tbody tr:nth-child(odd) {\n  background-color: #e9e9e9 !important;\n}\n\n.scrolltable tbody tr:nth-child(even) {\n  background-color: #ffffff;\n}\n<\/style>\n\t\t\t\t<\/div>\n\t\t\t\t<\/div>\n\t\t\t\t\t<\/div>\n\t\t<\/div>\n\t\t\t\t<div class=\"elementor-column elementor-col-33 elementor-top-column elementor-element elementor-element-c3dbad8\" data-id=\"c3dbad8\" data-element_type=\"column\" data-e-type=\"column\">\n\t\t\t<div class=\"elementor-widget-wrap elementor-element-populated\">\n\t\t\t\t\t\t<div class=\"elementor-element elementor-element-09d2e63 elementor-widget elementor-widget-text-editor\" data-id=\"09d2e63\" data-element_type=\"widget\" data-e-type=\"widget\" data-widget_type=\"text-editor.default\">\n\t\t\t\t<div class=\"elementor-widget-container\">\n\t\t\t\t\t\t\t\t\t<p><span style=\"color: #000000;\"><b>Tips:<\/b><\/span><br \/><span style=\"color: #000000;\">Press down firmly on the edges by hand or with a<\/span>\u00a0<a class=\"internal-link\" href=\"https:\/\/christianzang.de\/en\/hilfsmittel\/spachtel-3m\/\">spatula<\/a>\u00a0<span style=\"color: #000000;\">.<\/span><br \/><span style=\"color: #000000;\"><b>Test beforehand with two-color coatings!<\/b><\/span><br \/><span style=\"color: #000000;\"><b><br \/>Applications:<\/b><\/span><br \/><span style=\"color: #000000;\">Powder coating, cathodic electrocoating, wet paint, anodizing.<b><\/b><\/span><\/p><p><span style=\"color: #000000;\"><strong>Prices:<\/strong><\/span><br \/><span style=\"color: #000000;\">You can find the excerpt from our catalog<\/span> <a href=\"https:\/\/christianzang.de\/wp-content\/uploads\/2024\/12\/Katalog-2025.pdf#page=150\"><strong>here...<\/strong><\/a><br \/><span style=\"color: #000000;\">Ask for your personal shopping discount!<\/span><\/p>\t\t\t\t\t\t\t\t<\/div>\n\t\t\t\t<\/div>\n\t\t\t\t\t<\/div>\n\t\t<\/div>\n\t\t\t\t\t<\/div>\n\t\t<\/section>\n\t\t\t\t<\/div>","protected":false},"excerpt":{"rendered":"<p>Polyester Klebepunkte teilweise als Slitback, gr\u00fcn 220 \u00b0C Hitzebest\u00e4ndige Polyester-Klebepunkte in einer St\u00e4rke von 0,09 mm und einer Temperaturbest\u00e4ndigkeit bis [&hellip;]<\/p>\n","protected":false},"author":5,"featured_media":0,"parent":0,"menu_order":0,"comment_status":"closed","ping_status":"closed","template":"","meta":{"site-sidebar-layout":"default","site-content-layout":"","ast-site-content-layout":"default","site-content-style":"default","site-sidebar-style":"default","ast-global-header-display":"","ast-banner-title-visibility":"","ast-main-header-display":"","ast-hfb-above-header-display":"","ast-hfb-below-header-display":"","ast-hfb-mobile-header-display":"","site-post-title":"","ast-breadcrumbs-content":"","ast-featured-img":"","footer-sml-layout":"","ast-disable-related-posts":"","theme-transparent-header-meta":"","adv-header-id-meta":"","stick-header-meta":"","header-above-stick-meta":"","header-main-stick-meta":"","header-below-stick-meta":"","astra-migrate-meta-layouts":"default","ast-page-background-enabled":"default","ast-page-background-meta":{"desktop":{"background-color":"var(--ast-global-color-5)","background-image":"","background-repeat":"repeat","background-position":"center center","background-size":"auto","background-attachment":"scroll","background-type":"","background-media":"","overlay-type":"","overlay-color":"","overlay-opacity":"","overlay-gradient":""},"tablet":{"background-color":"","background-image":"","background-repeat":"repeat","background-position":"center center","background-size":"auto","background-attachment":"scroll","background-type":"","background-media":"","overlay-type":"","overlay-color":"","overlay-opacity":"","overlay-gradient":""},"mobile":{"background-color":"","background-image":"","background-repeat":"repeat","background-position":"center center","background-size":"auto","background-attachment":"scroll","background-type":"","background-media":"","overlay-type":"","overlay-color":"","overlay-opacity":"","overlay-gradient":""}},"ast-content-background-meta":{"desktop":{"background-color":"var(--ast-global-color-4)","background-image":"","background-repeat":"repeat","background-position":"center center","background-size":"auto","background-attachment":"scroll","background-type":"","background-media":"","overlay-type":"","overlay-color":"","overlay-opacity":"","overlay-gradient":""},"tablet":{"background-color":"var(--ast-global-color-4)","background-image":"","background-repeat":"repeat","background-position":"center center","background-size":"auto","background-attachment":"scroll","background-type":"","background-media":"","overlay-type":"","overlay-color":"","overlay-opacity":"","overlay-gradient":""},"mobile":{"background-color":"var(--ast-global-color-4)","background-image":"","background-repeat":"repeat","background-position":"center center","background-size":"auto","background-attachment":"scroll","background-type":"","background-media":"","overlay-type":"","overlay-color":"","overlay-opacity":"","overlay-gradient":""}},"footnotes":""},"class_list":["post-14225","page","type-page","status-publish","hentry"],"_links":{"self":[{"href":"https:\/\/christianzang.de\/en\/wp-json\/wp\/v2\/pages\/14225","targetHints":{"allow":["GET"]}}],"collection":[{"href":"https:\/\/christianzang.de\/en\/wp-json\/wp\/v2\/pages"}],"about":[{"href":"https:\/\/christianzang.de\/en\/wp-json\/wp\/v2\/types\/page"}],"author":[{"embeddable":true,"href":"https:\/\/christianzang.de\/en\/wp-json\/wp\/v2\/users\/5"}],"replies":[{"embeddable":true,"href":"https:\/\/christianzang.de\/en\/wp-json\/wp\/v2\/comments?post=14225"}],"version-history":[{"count":6,"href":"https:\/\/christianzang.de\/en\/wp-json\/wp\/v2\/pages\/14225\/revisions"}],"predecessor-version":[{"id":19595,"href":"https:\/\/christianzang.de\/en\/wp-json\/wp\/v2\/pages\/14225\/revisions\/19595"}],"wp:attachment":[{"href":"https:\/\/christianzang.de\/en\/wp-json\/wp\/v2\/media?parent=14225"}],"curies":[{"name":"wp","href":"https:\/\/api.w.org\/{rel}","templated":true}]}}