{"id":14268,"date":"2024-12-06T08:37:28","date_gmt":"2024-12-06T07:37:28","guid":{"rendered":"https:\/\/christianzang.de\/?page_id=14268"},"modified":"2025-05-12T11:16:40","modified_gmt":"2025-05-12T09:16:40","slug":"krepp-klebepunkte-aus-ct150-150c-175c-slitback","status":"publish","type":"page","link":"https:\/\/christianzang.de\/en\/krepp-klebepunkte-aus-ct150-150c-175c-slitback\/","title":{"rendered":"CT150 Krepp Klebepunkte mit Slitback 150-175\u00b0C"},"content":{"rendered":"<div data-elementor-type=\"wp-page\" data-elementor-id=\"14268\" class=\"elementor elementor-14268\">\n\t\t\t\t\t\t<section class=\"elementor-section elementor-top-section elementor-element elementor-element-42796df elementor-section-full_width elementor-section-height-default elementor-section-height-default\" data-id=\"42796df\" data-element_type=\"section\" data-e-type=\"section\">\n\t\t\t\t\t\t<div class=\"elementor-container elementor-column-gap-default\">\n\t\t\t\t\t<div class=\"elementor-column elementor-col-100 elementor-top-column elementor-element elementor-element-6b7834b\" data-id=\"6b7834b\" data-element_type=\"column\" data-e-type=\"column\">\n\t\t\t<div class=\"elementor-widget-wrap elementor-element-populated\">\n\t\t\t\t\t\t<div class=\"elementor-element elementor-element-b073d82 elementor-widget elementor-widget-heading\" data-id=\"b073d82\" data-element_type=\"widget\" data-e-type=\"widget\" data-widget_type=\"heading.default\">\n\t\t\t\t<div class=\"elementor-widget-container\">\n\t\t\t\t\t<h1 class=\"elementor-heading-title elementor-size-default\">Krepp Klebepunkte aus CT150 - 150\u00b0C \u2013 175 \u00b0C Slitback<\/h1>\t\t\t\t<\/div>\n\t\t\t\t<\/div>\n\t\t\t\t\t<\/div>\n\t\t<\/div>\n\t\t\t\t\t<\/div>\n\t\t<\/section>\n\t\t\t\t<section class=\"elementor-section elementor-top-section elementor-element elementor-element-8ae9ce5 elementor-section-full_width elementor-section-height-default elementor-section-height-default\" data-id=\"8ae9ce5\" data-element_type=\"section\" data-e-type=\"section\">\n\t\t\t\t\t\t<div class=\"elementor-container elementor-column-gap-default\">\n\t\t\t\t\t<div class=\"elementor-column elementor-col-100 elementor-top-column elementor-element elementor-element-d0de03e\" data-id=\"d0de03e\" data-element_type=\"column\" data-e-type=\"column\">\n\t\t\t<div class=\"elementor-widget-wrap elementor-element-populated\">\n\t\t\t\t\t\t<div class=\"elementor-element elementor-element-c889632 elementor-widget-divider--view-line elementor-widget elementor-widget-divider\" data-id=\"c889632\" data-element_type=\"widget\" data-e-type=\"widget\" data-widget_type=\"divider.default\">\n\t\t\t\t<div class=\"elementor-widget-container\">\n\t\t\t\t\t\t\t<div class=\"elementor-divider\">\n\t\t\t<span class=\"elementor-divider-separator\">\n\t\t\t\t\t\t<\/span>\n\t\t<\/div>\n\t\t\t\t\t\t<\/div>\n\t\t\t\t<\/div>\n\t\t\t\t\t<\/div>\n\t\t<\/div>\n\t\t\t\t\t<\/div>\n\t\t<\/section>\n\t\t\t\t<section class=\"elementor-section elementor-top-section elementor-element elementor-element-5fdb4de elementor-section-full_width elementor-section-height-default elementor-section-height-default\" data-id=\"5fdb4de\" data-element_type=\"section\" data-e-type=\"section\">\n\t\t\t\t\t\t<div class=\"elementor-container elementor-column-gap-default\">\n\t\t\t\t\t<div class=\"elementor-column elementor-col-66 elementor-top-column elementor-element elementor-element-2124eca\" data-id=\"2124eca\" data-element_type=\"column\" data-e-type=\"column\">\n\t\t\t<div class=\"elementor-widget-wrap elementor-element-populated\">\n\t\t\t\t\t\t<div class=\"elementor-element elementor-element-2c64ab0 elementor-widget elementor-widget-image\" data-id=\"2c64ab0\" data-element_type=\"widget\" data-e-type=\"widget\" data-widget_type=\"image.default\">\n\t\t\t\t<div class=\"elementor-widget-container\">\n\t\t\t\t\t\t\t\t\t\t\t\t\t\t\t<img fetchpriority=\"high\" decoding=\"async\" width=\"1024\" height=\"327\" src=\"https:\/\/christianzang.de\/wp-content\/uploads\/2021\/01\/3-1024x327.png\" class=\"attachment-large size-large wp-image-6785\" alt=\"\" srcset=\"https:\/\/christianzang.de\/wp-content\/uploads\/2021\/01\/3-1024x327.png 1024w, https:\/\/christianzang.de\/wp-content\/uploads\/2021\/01\/3-300x96.png 300w, https:\/\/christianzang.de\/wp-content\/uploads\/2021\/01\/3-768x245.png 768w, https:\/\/christianzang.de\/wp-content\/uploads\/2021\/01\/3-1536x491.png 1536w, https:\/\/christianzang.de\/wp-content\/uploads\/2021\/01\/3-2048x654.png 2048w\" sizes=\"(max-width: 1024px) 100vw, 1024px\" \/>\t\t\t\t\t\t\t\t\t\t\t\t\t\t\t<\/div>\n\t\t\t\t<\/div>\n\t\t\t\t\t<\/div>\n\t\t<\/div>\n\t\t\t\t<div class=\"elementor-column elementor-col-33 elementor-top-column elementor-element elementor-element-c429af1\" data-id=\"c429af1\" data-element_type=\"column\" data-e-type=\"column\">\n\t\t\t<div class=\"elementor-widget-wrap elementor-element-populated\">\n\t\t\t\t\t\t<div class=\"elementor-element elementor-element-2d1924b elementor-widget elementor-widget-text-editor\" data-id=\"2d1924b\" data-element_type=\"widget\" data-e-type=\"widget\" data-widget_type=\"text-editor.default\">\n\t\t\t\t<div class=\"elementor-widget-container\">\n\t\t\t\t\t\t\t\t\t<p class=\"bodytext\"><span style=\"color: #000000;\">Hitzebest\u00e4ndige Krepp-Klebepunkte in einer St\u00e4rke von 0,18 mm und einer Temperaturbest\u00e4ndigkeit bis plus 150 \u00b0C \u2013 175 \u00b0C.<\/span><br \/><span style=\"color: #000000;\">Sehr gute L\u00f6sungsmittelbest\u00e4ndigkeit und auch in kaltem Zustand r\u00fcckstandsfrei zu entfernen.<\/span><br \/><span style=\"color: #000000;\">Durch die geschlitzte Tr\u00e4gerfolie lassen sich die Klebepunkte schnell abziehen.<\/span><\/p><p><b><span style=\"color: #000000;\">Standard lieferbar als Klebepunkte, au\u00dferdem k\u00f6nnen Stanzteile nach Zeichnung oder Muster f\u00fcr Sie auf Tr\u00e4gerfolie kaschiert werden (<\/span><a href=\"https:\/\/christianzang.de\/en\/sonderformen\/\">s. Stanzformen<\/a><span style=\"color: #000000;\">).<\/span><\/b><\/p>\t\t\t\t\t\t\t\t<\/div>\n\t\t\t\t<\/div>\n\t\t\t\t\t<\/div>\n\t\t<\/div>\n\t\t\t\t\t<\/div>\n\t\t<\/section>\n\t\t\t\t<section class=\"elementor-section elementor-top-section elementor-element elementor-element-f08fbaa elementor-section-full_width elementor-section-height-default elementor-section-height-default\" data-id=\"f08fbaa\" data-element_type=\"section\" data-e-type=\"section\">\n\t\t\t\t\t\t<div class=\"elementor-container elementor-column-gap-default\">\n\t\t\t\t\t<div class=\"elementor-column elementor-col-66 elementor-top-column elementor-element elementor-element-a7d2170\" data-id=\"a7d2170\" data-element_type=\"column\" data-e-type=\"column\">\n\t\t\t<div class=\"elementor-widget-wrap elementor-element-populated\">\n\t\t\t\t\t\t<div class=\"elementor-element elementor-element-4e282f2 elementor-widget elementor-widget-html\" data-id=\"4e282f2\" data-element_type=\"widget\" data-e-type=\"widget\" data-widget_type=\"html.default\">\n\t\t\t\t<div class=\"elementor-widget-container\">\n\t\t\t\t\t<div class=\"scroll-wrapper\">\n  <div class=\"table_scrollbox\">\n    <table class=\"scrolltable\">\n      <thead>\n        <tr>\n      <tbody>\n                            <th>Art.-Nr.<\/th>\n                            <th>\u00d8 in mm<\/th>\n                            <th>Anzahl pro Rolle<\/th>\n      <\/tbody>\n        <\/tr>\n      <\/thead>\n      <tbody>\n\t\t\t\t\t<tr class=\"tr-odd tr-1\">\n\t\t\t\t\t\t\t<td class=\"td-0\">ct150-5mm \u00d8<\/td>\n\t\t\t\t\t\t\t<td class=\"td-1\">5,00<\/td>\n\t\t\t\t\t\t\t<td class=\"td-last td-2\">5000<\/td>\n\t\t\t\t\t<\/tr>\n\t\t\t\t\t<tr class=\"tr-even tr-2\">\n\t\t\t\t\t\t\t<td class=\"td-0\">ct150-6mm \u00d8<\/td>\n\t\t\t\t\t\t\t<td class=\"td-1\">6,00<\/td>\n\t\t\t\t\t\t\t<td class=\"td-last td-2\">5000<\/td>\n\t\t\t\t\t<\/tr>\n\t\t\t\t\t<tr class=\"tr-odd tr-3\">\n\t\t\t\t\t\t\t<td class=\"td-0\">ct150-6,40mm \u00d8<\/td>\n\t\t\t\t\t\t\t<td class=\"td-1\">6,40<\/td>\n\t\t\t\t\t\t\t<td class=\"td-last td-2\">5000<\/td>\n\t\t\t\t\t<\/tr>\n\t\t\t\t\t<tr class=\"tr-even tr-4\">\n\t\t\t\t\t\t\t<td class=\"td-0\">ct150-7mm \u00d8<\/td>\n\t\t\t\t\t\t\t<td class=\"td-1\">7,00<\/td>\n\t\t\t\t\t\t\t<td class=\"td-last td-2\">5000<\/td>\n\t\t\t\t\t<\/tr>\n\t\t\t\t\t<tr class=\"tr-odd tr-5\">\n\t\t\t\t\t\t\t<td class=\"td-0\">ct150-8mm \u00d8-SL<\/td>\n\t\t\t\t\t\t\t<td class=\"td-1\">8,00<\/td>\n\t\t\t\t\t\t\t<td class=\"td-last td-2\">5000<\/td>\n\t\t\t\t\t<\/tr>\n\t\t\t\t\t<tr class=\"tr-even tr-6\">\n\t\t\t\t\t\t\t<td class=\"td-0\">ct150-9mm \u00d8-SL<\/td>\n\t\t\t\t\t\t\t<td class=\"td-1\">9,00<\/td>\n\t\t\t\t\t\t\t<td class=\"td-last td-2\">5000<\/td>\n\t\t\t\t\t<\/tr>\n\t\t\t\t\t<tr class=\"tr-odd tr-7\">\n\t\t\t\t\t\t\t<td class=\"td-0\">ct150-9,5mm \u00d8-SL<\/td>\n\t\t\t\t\t\t\t<td class=\"td-1\">9,50<\/td>\n\t\t\t\t\t\t\t<td class=\"td-last td-2\">5000<\/td>\n\t\t\t\t\t<\/tr>\n\t\t\t\t\t<tr class=\"tr-even tr-8\">\n\t\t\t\t\t\t\t<td class=\"td-0\">ct150-10mm \u00d8-SL<\/td>\n\t\t\t\t\t\t\t<td class=\"td-1\">10,00<\/td>\n\t\t\t\t\t\t\t<td class=\"td-last td-2\">5000<\/td>\n\t\t\t\t\t<\/tr>\n\t\t\t\t\t<tr class=\"tr-odd tr-9\">\n\t\t\t\t\t\t\t<td class=\"td-0\">ct150-11mm \u00d8-SL<\/td>\n\t\t\t\t\t\t\t<td class=\"td-1\">11,00<\/td>\n\t\t\t\t\t\t\t<td class=\"td-last td-2\">5000<\/td>\n\t\t\t\t\t<\/tr>\n\t\t\t\t\t<tr class=\"tr-even tr-10\">\n\t\t\t\t\t\t\t<td class=\"td-0\">ct150-12mm \u00d8-SL<\/td>\n\t\t\t\t\t\t\t<td class=\"td-1\">12,00<\/td>\n\t\t\t\t\t\t\t<td class=\"td-last td-2\">5000<\/td>\n\t\t\t\t\t<\/tr>\n\t\t\t\t\t<tr class=\"tr-odd tr-11\">\n\t\t\t\t\t\t\t<td class=\"td-0\">ct150-13mm \u00d8-SL<\/td>\n\t\t\t\t\t\t\t<td class=\"td-1\">13,00<\/td>\n\t\t\t\t\t\t\t<td class=\"td-last td-2\">5000<\/td>\n\t\t\t\t\t<\/tr>\n\t\t\t\t\t<tr class=\"tr-even tr-12\">\n\t\t\t\t\t\t\t<td class=\"td-0\">ct150-14mm \u00d8-SL<\/td>\n\t\t\t\t\t\t\t<td class=\"td-1\">14,00<\/td>\n\t\t\t\t\t\t\t<td class=\"td-last td-2\">5000<\/td>\n\t\t\t\t\t<\/tr>\n\t\t\t\t\t<tr class=\"tr-odd tr-13\">\n\t\t\t\t\t\t\t<td class=\"td-0\">ct150-15mm \u00d8-SL<\/td>\n\t\t\t\t\t\t\t<td class=\"td-1\">15,00<\/td>\n\t\t\t\t\t\t\t<td class=\"td-last td-2\">4000<\/td>\n\t\t\t\t\t<\/tr>\n\t\t\t\t\t<tr class=\"tr-even tr-14\">\n\t\t\t\t\t\t\t<td class=\"td-0\">ct150-16mm \u00d8-SL<\/td>\n\t\t\t\t\t\t\t<td class=\"td-1\">16,00<\/td>\n\t\t\t\t\t\t\t<td class=\"td-last td-2\">4000<\/td>\n\t\t\t\t\t<\/tr>\n\t\t\t\t\t<tr class=\"tr-odd tr-15\">\n\t\t\t\t\t\t\t<td class=\"td-0\">ct150-17,5mm \u00d8-SL<\/td>\n\t\t\t\t\t\t\t<td class=\"td-1\">17,50<\/td>\n\t\t\t\t\t\t\t<td class=\"td-last td-2\">4000<\/td>\n\t\t\t\t\t<\/tr>\n\t\t\t\t\t<tr class=\"tr-even tr-16\">\n\t\t\t\t\t\t\t<td class=\"td-0\">ct150-18mm \u00d8-SL<\/td>\n\t\t\t\t\t\t\t<td class=\"td-1\">18,00<\/td>\n\t\t\t\t\t\t\t<td class=\"td-last td-2\">4000<\/td>\n\t\t\t\t\t<\/tr>\n\t\t\t\t\t<tr class=\"tr-odd tr-17\">\n\t\t\t\t\t\t\t<td class=\"td-0\">ct150-19mm \u00d8-SL<\/td>\n\t\t\t\t\t\t\t<td class=\"td-1\">19,00<\/td>\n\t\t\t\t\t\t\t<td class=\"td-last td-2\">4000<\/td>\n\t\t\t\t\t<\/tr>\n\t\t\t\t\t<tr class=\"tr-even tr-18\">\n\t\t\t\t\t\t\t<td class=\"td-0\">ct150-20mm \u00d8-SL<\/td>\n\t\t\t\t\t\t\t<td class=\"td-1\">20,00<\/td>\n\t\t\t\t\t\t\t<td class=\"td-last td-2\">4000<\/td>\n\t\t\t\t\t<\/tr>\n\t\t\t\t\t<tr class=\"tr-odd tr-19\">\n\t\t\t\t\t\t\t<td class=\"td-0\">ct150-21mm \u00d8-SL<\/td>\n\t\t\t\t\t\t\t<td class=\"td-1\">21,00<\/td>\n\t\t\t\t\t\t\t<td class=\"td-last td-2\">4000<\/td>\n\t\t\t\t\t<\/tr>\n\t\t\t\t\t<tr class=\"tr-even tr-20\">\n\t\t\t\t\t\t\t<td class=\"td-0\">ct150-22mm \u00d8-SL<\/td>\n\t\t\t\t\t\t\t<td class=\"td-1\">22,00<\/td>\n\t\t\t\t\t\t\t<td class=\"td-last td-2\">2000<\/td>\n\t\t\t\t\t<\/tr>\n\t\t\t\t\t<tr class=\"tr-odd tr-21\">\n\t\t\t\t\t\t\t<td class=\"td-0\">ct150-24mm \u00d8-SL<\/td>\n\t\t\t\t\t\t\t<td class=\"td-1\">24,00<\/td>\n\t\t\t\t\t\t\t<td class=\"td-last td-2\">2000<\/td>\n\t\t\t\t\t<\/tr>\n\t\t\t\t\t<tr class=\"tr-even tr-22\">\n\t\t\t\t\t\t\t<td class=\"td-0\">ct150-25mm \u00d8-SL<\/td>\n\t\t\t\t\t\t\t<td class=\"td-1\">25,00<\/td>\n\t\t\t\t\t\t\t<td class=\"td-last td-2\">2000<\/td>\n\t\t\t\t\t<\/tr>\n\t\t\t\t\t<tr class=\"tr-odd tr-23\">\n\t\t\t\t\t\t\t<td class=\"td-0\">ct150-25,4mm \u00d8-SL<\/td>\n\t\t\t\t\t\t\t<td class=\"td-1\">25,40<\/td>\n\t\t\t\t\t\t\t<td class=\"td-last td-2\">2000<\/td>\n\t\t\t\t\t<\/tr>\n\t\t\t\t\t<tr class=\"tr-even tr-24\">\n\t\t\t\t\t\t\t<td class=\"td-0\">ct150-27mm \u00d8-SL<\/td>\n\t\t\t\t\t\t\t<td class=\"td-1\">27,00<\/td>\n\t\t\t\t\t\t\t<td class=\"td-last td-2\">2000<\/td>\n\t\t\t\t\t<\/tr>\n\t\t\t\t\t<tr class=\"tr-odd tr-25\">\n\t\t\t\t\t\t\t<td class=\"td-0\">ct150-28mm \u00d8-SL<\/td>\n\t\t\t\t\t\t\t<td class=\"td-1\">28,00<\/td>\n\t\t\t\t\t\t\t<td class=\"td-last td-2\">2000<\/td>\n\t\t\t\t\t<\/tr>\n\t\t\t\t\t<tr class=\"tr-even tr-26\">\n\t\t\t\t\t\t\t<td class=\"td-0\">ct150-30mm \u00d8-SL<\/td>\n\t\t\t\t\t\t\t<td class=\"td-1\">30,00<\/td>\n\t\t\t\t\t\t\t<td class=\"td-last td-2\">2000<\/td>\n\t\t\t\t\t<\/tr>\n\t\t\t\t\t<tr class=\"tr-odd tr-27\">\n\t\t\t\t\t\t\t<td class=\"td-0\">ct150-32mm \u00d8-SL<\/td>\n\t\t\t\t\t\t\t<td class=\"td-1\">32,00<\/td>\n\t\t\t\t\t\t\t<td class=\"td-last td-2\">2000<\/td>\n\t\t\t\t\t<\/tr>\n\t\t\t\t\t<tr class=\"tr-even tr-28\">\n\t\t\t\t\t\t\t<td class=\"td-0\">ct150-33,9mm \u00d8-SL<\/td>\n\t\t\t\t\t\t\t<td class=\"td-1\">33,90<\/td>\n\t\t\t\t\t\t\t<td class=\"td-last td-2\">2000<\/td>\n\t\t\t\t\t<\/tr>\n\t\t\t\t\t<tr class=\"tr-odd tr-29\">\n\t\t\t\t\t\t\t<td class=\"td-0\">ct150-35mm \u00d8-SL<\/td>\n\t\t\t\t\t\t\t<td class=\"td-1\">35,00<\/td>\n\t\t\t\t\t\t\t<td class=\"td-last td-2\">2000<\/td>\n\t\t\t\t\t<\/tr>\n\t\t\t\t\t<tr class=\"tr-even tr-30\">\n\t\t\t\t\t\t\t<td class=\"td-0\">ct150-37mm \u00d8-SL<\/td>\n\t\t\t\t\t\t\t<td class=\"td-1\">37,00<\/td>\n\t\t\t\t\t\t\t<td class=\"td-last td-2\">2000<\/td>\n\t\t\t\t\t<\/tr>\n\t\t\t\t\t<tr class=\"tr-odd tr-31\">\n\t\t\t\t\t\t\t<td class=\"td-0\">ct150-38,10mm \u00d8-SL<\/td>\n\t\t\t\t\t\t\t<td class=\"td-1\">38,10<\/td>\n\t\t\t\t\t\t\t<td class=\"td-last td-2\">2000<\/td>\n\t\t\t\t\t<\/tr>\n\t\t\t\t\t<tr class=\"tr-even tr-32\">\n\t\t\t\t\t\t\t<td class=\"td-0\">ct150-39mm \u00d8-SL<\/td>\n\t\t\t\t\t\t\t<td class=\"td-1\">39,00<\/td>\n\t\t\t\t\t\t\t<td class=\"td-last td-2\">2000<\/td>\n\t\t\t\t\t<\/tr>\n\t\t\t\t\t<tr class=\"tr-odd tr-33\">\n\t\t\t\t\t\t\t<td class=\"td-0\">ct150-40mm \u00d8-SL<\/td>\n\t\t\t\t\t\t\t<td class=\"td-1\">40,00<\/td>\n\t\t\t\t\t\t\t<td class=\"td-last td-2\">1000<\/td>\n\t\t\t\t\t<\/tr>\n\t\t\t\t\t<tr class=\"tr-even tr-34\">\n\t\t\t\t\t\t\t<td class=\"td-0\">ct150-43mm \u00d8-SL<\/td>\n\t\t\t\t\t\t\t<td class=\"td-1\">43,00<\/td>\n\t\t\t\t\t\t\t<td class=\"td-last td-2\">1000<\/td>\n\t\t\t\t\t<\/tr>\n\t\t\t\t\t<tr class=\"tr-odd tr-35\">\n\t\t\t\t\t\t\t<td class=\"td-0\">ct150-45mm \u00d8-SL<\/td>\n\t\t\t\t\t\t\t<td class=\"td-1\">45,00<\/td>\n\t\t\t\t\t\t\t<td class=\"td-last td-2\">1000<\/td>\n\t\t\t\t\t<\/tr>\n\t\t\t\t\t<tr class=\"tr-even tr-36\">\n\t\t\t\t\t\t\t<td class=\"td-0\">ct150-50mm \u00d8-SL<\/td>\n\t\t\t\t\t\t\t<td class=\"td-1\">50,00<\/td>\n\t\t\t\t\t\t\t<td class=\"td-last td-2\">500<\/td>\n\t\t\t\t\t<\/tr>\n\t\t\t\t\t<tr class=\"tr-odd tr-37\">\n\t\t\t\t\t\t\t<td class=\"td-0\">ct150-55mm \u00d8-SL<\/td>\n\t\t\t\t\t\t\t<td class=\"td-1\">55,00<\/td>\n\t\t\t\t\t\t\t<td class=\"td-last td-2\">500<\/td>\n\t\t\t\t\t<\/tr>\n\t\t\t\t\t<tr class=\"tr-even tr-38\">\n\t\t\t\t\t\t\t<td class=\"td-0\">ct150-56mm \u00d8-SL<\/td>\n\t\t\t\t\t\t\t<td class=\"td-1\">56,00<\/td>\n\t\t\t\t\t\t\t<td class=\"td-last td-2\">500<\/td>\n\t\t\t\t\t<\/tr>\n\t\t\t\t\t<tr class=\"tr-odd tr-39\">\n\t\t\t\t\t\t\t<td class=\"td-0\">ct150-60mm \u00d8-SL<\/td>\n\t\t\t\t\t\t\t<td class=\"td-1\">60,00<\/td>\n\t\t\t\t\t\t\t<td class=\"td-last td-2\">500<\/td>\n\t\t\t\t\t<\/tr>\n\t\t\t\t\t<tr class=\"tr-even tr-40\">\n\t\t\t\t\t\t\t<td class=\"td-0\">ct150-62mm \u00d8-SL<\/td>\n\t\t\t\t\t\t\t<td class=\"td-1\">62,00<\/td>\n\t\t\t\t\t\t\t<td class=\"td-last td-2\">500<\/td>\n\t\t\t\t\t<\/tr>\n\t\t\t\t\t<tr class=\"tr-odd tr-41\">\n\t\t\t\t\t\t\t<td class=\"td-0\">ct150-65mm \u00d8-SL<\/td>\n\t\t\t\t\t\t\t<td class=\"td-1\">65,00<\/td>\n\t\t\t\t\t\t\t<td class=\"td-last td-2\">500<\/td>\n\t\t\t\t\t<\/tr>\n\t\t\t\t\t<tr class=\"tr-even tr-42\">\n\t\t\t\t\t\t\t<td class=\"td-0\">ct150-68mm \u00d8-SL<\/td>\n\t\t\t\t\t\t\t<td class=\"td-1\">68,00<\/td>\n\t\t\t\t\t\t\t<td class=\"td-last td-2\">500<\/td>\n\t\t\t\t\t<\/tr>\n\t\t\t\t\t<tr class=\"tr-odd tr-43\">\n\t\t\t\t\t\t\t<td class=\"td-0\">ct150-70mm \u00d8-SL<\/td>\n\t\t\t\t\t\t\t<td class=\"td-1\">70,00<\/td>\n\t\t\t\t\t\t\t<td class=\"td-last td-2\">500<\/td>\n\t\t\t\t\t<\/tr>\n\t\t\t\t\t<tr class=\"tr-even tr-44\">\n\t\t\t\t\t\t\t<td class=\"td-0\">ct150-80mm \u00d8-SL<\/td>\n\t\t\t\t\t\t\t<td class=\"td-1\">80,00<\/td>\n\t\t\t\t\t\t\t<td class=\"td-last td-2\">250<\/td>\n\t\t\t\t\t<\/tr>\n\t\t\t\t\t<tr class=\"tr-odd tr-45\">\n\t\t\t\t\t\t\t<td class=\"td-0\">ct150-90mm \u00d8-SL<\/td>\n\t\t\t\t\t\t\t<td class=\"td-1\">90,00<\/td>\n\t\t\t\t\t\t\t<td class=\"td-last td-2\">250<\/td>\n\t\t\t\t\t<\/tr>\n\t\t\t\t\t<tr class=\"tr-even tr-46\">\n\t\t\t\t\t\t\t<td class=\"td-0\">ct150-100mm \u00d8-SL<\/td>\n\t\t\t\t\t\t\t<td class=\"td-1\">100,00<\/td>\n\t\t\t\t\t\t\t<td class=\"td-last td-2\">250<\/td>\n\t\t\t\t\t<\/tr>\n\t\t\t\t\t<tr class=\"tr-odd tr-47\">\n\t\t\t\t\t\t\t<td class=\"td-0\">ct150-107mm \u00d8-SL<\/td>\n\t\t\t\t\t\t\t<td class=\"td-1\">107,00<\/td>\n\t\t\t\t\t\t\t<td class=\"td-last td-2\">250<\/td>\n\t\t\t\t\t<\/tr>\n\t\t\t\t\t<tr class=\"tr-even tr-48\">\n\t\t\t\t\t\t\t<td class=\"td-0\">ct150-110mm \u00d8-SL<\/td>\n\t\t\t\t\t\t\t<td class=\"td-1\">110,00<\/td>\n\t\t\t\t\t\t\t<td class=\"td-last td-2\">250<\/td>\n\t\t\t\t\t<\/tr>\n\t\t\t\t\t<tr class=\"tr-odd tr-49\">\n\t\t\t\t\t\t\t<td class=\"td-0\">ct150-111mm \u00d8-SL<\/td>\n\t\t\t\t\t\t\t<td class=\"td-1\">111,00<\/td>\n\t\t\t\t\t\t\t<td class=\"td-last td-2\">250<\/td>\n\t\t\t\t\t<\/tr>\n\t\t\t\t\t<tr class=\"tr-even tr-50\">\n\t\t\t\t\t\t\t<td class=\"td-0\">ct150-115mm \u00d8-SL<\/td>\n\t\t\t\t\t\t\t<td class=\"td-1\">115,00<\/td>\n\t\t\t\t\t\t\t<td class=\"td-last td-2\">250<\/td>\n\t\t\t\t\t<\/tr>\n\t\t\t\t\t<tr class=\"tr-odd tr-51\">\n\t\t\t\t\t\t\t<td class=\"td-0\">ct150-120mm \u00d8-SL<\/td>\n\t\t\t\t\t\t\t<td class=\"td-1\">120,00<\/td>\n\t\t\t\t\t\t\t<td class=\"td-last td-2\">250<\/td>\n\t\t\t\t\t<\/tr>\n\t\t\t\t\t<tr class=\"tr-even tr-52\">\n\t\t\t\t\t\t\t<td class=\"td-0\">ct150-126mm \u00d8-SL<\/td>\n\t\t\t\t\t\t\t<td class=\"td-1\">126,00<\/td>\n\t\t\t\t\t\t\t<td class=\"td-last td-2\">250<\/td>\n\t\t\t\t\t<\/tr>\n\t\t\t\t\t<tr class=\"tr-odd tr-53\">\n\t\t\t\t\t\t\t<td class=\"td-0\">ct150-130mm \u00d8-SL<\/td>\n\t\t\t\t\t\t\t<td class=\"td-1\">130,00<\/td>\n\t\t\t\t\t\t\t<td class=\"td-last td-2\">250<\/td>\n\t\t\t\t\t<\/tr>\n\t\t\t\t\t<tr class=\"tr-even tr-54\">\n\t\t\t\t\t\t\t<td class=\"td-0\">ct150-140mm \u00d8-SL<\/td>\n\t\t\t\t\t\t\t<td class=\"td-1\">140,00<\/td>\n\t\t\t\t\t\t\t<td class=\"td-last td-2\">250<\/td>\n\t\t\t\t\t<\/tr>\n\t\t\t\t\t<tr class=\"tr-odd tr-55\">\n\t\t\t\t\t\t\t<td class=\"td-0\">ct150-146mm \u00d8-SL<\/td>\n\t\t\t\t\t\t\t<td class=\"td-1\">146,00<\/td>\n\t\t\t\t\t\t\t<td class=\"td-last td-2\">250<\/td>\n\t\t\t\t\t<\/tr>\t\t\t\t\t\n\t\t\t\t\t<tr class=\"tr-even tr-56\">\n\t\t\t\t\t\t\t<td class=\"td-0\">ct150-150mm \u00d8-SL<\/td>\n\t\t\t\t\t\t\t<td class=\"td-1\">150,00<\/td>\n\t\t\t\t\t\t\t<td class=\"td-last td-2\">100<\/td>\n\t\t\t\t\t<\/tr>\n\t\t\t\t\t<tr class=\"tr-odd tr-57\">\n\t\t\t\t\t\t\t<td class=\"td-0\">ct150-157mm \u00d8-SL<\/td>\n\t\t\t\t\t\t\t<td class=\"td-1\">157,00<\/td>\n\t\t\t\t\t\t\t<td class=\"td-last td-2\">100<\/td>\n\t\t\t\t\t<\/tr>\n\t\t\t\t\t<tr class=\"tr-even tr-58\">\n\t\t\t\t\t\t\t<td class=\"td-0\">ct150-200mm \u00d8-SL<\/td>\n\t\t\t\t\t\t\t<td class=\"td-1\">200,00<\/td>\n\t\t\t\t\t\t\t<td class=\"td-last td-2\">100<\/td>\n\t\t\t\t\t<\/tr>\n\t\t\t\t\t<tr class=\"tr-odd tr-59\">\n\t\t\t\t\t\t\t<td class=\"td-0\">ct150-212mm \u00d8-SL<\/td>\n\t\t\t\t\t\t\t<td class=\"td-1\">212,00<\/td>\n\t\t\t\t\t\t\t<td class=\"td-last td-2\">100<\/td>\n\t\t\t\t\t<\/tr>\t\n      <\/tbody>\n    <\/table>\n  <\/div>\n<\/div>\n\n<style>\n.scroll-wrapper {\n  overflow-x: auto !important;\n  -webkit-overflow-scrolling: touch;\n  width: 100%;\n}\n\n.table_scrollbox {\n  background-color: #fff;\n  position: relative;\n  max-height: 400px;\n  overflow-y: auto;\n  border: 1px solid #ccc;\n  border-radius: 6px;\n  min-width: 700px; \/* Wichtig: erzeugt horizontalen Scroll *\/\n}\n\n.scrolltable {\n  width: 100%;\n  border-collapse: collapse;\n}\n\n.scrolltable th, .scrolltable td {\n  padding: 10px 14px;\n  text-align: left;\n  white-space: nowrap;\n  font-size: 14px;\n  border-bottom: 1px solid #ddd;\n}\n\n.scrolltable th {\n  background-color: #f2f2f2;\n  color: #B6121D;\n  position: sticky;\n  top: 0;\n  z-index: 2;\n  box-shadow: 0 2px 2px -1px rgba(0, 0, 0, 0.4);\n}\n\n.scrolltable thead::before {\n  content: '';\n  position: sticky;\n  top: 0;\n  display: block;\n  height: 1px;\n  background-color: #fff;\n  z-index: 3;\n}\n\n.scrolltable tbody tr:nth-child(odd) {\n  background-color: #e9e9e9 !important;\n}\n\n.scrolltable tbody tr:nth-child(even) {\n  background-color: #ffffff;\n}\n<\/style>\n\t\t\t\t<\/div>\n\t\t\t\t<\/div>\n\t\t\t\t\t<\/div>\n\t\t<\/div>\n\t\t\t\t<div class=\"elementor-column elementor-col-33 elementor-top-column elementor-element elementor-element-c3dbad8\" data-id=\"c3dbad8\" data-element_type=\"column\" data-e-type=\"column\">\n\t\t\t<div class=\"elementor-widget-wrap elementor-element-populated\">\n\t\t\t\t\t\t<div class=\"elementor-element elementor-element-09d2e63 elementor-widget elementor-widget-text-editor\" data-id=\"09d2e63\" data-element_type=\"widget\" data-e-type=\"widget\" data-widget_type=\"text-editor.default\">\n\t\t\t\t<div class=\"elementor-widget-container\">\n\t\t\t\t\t\t\t\t\t<p><span style=\"color: #000000;\"><b>Andere Durchmesser k\u00f6nnen kurzfristig gefertigt werden.<\/b><\/span><\/p><p><span style=\"color: #000000;\"><b>Tips:<\/b><\/span><br \/><span style=\"color: #000000;\"><b>Test beforehand with two-color coatings!<\/b><\/span><br \/><span style=\"color: #000000;\"><b><br \/>Applications:<\/b><\/span><br \/><span style=\"color: #000000;\">Wet paint.<\/span><\/p><p><span style=\"color: #000000;\"><strong>Prices:<\/strong><\/span><br \/><span style=\"color: #000000;\">You can find the excerpt from our catalog<\/span> <a href=\"https:\/\/christianzang.de\/wp-content\/uploads\/2024\/12\/Katalog-2025.pdf#page=156\"><strong>here...<\/strong><\/a><br \/><span style=\"color: #000000;\">Ask for your personal shopping discount!<\/span><\/p><p><span style=\"color: #000000;\"><strong>Special offers:<br \/><\/strong>Some of our items are currently heavily discounted.<\/span><br \/><span style=\"color: #000000;\">You can find an excerpt from our promotional flyer<\/span> <a href=\"https:\/\/christianzang.de\/wp-content\/uploads\/2025\/01\/Aktionsflyer-2025.pdf#page=21\"><strong>here...<\/strong><\/a><\/p>\t\t\t\t\t\t\t\t<\/div>\n\t\t\t\t<\/div>\n\t\t\t\t\t<\/div>\n\t\t<\/div>\n\t\t\t\t\t<\/div>\n\t\t<\/section>\n\t\t\t\t<\/div>","protected":false},"excerpt":{"rendered":"<p>Krepp Klebepunkte aus CT150 &#8211; 150\u00b0C \u2013 175 \u00b0C Slitback Hitzebest\u00e4ndige Krepp-Klebepunkte in einer St\u00e4rke von 0,18 mm und einer [&hellip;]<\/p>\n","protected":false},"author":5,"featured_media":0,"parent":0,"menu_order":0,"comment_status":"closed","ping_status":"closed","template":"","meta":{"site-sidebar-layout":"default","site-content-layout":"","ast-site-content-layout":"default","site-content-style":"default","site-sidebar-style":"default","ast-global-header-display":"","ast-banner-title-visibility":"","ast-main-header-display":"","ast-hfb-above-header-display":"","ast-hfb-below-header-display":"","ast-hfb-mobile-header-display":"","site-post-title":"","ast-breadcrumbs-content":"","ast-featured-img":"","footer-sml-layout":"","ast-disable-related-posts":"","theme-transparent-header-meta":"","adv-header-id-meta":"","stick-header-meta":"","header-above-stick-meta":"","header-main-stick-meta":"","header-below-stick-meta":"","astra-migrate-meta-layouts":"default","ast-page-background-enabled":"default","ast-page-background-meta":{"desktop":{"background-color":"var(--ast-global-color-5)","background-image":"","background-repeat":"repeat","background-position":"center center","background-size":"auto","background-attachment":"scroll","background-type":"","background-media":"","overlay-type":"","overlay-color":"","overlay-opacity":"","overlay-gradient":""},"tablet":{"background-color":"","background-image":"","background-repeat":"repeat","background-position":"center center","background-size":"auto","background-attachment":"scroll","background-type":"","background-media":"","overlay-type":"","overlay-color":"","overlay-opacity":"","overlay-gradient":""},"mobile":{"background-color":"","background-image":"","background-repeat":"repeat","background-position":"center center","background-size":"auto","background-attachment":"scroll","background-type":"","background-media":"","overlay-type":"","overlay-color":"","overlay-opacity":"","overlay-gradient":""}},"ast-content-background-meta":{"desktop":{"background-color":"var(--ast-global-color-4)","background-image":"","background-repeat":"repeat","background-position":"center center","background-size":"auto","background-attachment":"scroll","background-type":"","background-media":"","overlay-type":"","overlay-color":"","overlay-opacity":"","overlay-gradient":""},"tablet":{"background-color":"var(--ast-global-color-4)","background-image":"","background-repeat":"repeat","background-position":"center center","background-size":"auto","background-attachment":"scroll","background-type":"","background-media":"","overlay-type":"","overlay-color":"","overlay-opacity":"","overlay-gradient":""},"mobile":{"background-color":"var(--ast-global-color-4)","background-image":"","background-repeat":"repeat","background-position":"center center","background-size":"auto","background-attachment":"scroll","background-type":"","background-media":"","overlay-type":"","overlay-color":"","overlay-opacity":"","overlay-gradient":""}},"footnotes":""},"class_list":["post-14268","page","type-page","status-publish","hentry"],"_links":{"self":[{"href":"https:\/\/christianzang.de\/en\/wp-json\/wp\/v2\/pages\/14268","targetHints":{"allow":["GET"]}}],"collection":[{"href":"https:\/\/christianzang.de\/en\/wp-json\/wp\/v2\/pages"}],"about":[{"href":"https:\/\/christianzang.de\/en\/wp-json\/wp\/v2\/types\/page"}],"author":[{"embeddable":true,"href":"https:\/\/christianzang.de\/en\/wp-json\/wp\/v2\/users\/5"}],"replies":[{"embeddable":true,"href":"https:\/\/christianzang.de\/en\/wp-json\/wp\/v2\/comments?post=14268"}],"version-history":[{"count":6,"href":"https:\/\/christianzang.de\/en\/wp-json\/wp\/v2\/pages\/14268\/revisions"}],"predecessor-version":[{"id":19604,"href":"https:\/\/christianzang.de\/en\/wp-json\/wp\/v2\/pages\/14268\/revisions\/19604"}],"wp:attachment":[{"href":"https:\/\/christianzang.de\/en\/wp-json\/wp\/v2\/media?parent=14268"}],"curies":[{"name":"wp","href":"https:\/\/api.w.org\/{rel}","templated":true}]}}