{"id":14289,"date":"2024-12-06T08:50:16","date_gmt":"2024-12-06T07:50:16","guid":{"rendered":"https:\/\/christianzang.de\/?page_id=14289"},"modified":"2025-05-12T11:17:31","modified_gmt":"2025-05-12T09:17:31","slug":"kt260-polyamid-klebepunkte-260c","status":"publish","type":"page","link":"https:\/\/christianzang.de\/en\/kt260-polyamid-klebepunkte-260c\/","title":{"rendered":"KT260 Polyamid Klebepunkte 260\u00b0C"},"content":{"rendered":"<div data-elementor-type=\"wp-page\" data-elementor-id=\"14289\" class=\"elementor elementor-14289\">\n\t\t\t\t\t\t<section class=\"elementor-section elementor-top-section elementor-element elementor-element-42796df elementor-section-full_width elementor-section-height-default elementor-section-height-default\" data-id=\"42796df\" data-element_type=\"section\" data-e-type=\"section\">\n\t\t\t\t\t\t<div class=\"elementor-container elementor-column-gap-default\">\n\t\t\t\t\t<div class=\"elementor-column elementor-col-100 elementor-top-column elementor-element elementor-element-6b7834b\" data-id=\"6b7834b\" data-element_type=\"column\" data-e-type=\"column\">\n\t\t\t<div class=\"elementor-widget-wrap elementor-element-populated\">\n\t\t\t\t\t\t<div class=\"elementor-element elementor-element-b073d82 elementor-widget elementor-widget-heading\" data-id=\"b073d82\" data-element_type=\"widget\" data-e-type=\"widget\" data-widget_type=\"heading.default\">\n\t\t\t\t<div class=\"elementor-widget-container\">\n\t\t\t\t\t<h1 class=\"elementor-heading-title elementor-size-default\">Polyamid Klebepunkte 260 \u00b0C gelb-braun<\/h1>\t\t\t\t<\/div>\n\t\t\t\t<\/div>\n\t\t\t\t\t<\/div>\n\t\t<\/div>\n\t\t\t\t\t<\/div>\n\t\t<\/section>\n\t\t\t\t<section class=\"elementor-section elementor-top-section elementor-element elementor-element-8ae9ce5 elementor-section-full_width elementor-section-height-default elementor-section-height-default\" data-id=\"8ae9ce5\" data-element_type=\"section\" data-e-type=\"section\">\n\t\t\t\t\t\t<div class=\"elementor-container elementor-column-gap-default\">\n\t\t\t\t\t<div class=\"elementor-column elementor-col-100 elementor-top-column elementor-element elementor-element-d0de03e\" data-id=\"d0de03e\" data-element_type=\"column\" data-e-type=\"column\">\n\t\t\t<div class=\"elementor-widget-wrap elementor-element-populated\">\n\t\t\t\t\t\t<div class=\"elementor-element elementor-element-c889632 elementor-widget-divider--view-line elementor-widget elementor-widget-divider\" data-id=\"c889632\" data-element_type=\"widget\" data-e-type=\"widget\" data-widget_type=\"divider.default\">\n\t\t\t\t<div class=\"elementor-widget-container\">\n\t\t\t\t\t\t\t<div class=\"elementor-divider\">\n\t\t\t<span class=\"elementor-divider-separator\">\n\t\t\t\t\t\t<\/span>\n\t\t<\/div>\n\t\t\t\t\t\t<\/div>\n\t\t\t\t<\/div>\n\t\t\t\t\t<\/div>\n\t\t<\/div>\n\t\t\t\t\t<\/div>\n\t\t<\/section>\n\t\t\t\t<section class=\"elementor-section elementor-top-section elementor-element elementor-element-9418024 elementor-section-full_width elementor-section-height-default elementor-section-height-default\" data-id=\"9418024\" data-element_type=\"section\" data-e-type=\"section\">\n\t\t\t\t\t\t<div class=\"elementor-container elementor-column-gap-default\">\n\t\t\t\t\t<div class=\"elementor-column elementor-col-33 elementor-top-column elementor-element elementor-element-67dfa39\" data-id=\"67dfa39\" data-element_type=\"column\" data-e-type=\"column\">\n\t\t\t<div class=\"elementor-widget-wrap elementor-element-populated\">\n\t\t\t\t\t\t<div class=\"elementor-element elementor-element-f0128bb elementor-widget elementor-widget-image\" data-id=\"f0128bb\" data-element_type=\"widget\" data-e-type=\"widget\" data-widget_type=\"image.default\">\n\t\t\t\t<div class=\"elementor-widget-container\">\n\t\t\t\t\t\t\t\t\t\t\t\t\t\t\t<img fetchpriority=\"high\" decoding=\"async\" width=\"338\" height=\"231\" src=\"https:\/\/christianzang.de\/wp-content\/uploads\/2017\/12\/Polyamid-Klebepunkte-260\u00b0C-1.png\" class=\"attachment-large size-large wp-image-2855\" alt=\"\" srcset=\"https:\/\/christianzang.de\/wp-content\/uploads\/2017\/12\/Polyamid-Klebepunkte-260\u00b0C-1.png 338w, https:\/\/christianzang.de\/wp-content\/uploads\/2017\/12\/Polyamid-Klebepunkte-260\u00b0C-1-300x205.png 300w\" sizes=\"(max-width: 338px) 100vw, 338px\" \/>\t\t\t\t\t\t\t\t\t\t\t\t\t\t\t<\/div>\n\t\t\t\t<\/div>\n\t\t\t\t\t<\/div>\n\t\t<\/div>\n\t\t\t\t<div class=\"elementor-column elementor-col-66 elementor-top-column elementor-element elementor-element-da4a0fd\" data-id=\"da4a0fd\" data-element_type=\"column\" data-e-type=\"column\">\n\t\t\t<div class=\"elementor-widget-wrap elementor-element-populated\">\n\t\t\t\t\t\t<div class=\"elementor-element elementor-element-cd6a307 elementor-widget elementor-widget-text-editor\" data-id=\"cd6a307\" data-element_type=\"widget\" data-e-type=\"widget\" data-widget_type=\"text-editor.default\">\n\t\t\t\t<div class=\"elementor-widget-container\">\n\t\t\t\t\t\t\t\t\t<p class=\"bodytext\"><span style=\"color: #000000;\">Hitzebest\u00e4ndige Krepp-Klebepunkte in einer St\u00e4rke von 0,065 mm und einer Temperaturbest\u00e4ndigkeit bis plus 260 \u00b0C.<\/span><br \/><span style=\"color: #000000;\">Excellent acid and solvent resistance, can be removed without leaving any residue even when cold.<\/span><\/p><p class=\"bodytext\"><b><span style=\"color: #000000;\">Standard lieferbar als Klebepunkte, au\u00dferdem k\u00f6nnen Stanzteile nach Zeichnung oder Muster f\u00fcr Sie auf Tr\u00e4gerfolie kaschiert werden (<\/span><a href=\"https:\/\/christianzang.de\/en\/sonderformen\/\">s. Stanzformen<\/a><span style=\"color: #000000;\">).<\/span><br \/><span style=\"color: #000000;\">Andere Durchmesser k\u00f6nnen kurzfristig gefertigt werden.<\/span><br \/><\/b><\/p>\t\t\t\t\t\t\t\t<\/div>\n\t\t\t\t<\/div>\n\t\t\t\t\t<\/div>\n\t\t<\/div>\n\t\t\t\t\t<\/div>\n\t\t<\/section>\n\t\t\t\t<section class=\"elementor-section elementor-top-section elementor-element elementor-element-f08fbaa elementor-section-full_width elementor-section-height-default elementor-section-height-default\" data-id=\"f08fbaa\" data-element_type=\"section\" data-e-type=\"section\">\n\t\t\t\t\t\t<div class=\"elementor-container elementor-column-gap-default\">\n\t\t\t\t\t<div class=\"elementor-column elementor-col-66 elementor-top-column elementor-element elementor-element-a7d2170\" data-id=\"a7d2170\" data-element_type=\"column\" data-e-type=\"column\">\n\t\t\t<div class=\"elementor-widget-wrap elementor-element-populated\">\n\t\t\t\t\t\t<div class=\"elementor-element elementor-element-4e282f2 elementor-widget elementor-widget-html\" data-id=\"4e282f2\" data-element_type=\"widget\" data-e-type=\"widget\" data-widget_type=\"html.default\">\n\t\t\t\t<div class=\"elementor-widget-container\">\n\t\t\t\t\t<div class=\"scroll-wrapper\">\n  <div class=\"table_scrollbox\">\n    <table class=\"scrolltable\">\n      <thead>\n        <tr>\n      <tbody>\n                            <th>Art.-Nr.<\/th>\n                            <th>\u00d8 in mm<\/th>\n                            <th>Anzahl pro Rolle<\/th>\n      <\/tbody>\n        <\/tr>\n      <\/thead>\n      <tbody>\n<tr class=\"tr-odd tr-1\">\n    <td class=\"td-0\">kt00118<\/td>\n    <td class=\"td-1\">3,00<\/td>\n    <td class=\"td-last td-2\">2000<\/td>\n<\/tr>\n<tr class=\"tr-even tr-2\">\n    <td class=\"td-0\">kt00157<\/td>\n    <td class=\"td-1\">4,00<\/td>\n    <td class=\"td-last td-2\">2000<\/td>\n<\/tr>\n<tr class=\"tr-odd tr-3\">\n    <td class=\"td-0\">kt00197<\/td>\n    <td class=\"td-1\">5,00<\/td>\n    <td class=\"td-last td-2\">2000<\/td>\n<\/tr>\n<tr class=\"tr-even tr-4\">\n    <td class=\"td-0\">kt00236<\/td>\n    <td class=\"td-1\">6,00<\/td>\n    <td class=\"td-last td-2\">2000<\/td>\n<\/tr>\n<tr class=\"tr-odd tr-5\">\n    <td class=\"td-0\">kt00279<\/td>\n    <td class=\"td-1\">7,00<\/td>\n    <td class=\"td-last td-2\">2000<\/td>\n<\/tr>\n<tr class=\"tr-even tr-6\">\n    <td class=\"td-0\">kt00315<\/td>\n    <td class=\"td-1\">8,00<\/td>\n    <td class=\"td-last td-2\">2000<\/td>\n<\/tr>\n<tr class=\"tr-odd tr-7\">\n    <td class=\"td-0\">kt00354<\/td>\n    <td class=\"td-1\">9,00<\/td>\n    <td class=\"td-last td-2\">2000<\/td>\n<\/tr>\n<tr class=\"tr-even tr-8\">\n    <td class=\"td-0\">kt00394<\/td>\n    <td class=\"td-1\">10,00<\/td>\n    <td class=\"td-last td-2\">2000<\/td>\n<\/tr>\n<tr class=\"tr-odd tr-9\">\n    <td class=\"td-0\">kt00437<\/td>\n    <td class=\"td-1\">11,00<\/td>\n    <td class=\"td-last td-2\">2000<\/td>\n<\/tr>\n<tr class=\"tr-even tr-10\">\n    <td class=\"td-0\">kt00472<\/td>\n    <td class=\"td-1\">12,00<\/td>\n    <td class=\"td-last td-2\">2000<\/td>\n<\/tr>\n<tr class=\"tr-odd tr-11\">\n    <td class=\"td-0\">kt00511<\/td>\n    <td class=\"td-1\">13,00<\/td>\n    <td class=\"td-last td-2\">2000<\/td>\n<\/tr>\n<tr class=\"tr-even tr-12\">\n    <td class=\"td-0\">kt00551<\/td>\n    <td class=\"td-1\">14,00<\/td>\n    <td class=\"td-last td-2\">2000<\/td>\n<\/tr>\n<tr class=\"tr-odd tr-13\">\n    <td class=\"td-0\">kt00591<\/td>\n    <td class=\"td-1\">15,00<\/td>\n    <td class=\"td-last td-2\">2000<\/td>\n<\/tr>\n<tr class=\"tr-even tr-14\">\n    <td class=\"td-0\">kt00625<\/td>\n    <td class=\"td-1\">16,00<\/td>\n    <td class=\"td-last td-2\">1000<\/td>\n<\/tr>\n<tr class=\"tr-odd tr-15\">\n    <td class=\"td-0\">kt00687<\/td>\n    <td class=\"td-1\">17,00<\/td>\n    <td class=\"td-last td-2\">1000<\/td>\n<\/tr>\n<tr class=\"tr-even tr-16\">\n    <td class=\"td-0\">kt00709<\/td>\n    <td class=\"td-1\">18,00<\/td>\n    <td class=\"td-last td-2\">1000<\/td>\n<\/tr>\n<tr class=\"tr-odd tr-17\">\n    <td class=\"td-0\">kt00750<\/td>\n    <td class=\"td-1\">19,00<\/td>\n    <td class=\"td-last td-2\">1000<\/td>\n<\/tr>\n<tr class=\"tr-even tr-18\">\n    <td class=\"td-0\">kt00787<\/td>\n    <td class=\"td-1\">20,00<\/td>\n    <td class=\"td-last td-2\">1000<\/td>\n<\/tr>\n<tr class=\"tr-odd tr-19\">\n    <td class=\"td-0\">kt00826<\/td>\n    <td class=\"td-1\">21,00<\/td>\n    <td class=\"td-last td-2\">1000<\/td>\n<\/tr>\n<tr class=\"tr-even tr-20\">\n    <td class=\"td-0\">kt00866<\/td>\n    <td class=\"td-1\">22,00<\/td>\n    <td class=\"td-last td-2\">1000<\/td>\n<\/tr>\n<tr class=\"tr-odd tr-21\">\n    <td class=\"td-0\">kt00905<\/td>\n    <td class=\"td-1\">23,00<\/td>\n    <td class=\"td-last td-2\">500<\/td>\n<\/tr>\n<tr class=\"tr-even tr-22\">\n    <td class=\"td-0\">kt00944<\/td>\n    <td class=\"td-1\">24,00<\/td>\n    <td class=\"td-last td-2\">500<\/td>\n<\/tr>\n<tr class=\"tr-odd tr-23\">\n    <td class=\"td-0\">kt00984<\/td>\n    <td class=\"td-1\">25,00<\/td>\n    <td class=\"td-last td-2\">500<\/td>\n<\/tr>\n<tr class=\"tr-even tr-24\">\n    <td class=\"td-0\">kt01023<\/td>\n    <td class=\"td-1\">26,00<\/td>\n    <td class=\"td-last td-2\">500<\/td>\n<\/tr>\n<tr class=\"tr-odd tr-25\">\n    <td class=\"td-0\">kt01062<\/td>\n    <td class=\"td-1\">27,00<\/td>\n    <td class=\"td-last td-2\">500<\/td>\n<\/tr>\n<tr class=\"tr-even tr-26\">\n    <td class=\"td-0\">kt01102<\/td>\n    <td class=\"td-1\">28,00<\/td>\n    <td class=\"td-last td-2\">500<\/td>\n<\/tr>\n<tr class=\"tr-odd tr-27\">\n    <td class=\"td-0\">kt01125<\/td>\n    <td class=\"td-1\"> 29,00<\/td>\n    <td class=\"td-last td-2\">500<\/td>\n<\/tr>\n<tr class=\"tr-even tr-28\">\n    <td class=\"td-0\">kt01181<\/td>\n    <td class=\"td-1\">30,00<\/td>\n    <td class=\"td-last td-2\">500<\/td>\n<\/tr>\n<tr class=\"tr-odd tr-29\">\n    <td class=\"td-0\">kt01187<\/td>\n    <td class=\"td-1\">31,00<\/td>\n    <td class=\"td-last td-2\">500<\/td>\n<\/tr>\n<tr class=\"tr-even tr-30\">\n    <td class=\"td-0\">kt01250<\/td>\n    <td class=\"td-1\">32,00<\/td>\n    <td class=\"td-last td-2\">500<\/td>\n<\/tr>\n<tr class=\"tr-odd tr-31\">\n    <td class=\"td-0\">kt01312<\/td>\n    <td class=\"td-1\">33,00<\/td>\n    <td class=\"td-last td-2\">500<\/td>\n<\/tr>\n<tr class=\"tr-even tr-32\">\n    <td class=\"td-0\">kt01375<\/td>\n    <td class=\"td-1\">34,00<\/td>\n    <td class=\"td-last td-2\">500<\/td>\n<\/tr>\n<tr class=\"tr-odd tr-33\">\n    <td class=\"td-0\">kt01437<\/td>\n    <td class=\"td-1\">35,00<\/td>\n    <td class=\"td-last td-2\">500<\/td>\n<\/tr>\n<tr class=\"tr-even tr-34\">\n    <td class=\"td-0\">kt01500<\/td>\n    <td class=\"td-1\">36,00<\/td>\n    <td class=\"td-last td-2\">500<\/td>\n<\/tr>\n<tr class=\"tr-odd tr-35\">\n    <td class=\"td-0\">kt01562<\/td>\n    <td class=\"td-1\">38,00<\/td>\n    <td class=\"td-last td-2\">500<\/td>\n<\/tr>\n<tr class=\"tr-even tr-36\">\n    <td class=\"td-0\">kt01575<\/td>\n    <td class=\"td-1\">40,00<\/td>\n    <td class=\"td-last td-2\">250<\/td>\n<\/tr>\n<tr class=\"tr-odd tr-37\">\n    <td class=\"td-0\">kt01614<\/td>\n    <td class=\"td-1\">41,00<\/td>\n    <td class=\"td-last td-2\">250<\/td>\n<\/tr>\n<tr class=\"tr-even tr-38\">\n    <td class=\"td-0\">kt01653<\/td>\n    <td class=\"td-1\">42,00<\/td>\n    <td class=\"td-last td-2\">250<\/td>\n<\/tr>\n<tr class=\"tr-odd tr-39\">\n    <td class=\"td-0\">kt01771<\/td>\n    <td class=\"td-1\">45,00<\/td>\n    <td class=\"td-last td-2\">250<\/td>\n<\/tr>\n<tr class=\"tr-even tr-40\">\n    <td class=\"td-0\">kt01812<\/td>\n    <td class=\"td-1\">46,00<\/td>\n    <td class=\"td-last td-2\">250<\/td>\n<\/tr>\n<tr class=\"tr-odd tr-41\">\n    <td class=\"td-0\">kt01889<\/td>\n    <td class=\"td-1\">48,00<\/td>\n    <td class=\"td-last td-2\">250<\/td>\n<\/tr>\n<tr class=\"tr-even tr-42\">\n    <td class=\"td-0\">kt01937<\/td>\n    <td class=\"td-1\">49,00<\/td>\n    <td class=\"td-last td-2\">100<\/td>\n<\/tr>\n<tr class=\"tr-odd tr-43\">\n    <td class=\"td-0\">kt01969<\/td>\n    <td class=\"td-1\">50,00<\/td>\n    <td class=\"td-last td-2\">100<\/td>\n<\/tr>\n<tr class=\"tr-even tr-last\">\n    <td class=\"td-0\">kt02953<\/td>\n    <td class=\"td-1\">75,00<\/td>\n    <td class=\"td-last td-2\">100<\/td>\n<\/tr>\n      <\/tbody>\n    <\/table>\n  <\/div>\n<\/div>\n\n<style>\n.scroll-wrapper {\n  overflow-x: auto !important;\n  -webkit-overflow-scrolling: touch;\n  width: 100%;\n}\n\n.table_scrollbox {\n  background-color: #fff;\n  position: relative;\n  max-height: 400px;\n  overflow-y: auto;\n  border: 1px solid #ccc;\n  border-radius: 6px;\n  min-width: 700px; \/* Wichtig: erzeugt horizontalen Scroll *\/\n}\n\n.scrolltable {\n  width: 100%;\n  border-collapse: collapse;\n}\n\n.scrolltable th, .scrolltable td {\n  padding: 10px 14px;\n  text-align: left;\n  white-space: nowrap;\n  font-size: 14px;\n  border-bottom: 1px solid #ddd;\n}\n\n.scrolltable th {\n  background-color: #f2f2f2;\n  color: #B6121D;\n  position: sticky;\n  top: 0;\n  z-index: 2;\n  box-shadow: 0 2px 2px -1px rgba(0, 0, 0, 0.4);\n}\n\n.scrolltable thead::before {\n  content: '';\n  position: sticky;\n  top: 0;\n  display: block;\n  height: 1px;\n  background-color: #fff;\n  z-index: 3;\n}\n\n.scrolltable tbody tr:nth-child(odd) {\n  background-color: #e9e9e9 !important;\n}\n\n.scrolltable tbody tr:nth-child(even) {\n  background-color: #ffffff;\n}\n<\/style>\n\t\t\t\t<\/div>\n\t\t\t\t<\/div>\n\t\t\t\t\t<\/div>\n\t\t<\/div>\n\t\t\t\t<div class=\"elementor-column elementor-col-33 elementor-top-column elementor-element elementor-element-c3dbad8\" data-id=\"c3dbad8\" data-element_type=\"column\" data-e-type=\"column\">\n\t\t\t<div class=\"elementor-widget-wrap elementor-element-populated\">\n\t\t\t\t\t\t<div class=\"elementor-element elementor-element-09d2e63 elementor-widget elementor-widget-text-editor\" data-id=\"09d2e63\" data-element_type=\"widget\" data-e-type=\"widget\" data-widget_type=\"text-editor.default\">\n\t\t\t\t<div class=\"elementor-widget-container\">\n\t\t\t\t\t\t\t\t\t<p><span style=\"color: #000000;\"><b>Tips:<\/b><\/span><br \/><span style=\"color: #000000;\">Press down firmly on the edges by hand or with a<\/span>\u00a0<a class=\"internal-link\" href=\"https:\/\/christianzang.de\/en\/hilfsmittel\/spachtel-3m\/\">spatula<\/a>\u00a0<span style=\"color: #000000;\">.<\/span><br \/><span style=\"color: #000000;\"><b>Test beforehand with two-color coatings!<\/b><\/span><br \/><span style=\"color: #000000;\"><b><br \/>Applications:<\/b><\/span><br \/><span style=\"color: #000000;\">Powder coating, cathodic electrocoating, wet paint, anodizing.<\/span><\/p><p><span style=\"color: #000000;\"><strong>Prices:<\/strong><\/span><br \/><span style=\"color: #000000;\">You can find the excerpt from our catalog<\/span> <a href=\"https:\/\/christianzang.de\/wp-content\/uploads\/2024\/12\/Katalog-2025.pdf#page=158\"><strong>here...<\/strong><\/a><br \/><span style=\"color: #000000;\">Ask for your personal shopping discount!<\/span><\/p>\t\t\t\t\t\t\t\t<\/div>\n\t\t\t\t<\/div>\n\t\t\t\t\t<\/div>\n\t\t<\/div>\n\t\t\t\t\t<\/div>\n\t\t<\/section>\n\t\t\t\t<\/div>","protected":false},"excerpt":{"rendered":"<p>Polyamid Klebepunkte 260 \u00b0C gelb-braun Hitzebest\u00e4ndige Krepp-Klebepunkte in einer St\u00e4rke von 0,065 mm und einer Temperaturbest\u00e4ndigkeit bis plus 260 \u00b0C.Sehr [&hellip;]<\/p>\n","protected":false},"author":5,"featured_media":0,"parent":0,"menu_order":0,"comment_status":"closed","ping_status":"closed","template":"","meta":{"site-sidebar-layout":"default","site-content-layout":"","ast-site-content-layout":"default","site-content-style":"default","site-sidebar-style":"default","ast-global-header-display":"","ast-banner-title-visibility":"","ast-main-header-display":"","ast-hfb-above-header-display":"","ast-hfb-below-header-display":"","ast-hfb-mobile-header-display":"","site-post-title":"","ast-breadcrumbs-content":"","ast-featured-img":"","footer-sml-layout":"","ast-disable-related-posts":"","theme-transparent-header-meta":"","adv-header-id-meta":"","stick-header-meta":"","header-above-stick-meta":"","header-main-stick-meta":"","header-below-stick-meta":"","astra-migrate-meta-layouts":"default","ast-page-background-enabled":"default","ast-page-background-meta":{"desktop":{"background-color":"var(--ast-global-color-5)","background-image":"","background-repeat":"repeat","background-position":"center center","background-size":"auto","background-attachment":"scroll","background-type":"","background-media":"","overlay-type":"","overlay-color":"","overlay-opacity":"","overlay-gradient":""},"tablet":{"background-color":"","background-image":"","background-repeat":"repeat","background-position":"center center","background-size":"auto","background-attachment":"scroll","background-type":"","background-media":"","overlay-type":"","overlay-color":"","overlay-opacity":"","overlay-gradient":""},"mobile":{"background-color":"","background-image":"","background-repeat":"repeat","background-position":"center center","background-size":"auto","background-attachment":"scroll","background-type":"","background-media":"","overlay-type":"","overlay-color":"","overlay-opacity":"","overlay-gradient":""}},"ast-content-background-meta":{"desktop":{"background-color":"var(--ast-global-color-4)","background-image":"","background-repeat":"repeat","background-position":"center center","background-size":"auto","background-attachment":"scroll","background-type":"","background-media":"","overlay-type":"","overlay-color":"","overlay-opacity":"","overlay-gradient":""},"tablet":{"background-color":"var(--ast-global-color-4)","background-image":"","background-repeat":"repeat","background-position":"center center","background-size":"auto","background-attachment":"scroll","background-type":"","background-media":"","overlay-type":"","overlay-color":"","overlay-opacity":"","overlay-gradient":""},"mobile":{"background-color":"var(--ast-global-color-4)","background-image":"","background-repeat":"repeat","background-position":"center center","background-size":"auto","background-attachment":"scroll","background-type":"","background-media":"","overlay-type":"","overlay-color":"","overlay-opacity":"","overlay-gradient":""}},"footnotes":""},"class_list":["post-14289","page","type-page","status-publish","hentry"],"_links":{"self":[{"href":"https:\/\/christianzang.de\/en\/wp-json\/wp\/v2\/pages\/14289","targetHints":{"allow":["GET"]}}],"collection":[{"href":"https:\/\/christianzang.de\/en\/wp-json\/wp\/v2\/pages"}],"about":[{"href":"https:\/\/christianzang.de\/en\/wp-json\/wp\/v2\/types\/page"}],"author":[{"embeddable":true,"href":"https:\/\/christianzang.de\/en\/wp-json\/wp\/v2\/users\/5"}],"replies":[{"embeddable":true,"href":"https:\/\/christianzang.de\/en\/wp-json\/wp\/v2\/comments?post=14289"}],"version-history":[{"count":6,"href":"https:\/\/christianzang.de\/en\/wp-json\/wp\/v2\/pages\/14289\/revisions"}],"predecessor-version":[{"id":19607,"href":"https:\/\/christianzang.de\/en\/wp-json\/wp\/v2\/pages\/14289\/revisions\/19607"}],"wp:attachment":[{"href":"https:\/\/christianzang.de\/en\/wp-json\/wp\/v2\/media?parent=14289"}],"curies":[{"name":"wp","href":"https:\/\/api.w.org\/{rel}","templated":true}]}}