{"id":14369,"date":"2024-12-06T12:52:48","date_gmt":"2024-12-06T11:52:48","guid":{"rendered":"https:\/\/christianzang.de\/?page_id=14369"},"modified":"2025-05-12T11:22:19","modified_gmt":"2025-05-12T09:22:19","slug":"schutzoverall","status":"publish","type":"page","link":"https:\/\/christianzang.de\/en\/schutzoverall\/","title":{"rendered":"protective overall"},"content":{"rendered":"<div data-elementor-type=\"wp-page\" data-elementor-id=\"14369\" class=\"elementor elementor-14369\">\n\t\t\t\t\t\t<section class=\"elementor-section elementor-top-section elementor-element elementor-element-42796df elementor-section-full_width elementor-section-height-default elementor-section-height-default\" data-id=\"42796df\" data-element_type=\"section\" data-e-type=\"section\">\n\t\t\t\t\t\t<div class=\"elementor-container elementor-column-gap-default\">\n\t\t\t\t\t<div class=\"elementor-column elementor-col-100 elementor-top-column elementor-element elementor-element-6b7834b\" data-id=\"6b7834b\" data-element_type=\"column\" data-e-type=\"column\">\n\t\t\t<div class=\"elementor-widget-wrap elementor-element-populated\">\n\t\t\t\t\t\t<div class=\"elementor-element elementor-element-b073d82 elementor-widget elementor-widget-heading\" data-id=\"b073d82\" data-element_type=\"widget\" data-e-type=\"widget\" data-widget_type=\"heading.default\">\n\t\t\t\t<div class=\"elementor-widget-container\">\n\t\t\t\t\t<h1 class=\"elementor-heading-title elementor-size-default\">protective overall<\/h1>\t\t\t\t<\/div>\n\t\t\t\t<\/div>\n\t\t\t\t\t<\/div>\n\t\t<\/div>\n\t\t\t\t\t<\/div>\n\t\t<\/section>\n\t\t\t\t<section class=\"elementor-section elementor-top-section elementor-element elementor-element-8ae9ce5 elementor-section-full_width elementor-section-height-default elementor-section-height-default\" data-id=\"8ae9ce5\" data-element_type=\"section\" data-e-type=\"section\">\n\t\t\t\t\t\t<div class=\"elementor-container elementor-column-gap-default\">\n\t\t\t\t\t<div class=\"elementor-column elementor-col-100 elementor-top-column elementor-element elementor-element-d0de03e\" data-id=\"d0de03e\" data-element_type=\"column\" data-e-type=\"column\">\n\t\t\t<div class=\"elementor-widget-wrap elementor-element-populated\">\n\t\t\t\t\t\t<div class=\"elementor-element elementor-element-c889632 elementor-widget-divider--view-line elementor-widget elementor-widget-divider\" data-id=\"c889632\" data-element_type=\"widget\" data-e-type=\"widget\" data-widget_type=\"divider.default\">\n\t\t\t\t<div class=\"elementor-widget-container\">\n\t\t\t\t\t\t\t<div class=\"elementor-divider\">\n\t\t\t<span class=\"elementor-divider-separator\">\n\t\t\t\t\t\t<\/span>\n\t\t<\/div>\n\t\t\t\t\t\t<\/div>\n\t\t\t\t<\/div>\n\t\t\t\t\t<\/div>\n\t\t<\/div>\n\t\t\t\t\t<\/div>\n\t\t<\/section>\n\t\t\t\t<section class=\"elementor-section elementor-top-section elementor-element elementor-element-411b9c0 elementor-section-full_width elementor-section-height-default elementor-section-height-default\" data-id=\"411b9c0\" data-element_type=\"section\" data-e-type=\"section\">\n\t\t\t\t\t\t<div class=\"elementor-container elementor-column-gap-default\">\n\t\t\t\t\t<div class=\"elementor-column elementor-col-50 elementor-top-column elementor-element elementor-element-34f331b\" data-id=\"34f331b\" data-element_type=\"column\" data-e-type=\"column\">\n\t\t\t<div class=\"elementor-widget-wrap elementor-element-populated\">\n\t\t\t\t\t\t<div class=\"elementor-element elementor-element-61e288f elementor-widget elementor-widget-image\" data-id=\"61e288f\" data-element_type=\"widget\" data-e-type=\"widget\" data-widget_type=\"image.default\">\n\t\t\t\t<div class=\"elementor-widget-container\">\n\t\t\t\t\t\t\t\t\t\t\t\t\t\t\t<img fetchpriority=\"high\" decoding=\"async\" width=\"768\" height=\"1180\" src=\"https:\/\/christianzang.de\/wp-content\/uploads\/2017\/12\/schutzoverall-768x1180.jpg\" class=\"attachment-medium_large size-medium_large wp-image-1651\" alt=\"\" srcset=\"https:\/\/christianzang.de\/wp-content\/uploads\/2017\/12\/schutzoverall-768x1180.jpg 768w, https:\/\/christianzang.de\/wp-content\/uploads\/2017\/12\/schutzoverall-195x300.jpg 195w, https:\/\/christianzang.de\/wp-content\/uploads\/2017\/12\/schutzoverall-667x1024.jpg 667w, https:\/\/christianzang.de\/wp-content\/uploads\/2017\/12\/schutzoverall.jpg 1056w\" sizes=\"(max-width: 768px) 100vw, 768px\" \/>\t\t\t\t\t\t\t\t\t\t\t\t\t\t\t<\/div>\n\t\t\t\t<\/div>\n\t\t\t\t\t<\/div>\n\t\t<\/div>\n\t\t\t\t<div class=\"elementor-column elementor-col-50 elementor-top-column elementor-element elementor-element-1be2826\" data-id=\"1be2826\" data-element_type=\"column\" data-e-type=\"column\">\n\t\t\t<div class=\"elementor-widget-wrap elementor-element-populated\">\n\t\t\t\t\t\t<section class=\"elementor-section elementor-inner-section elementor-element elementor-element-5497ccb elementor-section-boxed elementor-section-height-default elementor-section-height-default\" data-id=\"5497ccb\" data-element_type=\"section\" data-e-type=\"section\">\n\t\t\t\t\t\t<div class=\"elementor-container elementor-column-gap-default\">\n\t\t\t\t\t<div class=\"elementor-column elementor-col-100 elementor-inner-column elementor-element elementor-element-afdc72e\" data-id=\"afdc72e\" data-element_type=\"column\" data-e-type=\"column\">\n\t\t\t<div class=\"elementor-widget-wrap elementor-element-populated\">\n\t\t\t\t\t\t<div class=\"elementor-element elementor-element-6df2ebb elementor-widget elementor-widget-text-editor\" data-id=\"6df2ebb\" data-element_type=\"widget\" data-e-type=\"widget\" data-widget_type=\"text-editor.default\">\n\t\t\t\t<div class=\"elementor-widget-container\">\n\t\t\t\t\t\t\t\t\t<div class=\"wpb_text_column wpb_content_element\"><div class=\"wpb_wrapper\"><p class=\"bodytext\"><span style=\"color: #000000;\">Paint-Tritex-Plus overalls, gray; similar to Monotex but antistatic, abrasion-resistant, breathable, lint-free, and powder-proof.<\/span><br \/><span style=\"color: #000000;\">Paint-Tritex-Plus gray overalls, similar to Monotex but antistatic, abrasion-resistant, breathable, lint-free, and powder-proof.<\/span><\/p><p class=\"bodytext\"><span style=\"color: #000000;\">Erh\u00e4ltlich in drei verschiedenen Gr\u00f6\u00dfen: 3 L, 4 XL, und 5 XXL.<\/span><\/p><\/div><\/div>\t\t\t\t\t\t\t\t<\/div>\n\t\t\t\t<\/div>\n\t\t\t\t\t<\/div>\n\t\t<\/div>\n\t\t\t\t\t<\/div>\n\t\t<\/section>\n\t\t\t\t<section class=\"elementor-section elementor-inner-section elementor-element elementor-element-abdbb98 elementor-section-boxed elementor-section-height-default elementor-section-height-default\" data-id=\"abdbb98\" data-element_type=\"section\" data-e-type=\"section\">\n\t\t\t\t\t\t<div class=\"elementor-container elementor-column-gap-default\">\n\t\t\t\t\t<div class=\"elementor-column elementor-col-50 elementor-inner-column elementor-element elementor-element-9464250\" data-id=\"9464250\" data-element_type=\"column\" data-e-type=\"column\">\n\t\t\t<div class=\"elementor-widget-wrap elementor-element-populated\">\n\t\t\t\t\t\t<div class=\"elementor-element elementor-element-7569a26 elementor-widget elementor-widget-html\" data-id=\"7569a26\" data-element_type=\"widget\" data-e-type=\"widget\" data-widget_type=\"html.default\">\n\t\t\t\t<div class=\"elementor-widget-container\">\n\t\t\t\t\t<!DOCTYPE html>\n<html>\n<head>\n    <title>Responsive Tabelle<\/title>\n    <style>\n        body {\n            margin: 0;\n            padding: 0;\n        }\n        .table-container {\n            padding-top: 50px; \/* Platz f\u00fcr die fixierte Kopfzeile *\/\n        }\n        .table_overflow {\n            width: 100%;\n            overflow-x: auto;\n            position: relative;\n        }\n        .scrolltable {\n            display: table;\n            width: 100%;\n            border-collapse: collapse;\n        }\n        .scrolltable th, .scrolltable td {\n            padding: 8px;\n            text-align: left;\n            white-space: nowrap; \/* Verhindert Zeilenumbruch in Zellen *\/\n        }\n        .scrolltable th {\n            background-color: #f2f2f2;\n            color: #B6121D;\n            position: -webkit-sticky; \/* f\u00fcr Safari *\/\n            position: sticky;\n            top: 0;\n            z-index: 2; \/* Sicherstellen, dass th \u00fcber anderen Inhalten liegt *\/\n            box-shadow: 0 2px 2px -1px rgba(0, 0, 0, 0.4); \/* Schatten f\u00fcr bessere Sichtbarkeit *\/\n        }\n        .scrolltable tbody tr:nth-child(odd) {\n            background-color: #f9f9f9;\n        }\n        .scrolltable tbody tr:nth-child(even) {\n            background-color: #ffffff;\n        }\n    <\/style>\n<\/head>\n<body>\n    <div class=\"table-container\">\n        <div id=\"table-container\" class=\"table_overflow\">\n            <div class=\"scrolltable\">\n                <table class=\"contenttable contenttable-0\">\n                    <thead>\n                        <tr>\n                            <th>Art.-Nr.<\/th>\n                            <th>Description<\/th>\n                        <\/tr>\n                    <\/thead>\n                    <tbody>\n<tr class=\"tr-odd tr-2\">\n<td class=\"td-0\">CZ-765-00<\/td>\n<td class=\"td-1\">Kat.1-Z2 Paint-Tritex-Plus<\/td>\n<\/tr>\n                    <\/tbody>\n                <\/table>\n            <\/div>\n        <\/div>\n    <\/div>\n<\/body>\n<\/html>\n\t\t\t\t<\/div>\n\t\t\t\t<\/div>\n\t\t\t\t\t<\/div>\n\t\t<\/div>\n\t\t\t\t<div class=\"elementor-column elementor-col-50 elementor-inner-column elementor-element elementor-element-1266a46\" data-id=\"1266a46\" data-element_type=\"column\" data-e-type=\"column\">\n\t\t\t<div class=\"elementor-widget-wrap elementor-element-populated\">\n\t\t\t\t\t\t<div class=\"elementor-element elementor-element-5448cab elementor-widget elementor-widget-text-editor\" data-id=\"5448cab\" data-element_type=\"widget\" data-e-type=\"widget\" data-widget_type=\"text-editor.default\">\n\t\t\t\t<div class=\"elementor-widget-container\">\n\t\t\t\t\t\t\t\t\t<div class=\"wpb_text_column wpb_content_element\"><div class=\"wpb_wrapper\"><p><span style=\"color: #000000;\"><strong>Prices:<\/strong><\/span><br \/><span style=\"color: #000000;\">You can find the excerpt from our catalog<\/span> <a href=\"https:\/\/christianzang.de\/wp-content\/uploads\/2024\/12\/Katalog-2025.pdf#page=187\"><strong>here...<\/strong><\/a><\/p><\/div><\/div>\t\t\t\t\t\t\t\t<\/div>\n\t\t\t\t<\/div>\n\t\t\t\t\t<\/div>\n\t\t<\/div>\n\t\t\t\t\t<\/div>\n\t\t<\/section>\n\t\t\t\t\t<\/div>\n\t\t<\/div>\n\t\t\t\t\t<\/div>\n\t\t<\/section>\n\t\t\t\t<section class=\"elementor-section elementor-top-section elementor-element elementor-element-14c012b elementor-section-boxed elementor-section-height-default elementor-section-height-default\" data-id=\"14c012b\" data-element_type=\"section\" data-e-type=\"section\">\n\t\t\t\t\t\t<div class=\"elementor-container elementor-column-gap-default\">\n\t\t\t\t\t<div class=\"elementor-column elementor-col-100 elementor-top-column elementor-element elementor-element-832e63f\" data-id=\"832e63f\" data-element_type=\"column\" data-e-type=\"column\">\n\t\t\t<div class=\"elementor-widget-wrap elementor-element-populated\">\n\t\t\t\t\t\t<div class=\"elementor-element elementor-element-7629254 elementor-widget elementor-widget-spacer\" data-id=\"7629254\" data-element_type=\"widget\" data-e-type=\"widget\" data-widget_type=\"spacer.default\">\n\t\t\t\t<div class=\"elementor-widget-container\">\n\t\t\t\t\t\t\t<div class=\"elementor-spacer\">\n\t\t\t<div class=\"elementor-spacer-inner\"><\/div>\n\t\t<\/div>\n\t\t\t\t\t\t<\/div>\n\t\t\t\t<\/div>\n\t\t\t\t\t<\/div>\n\t\t<\/div>\n\t\t\t\t\t<\/div>\n\t\t<\/section>\n\t\t\t\t<\/div>","protected":false},"excerpt":{"rendered":"<p>Schutzoverall Overall Monotex wei\u00df mit Rei\u00dfverschlu\u00dfabdeckleiste, doppell\u00e4ufiger Rei\u00dfverschlu\u00df, Taillen-, Arm- und Beingummi sowie Kapuze.Overall Paint-Tritex-Plus grau, wie Monotex jedoch antistatisch, [&hellip;]<\/p>\n","protected":false},"author":5,"featured_media":0,"parent":0,"menu_order":0,"comment_status":"closed","ping_status":"closed","template":"","meta":{"site-sidebar-layout":"default","site-content-layout":"","ast-site-content-layout":"default","site-content-style":"default","site-sidebar-style":"default","ast-global-header-display":"","ast-banner-title-visibility":"","ast-main-header-display":"","ast-hfb-above-header-display":"","ast-hfb-below-header-display":"","ast-hfb-mobile-header-display":"","site-post-title":"","ast-breadcrumbs-content":"","ast-featured-img":"","footer-sml-layout":"","ast-disable-related-posts":"","theme-transparent-header-meta":"","adv-header-id-meta":"","stick-header-meta":"","header-above-stick-meta":"","header-main-stick-meta":"","header-below-stick-meta":"","astra-migrate-meta-layouts":"default","ast-page-background-enabled":"default","ast-page-background-meta":{"desktop":{"background-color":"var(--ast-global-color-5)","background-image":"","background-repeat":"repeat","background-position":"center center","background-size":"auto","background-attachment":"scroll","background-type":"","background-media":"","overlay-type":"","overlay-color":"","overlay-opacity":"","overlay-gradient":""},"tablet":{"background-color":"","background-image":"","background-repeat":"repeat","background-position":"center center","background-size":"auto","background-attachment":"scroll","background-type":"","background-media":"","overlay-type":"","overlay-color":"","overlay-opacity":"","overlay-gradient":""},"mobile":{"background-color":"","background-image":"","background-repeat":"repeat","background-position":"center center","background-size":"auto","background-attachment":"scroll","background-type":"","background-media":"","overlay-type":"","overlay-color":"","overlay-opacity":"","overlay-gradient":""}},"ast-content-background-meta":{"desktop":{"background-color":"var(--ast-global-color-4)","background-image":"","background-repeat":"repeat","background-position":"center center","background-size":"auto","background-attachment":"scroll","background-type":"","background-media":"","overlay-type":"","overlay-color":"","overlay-opacity":"","overlay-gradient":""},"tablet":{"background-color":"var(--ast-global-color-4)","background-image":"","background-repeat":"repeat","background-position":"center center","background-size":"auto","background-attachment":"scroll","background-type":"","background-media":"","overlay-type":"","overlay-color":"","overlay-opacity":"","overlay-gradient":""},"mobile":{"background-color":"var(--ast-global-color-4)","background-image":"","background-repeat":"repeat","background-position":"center center","background-size":"auto","background-attachment":"scroll","background-type":"","background-media":"","overlay-type":"","overlay-color":"","overlay-opacity":"","overlay-gradient":""}},"footnotes":""},"class_list":["post-14369","page","type-page","status-publish","hentry"],"_links":{"self":[{"href":"https:\/\/christianzang.de\/en\/wp-json\/wp\/v2\/pages\/14369","targetHints":{"allow":["GET"]}}],"collection":[{"href":"https:\/\/christianzang.de\/en\/wp-json\/wp\/v2\/pages"}],"about":[{"href":"https:\/\/christianzang.de\/en\/wp-json\/wp\/v2\/types\/page"}],"author":[{"embeddable":true,"href":"https:\/\/christianzang.de\/en\/wp-json\/wp\/v2\/users\/5"}],"replies":[{"embeddable":true,"href":"https:\/\/christianzang.de\/en\/wp-json\/wp\/v2\/comments?post=14369"}],"version-history":[{"count":6,"href":"https:\/\/christianzang.de\/en\/wp-json\/wp\/v2\/pages\/14369\/revisions"}],"predecessor-version":[{"id":19634,"href":"https:\/\/christianzang.de\/en\/wp-json\/wp\/v2\/pages\/14369\/revisions\/19634"}],"wp:attachment":[{"href":"https:\/\/christianzang.de\/en\/wp-json\/wp\/v2\/media?parent=14369"}],"curies":[{"name":"wp","href":"https:\/\/api.w.org\/{rel}","templated":true}]}}