{"id":1524,"date":"2017-12-08T12:44:54","date_gmt":"2017-12-08T11:44:54","guid":{"rendered":"http:\/\/christian-zang.2do-digital-preview.de\/?page_id=1524"},"modified":"2022-03-29T13:52:51","modified_gmt":"2022-03-29T11:52:51","slug":"epdm-stopfen-mit-rillen-177c","status":"publish","type":"page","link":"https:\/\/christianzang.de\/en\/stopfen-old\/epdm-stopfen-mit-rillen-177c\/","title":{"rendered":"EPDM Stopfen mit Rillen fp 177\u00b0C"},"content":{"rendered":"<p>[vc_row type=&#8220;in_container&#8220; full_screen_row_position=&#8220;middle&#8220; scene_position=&#8220;center&#8220; text_color=&#8220;dark&#8220; text_align=&#8220;left&#8220; class=&#8220;w-table&#8220; overlay_strength=&#8220;0.3&#8243; shape_divider_position=&#8220;bottom&#8220;][vc_column column_padding=&#8220;no-extra-padding&#8220; column_padding_position=&#8220;all&#8220; background_color_opacity=&#8220;1&#8243; background_hover_color_opacity=&#8220;1&#8243; column_shadow=&#8220;none&#8220; column_border_radius=&#8220;none&#8220; width=&#8220;1\/1&#8243; tablet_text_alignment=&#8220;default&#8220; phone_text_alignment=&#8220;default&#8220; column_border_width=&#8220;none&#8220; column_border_style=&#8220;solid&#8220;][vc_column_text]<\/p>\n<h1><span style=\"color: #dd3333;\">EPDM Stopfen mit Rillen fp 177\u00b0C<\/span><\/h1>\n<p>[\/vc_column_text][divider line_type=&#8220;Full Width Line&#8220; line_thickness=&#8220;1&#8243; divider_color=&#8220;default&#8220; custom_height=&#8220;40&#8243;][\/vc_column][\/vc_row][vc_row type=&#8220;in_container&#8220; full_screen_row_position=&#8220;middle&#8220; scene_position=&#8220;center&#8220; text_color=&#8220;dark&#8220; text_align=&#8220;left&#8220; class=&#8220;w-table&#8220; overlay_strength=&#8220;0.3&#8243; shape_divider_position=&#8220;bottom&#8220;][vc_column column_padding=&#8220;no-extra-padding&#8220; column_padding_position=&#8220;all&#8220; background_color_opacity=&#8220;1&#8243; background_hover_color_opacity=&#8220;1&#8243; column_shadow=&#8220;none&#8220; column_border_radius=&#8220;none&#8220; width=&#8220;1\/1&#8243; tablet_text_alignment=&#8220;default&#8220; phone_text_alignment=&#8220;default&#8220; column_border_width=&#8220;none&#8220; column_border_style=&#8220;solid&#8220;][vc_row_inner column_margin=&#8220;default&#8220; text_align=&#8220;left&#8220;][vc_column_inner column_padding=&#8220;no-extra-padding&#8220; column_padding_position=&#8220;all&#8220; background_color_opacity=&#8220;1&#8243; background_hover_color_opacity=&#8220;1&#8243; column_shadow=&#8220;none&#8220; column_border_radius=&#8220;none&#8220; width=&#8220;3\/3&#8243; column_border_width=&#8220;none&#8220; column_border_style=&#8220;solid&#8220;][image_with_animation image_url=&#8220;https:\/\/christianzang.de\/wp-content\/uploads\/2022\/03\/fp-WEB-FIN.png&#8220; alignment=&#8220;&#8220; animation=&#8220;Fade In&#8220; border_radius=&#8220;none&#8220; box_shadow=&#8220;none&#8220; max_width=&#8220;100%&#8220; el_class=&#8220;img-float&#8220;][\/vc_column_inner][vc_column_inner column_padding=&#8220;no-extra-padding&#8220; column_padding_position=&#8220;all&#8220; background_color_opacity=&#8220;1&#8243; background_hover_color_opacity=&#8220;1&#8243; column_shadow=&#8220;none&#8220; column_border_radius=&#8220;none&#8220; width=&#8220;1\/3&#8243; column_border_width=&#8220;none&#8220; column_border_style=&#8220;solid&#8220;][\/vc_column_inner][\/vc_row_inner][vc_row_inner column_margin=&#8220;default&#8220; bottom_padding=&#8220;20&#8243; text_align=&#8220;left&#8220;][vc_column_inner column_padding=&#8220;no-extra-padding&#8220; column_padding_position=&#8220;all&#8220; background_color_opacity=&#8220;1&#8243; background_hover_color_opacity=&#8220;1&#8243; column_shadow=&#8220;none&#8220; column_border_radius=&#8220;none&#8220; el_class=&#8220;left-col&#8220; width=&#8220;2\/3&#8243; column_border_width=&#8220;none&#8220; column_border_style=&#8220;solid&#8220;][divider line_type=&#8220;No Line&#8220; custom_height=&#8220;20&#8243;][vc_column_text]<\/p>\n<p class=\"bodytext\">Zum Verschlie\u00dfen von Bohrungen und Gewindeeins\u00e4tzen. Das Material ist sehr flexibel und passt sich daher gut den Gewindeg\u00e4ngen an. Sehr gute Chemikalien- und S\u00e4urebest\u00e4ndigkeit, mehrmals zu verwenden ohne dass sich das Material verh\u00e4rtet.<\/p>\n<p>[\/vc_column_text][\/vc_column_inner][vc_column_inner column_padding=&#8220;no-extra-padding&#8220; column_padding_position=&#8220;all&#8220; background_color_opacity=&#8220;1&#8243; background_hover_color_opacity=&#8220;1&#8243; column_shadow=&#8220;none&#8220; column_border_radius=&#8220;none&#8220; width=&#8220;1\/3&#8243; column_border_width=&#8220;none&#8220; column_border_style=&#8220;solid&#8220;][\/vc_column_inner][\/vc_row_inner][vc_row_inner column_margin=&#8220;default&#8220; text_align=&#8220;left&#8220;][vc_column_inner column_padding=&#8220;no-extra-padding&#8220; column_padding_position=&#8220;all&#8220; background_color_opacity=&#8220;1&#8243; background_hover_color_opacity=&#8220;1&#8243; column_shadow=&#8220;none&#8220; column_border_radius=&#8220;none&#8220; width=&#8220;2\/3&#8243; column_border_width=&#8220;none&#8220; column_border_style=&#8220;solid&#8220;][vc_raw_html]JTNDZGl2JTIwY2xhc3MlM0QlMjJ0YWJsZV9vdmVyZmxvdyUyMiUyMGlkJTNEJTIydGFibGUtY29udGFpbmVyJTIyJTNFJTBBJTNDZGl2JTIwY2xhc3MlM0QlMjJzY3JvbGx0YWJsZSUyMiUzRSUwQSUzQ3RhYmxlJTIwY2xhc3MlM0QlMjJoZWFkZXIlMjIlM0UlMEElM0N0aGVhZCUzRSUwQSUzQ3RoJTNFQXJ0Li1Oci4lM0MlMkZ0aCUzRSUwQSUzQ3RoJTNFQSUyMG1tJTNDJTJGdGglM0UlMEElM0N0aCUzRUIlMjBtbSUzQyUyRnRoJTNFJTBBJTNDdGglM0VDJTIwbW0lM0MlMkZ0aCUzRSUwQSUzQ3RoJTNFVkUlM0MlMkZ0aCUzRSUwQSUzQyUyRnRoZWFkJTNFJTBBJTNDJTJGdGFibGUlM0UlMEElMjAlMjAlMjAlMjAlMjAlMjAlMjAlMjAlM0NkaXYlMjBjbGFzcyUzRCUyMmJvZHklMjIlM0UlMEElMEElM0N0YWJsZSUyMGNsYXNzJTNEJTIyY29udGVudHRhYmxlJTIwY29udGVudHRhYmxlLTAlMjIlM0UlMEElMDklMDklMDklMDklMDklM0N0Ym9keSUzRSUwQSUwOSUwOSUwOSUwOSUwOSUzQ3RyJTIwY2xhc3MlM0QlMjJ0ci1vZGQlMjB0ci0xJTIyJTNFJTBBJTA5JTA5JTA5JTA5JTA5JTA5JTA5JTNDdGQlMjBjbGFzcyUzRCUyMnRkLTAlMjIlM0VmcDAwNDAyJTNDJTJGdGQlM0UlMEElMDklMDklMDklMDklMDklMDklMDklM0N0ZCUyMGNsYXNzJTNEJTIydGQtMSUyMiUzRTQlMkMwMCUzQyUyRnRkJTNFJTBBJTA5JTA5JTA5JTA5JTA5JTA5JTA5JTNDdGQlMjBjbGFzcyUzRCUyMnRkLTIlMjIlM0UyJTJDMDAlM0MlMkZ0ZCUzRSUwQSUwOSUwOSUwOSUwOSUwOSUwOSUwOSUzQ3RkJTIwY2xhc3MlM0QlMjJ0ZC0zJTIyJTNFMTklMkMwMCUzQyUyRnRkJTNFJTBBJTA5JTA5JTA5JTA5JTA5JTA5JTA5JTNDdGQlMjBjbGFzcyUzRCUyMnRkLWxhc3QlMjB0ZC00JTIyJTNFNTAwJTNDJTJGdGQlM0UlMEElMDklMDklMDklMDklMDklM0MlMkZ0ciUzRSUwQSUwOSUwOSUwOSUwOSUwOSUzQ3RyJTIwY2xhc3MlM0QlMjJ0ci1ldmVuJTIwdHItMiUyMiUzRSUwQSUwOSUwOSUwOSUwOSUwOSUwOSUwOSUzQ3RkJTIwY2xhc3MlM0QlMjJ0ZC0wJTIyJTNFZnAwMDYwNCUzQyUyRnRkJTNFJTBBJTA5JTA5JTA5JTA5JTA5JTA5JTA5JTNDdGQlMjBjbGFzcyUzRCUyMnRkLTElMjIlM0U2JTJDMDAlM0MlMkZ0ZCUzRSUwQSUwOSUwOSUwOSUwOSUwOSUwOSUwOSUzQ3RkJTIwY2xhc3MlM0QlMjJ0ZC0yJTIyJTNFNCUyQzAwJTNDJTJGdGQlM0UlMEElMDklMDklMDklMDklMDklMDklMDklM0N0ZCUyMGNsYXNzJTNEJTIydGQtMyUyMiUzRTI1JTJDNDAlM0MlMkZ0ZCUzRSUwQSUwOSUwOSUwOSUwOSUwOSUwOSUwOSUzQ3RkJTIwY2xhc3MlM0QlMjJ0ZC1sYXN0JTIwdGQtNCUyMiUzRTI1MCUzQyUyRnRkJTNFJTBBJTA5JTA5JTA5JTA5JTA5JTNDJTJGdHIlM0UlMEElMDklMDklMDklMDklMDklM0N0ciUyMGNsYXNzJTNEJTIydHItb2RkJTIwdHItMyUyMiUzRSUwQSUwOSUwOSUwOSUwOSUwOSUwOSUwOSUzQ3RkJTIwY2xhc3MlM0QlMjJ0ZC0wJTIyJTNFZnAwMDgwNiUzQyUyRnRkJTNFJTBBJTA5JTA5JTA5JTA5JTA5JTA5JTA5JTNDdGQlMjBjbGFzcyUzRCUyMnRkLTElMjIlM0U4JTJDMDAlM0MlMkZ0ZCUzRSUwQSUwOSUwOSUwOSUwOSUwOSUwOSUwOSUzQ3RkJTIwY2xhc3MlM0QlMjJ0ZC0yJTIyJTNFNiUyQzAwJTNDJTJGdGQlM0UlMEElMDklMDklMDklMDklMDklMDklMDklM0N0ZCUyMGNsYXNzJTNEJTIydGQtMyUyMiUzRTI1JTJDNDAlM0MlMkZ0ZCUzRSUwQSUwOSUwOSUwOSUwOSUwOSUwOSUwOSUzQ3RkJTIwY2xhc3MlM0QlMjJ0ZC1sYXN0JTIwdGQtNCUyMiUzRTI1MCUzQyUyRnRkJTNFJTBBJTA5JTA5JTA5JTA5JTA5JTNDJTJGdHIlM0UlMEElMDklMDklMDklMDklMDklM0N0ciUyMGNsYXNzJTNEJTIydHItZXZlbiUyMHRyLTQlMjIlM0UlMEElMDklMDklMDklMDklMDklMDklMDklM0N0ZCUyMGNsYXNzJTNEJTIydGQtMCUyMiUzRWZwMDEwMDglM0MlMkZ0ZCUzRSUwQSUwOSUwOSUwOSUwOSUwOSUwOSUwOSUzQ3RkJTIwY2xhc3MlM0QlMjJ0ZC0xJTIyJTNFMTAlMkMwMCUzQyUyRnRkJTNFJTBBJTA5JTA5JTA5JTA5JTA5JTA5JTA5JTNDdGQlMjBjbGFzcyUzRCUyMnRkLTIlMjIlM0U4JTJDMDAlM0MlMkZ0ZCUzRSUwQSUwOSUwOSUwOSUwOSUwOSUwOSUwOSUzQ3RkJTIwY2xhc3MlM0QlMjJ0ZC0zJTIyJTNFMjUlMkM0MCUzQyUyRnRkJTNFJTBBJTA5JTA5JTA5JTA5JTA5JTA5JTA5JTNDdGQlMjBjbGFzcyUzRCUyMnRkLWxhc3QlMjB0ZC00JTIyJTNFMjUwJTNDJTJGdGQlM0UlMEElMDklMDklMDklMDklMDklM0MlMkZ0ciUzRSUwQSUwOSUwOSUwOSUwOSUwOSUzQ3RyJTIwY2xhc3MlM0QlMjJ0ci1vZGQlMjB0ci01JTIyJTNFJTBBJTA5JTA5JTA5JTA5JTA5JTA5JTA5JTNDdGQlMjBjbGFzcyUzRCUyMnRkLTAlMjIlM0VmcDAxMTA4JTNDJTJGdGQlM0UlMEElMDklMDklMDklMDklMDklMDklMDklM0N0ZCUyMGNsYXNzJTNEJTIydGQtMSUyMiUzRTEwJTJDMzAlM0MlMkZ0ZCUzRSUwQSUwOSUwOSUwOSUwOSUwOSUwOSUwOSUzQ3RkJTIwY2xhc3MlM0QlMjJ0ZC0yJTIyJTNFOCUyQzAwJTNDJTJGdGQlM0UlMEElMDklMDklMDklMDklMDklMDklMDklM0N0ZCUyMGNsYXNzJTNEJTIydGQtMyUyMiUzRTI1JTJDNDAlM0MlMkZ0ZCUzRSUwQSUwOSUwOSUwOSUwOSUwOSUwOSUwOSUzQ3RkJTIwY2xhc3MlM0QlMjJ0ZC1sYXN0JTIwdGQtNCUyMiUzRTI1MCUzQyUyRnRkJTNFJTBBJTA5JTA5JTA5JTA5JTA5JTNDJTJGdHIlM0UlMEElMDklMDklMDklMDklMDklM0N0ciUyMGNsYXNzJTNEJTIydHItZXZlbiUyMHRyLTYlMjIlM0UlMEElMDklMDklMDklMDklMDklMDklMDklM0N0ZCUyMGNsYXNzJTNEJTIydGQtMCUyMiUzRWZwMDExMTAlM0MlMkZ0ZCUzRSUwQSUwOSUwOSUwOSUwOSUwOSUwOSUwOSUzQ3RkJTIwY2xhc3MlM0QlMjJ0ZC0xJTIyJTNFMTElMkM5MCUzQyUyRnRkJTNFJTBBJTA5JTA5JTA5JTA5JTA5JTA5JTA5JTNDdGQlMjBjbGFzcyUzRCUyMnRkLTIlMjIlM0UxMCUyQzMwJTNDJTJGdGQlM0UlMEElMDklMDklMDklMDklMDklMDklMDklM0N0ZCUyMGNsYXNzJTNEJTIydGQtMyUyMiUzRTI1JTJDNDAlM0MlMkZ0ZCUzRSUwQSUwOSUwOSUwOSUwOSUwOSUwOSUwOSUzQ3RkJTIwY2xhc3MlM0QlMjJ0ZC1sYXN0JTIwdGQtNCUyMiUzRTI1MCUzQyUyRnRkJTNFJTBBJTA5JTA5JTA5JTA5JTA5JTNDJTJGdHIlM0UlMEElMDklMDklMDklMDklMDklM0N0ciUyMGNsYXNzJTNEJTIydHItb2RkJTIwdHItNyUyMiUzRSUwQSUwOSUwOSUwOSUwOSUwOSUwOSUwOSUzQ3RkJTIwY2xhc3MlM0QlMjJ0ZC0wJTIyJTNFZnAwMTIxMCUzQyUyRnRkJTNFJTBBJTA5JTA5JTA5JTA5JTA5JTA5JTA5JTNDdGQlMjBjbGFzcyUzRCUyMnRkLTElMjIlM0UxMiUyQzAwJTNDJTJGdGQlM0UlMEElMDklMDklMDklMDklMDklMDklMDklM0N0ZCUyMGNsYXNzJTNEJTIydGQtMiUyMiUzRTEwJTJDMDAlM0MlMkZ0ZCUzRSUwQSUwOSUwOSUwOSUwOSUwOSUwOSUwOSUzQ3RkJTIwY2xhc3MlM0QlMjJ0ZC0zJTIyJTNFMjUlMkM0MCUzQyUyRnRkJTNFJTBBJTA5JTA5JTA5JTA5JTA5JTA5JTA5JTNDdGQlMjBjbGFzcyUzRCUyMnRkLWxhc3QlMjB0ZC00JTIyJTNFMjUwJTNDJTJGdGQlM0UlMEElMDklMDklMDklMDklMDklM0MlMkZ0ciUzRSUwQSUwOSUwOSUwOSUwOSUwOSUzQ3RyJTIwY2xhc3MlM0QlMjJ0ci1ldmVuJTIwdHItOCUyMiUzRSUwQSUwOSUwOSUwOSUwOSUwOSUwOSUwOSUzQ3RkJTIwY2xhc3MlM0QlMjJ0ZC0wJTIyJTNFZnAwMTQxMiUzQyUyRnRkJTNFJTBBJTA5JTA5JTA5JTA5JTA5JTA5JTA5JTNDdGQlMjBjbGFzcyUzRCUyMnRkLTElMjIlM0UxNCUyQzAwJTNDJTJGdGQlM0UlMEElMDklMDklMDklMDklMDklMDklMDklM0N0ZCUyMGNsYXNzJTNEJTIydGQtMiUyMiUzRTEyJTJDMDAlM0MlMkZ0ZCUzRSUwQSUwOSUwOSUwOSUwOSUwOSUwOSUwOSUzQ3RkJTIwY2xhc3MlM0QlMjJ0ZC0zJTIyJTNFMjUlMkM0MCUzQyUyRnRkJTNFJTBBJTA5JTA5JTA5JTA5JTA5JTA5JTA5JTNDdGQlMjBjbGFzcyUzRCUyMnRkLWxhc3QlMjB0ZC00JTIyJTNFMjUwJTNDJTJGdGQlM0UlMEElMDklMDklMDklMDklMDklM0MlMkZ0ciUzRSUwQSUwOSUwOSUwOSUwOSUwOSUzQ3RyJTIwY2xhc3MlM0QlMjJ0ci1vZGQlMjB0ci05JTIyJTNFJTBBJTA5JTA5JTA5JTA5JTA5JTA5JTA5JTNDdGQlMjBjbGFzcyUzRCUyMnRkLTAlMjIlM0VmcDAxNTEyJTNDJTJGdGQlM0UlMEElMDklMDklMDklMDklMDklMDklMDklM0N0ZCUyMGNsYXNzJTNEJTIydGQtMSUyMiUzRTE0JTJDMzAlM0MlMkZ0ZCUzRSUwQSUwOSUwOSUwOSUwOSUwOSUwOSUwOSUzQ3RkJTIwY2xhc3MlM0QlMjJ0ZC0yJTIyJTNFMTElMkM5MCUzQyUyRnRkJTNFJTBBJTA5JTA5JTA5JTA5JTA5JTA5JTA5JTNDdGQlMjBjbGFzcyUzRCUyMnRkLTMlMjIlM0UyNSUyQzQwJTNDJTJGdGQlM0UlMEElMDklMDklMDklMDklMDklMDklMDklM0N0ZCUyMGNsYXNzJTNEJTIydGQtbGFzdCUyMHRkLTQlMjIlM0UyNTAlM0MlMkZ0ZCUzRSUwQSUwOSUwOSUwOSUwOSUwOSUzQyUyRnRyJTNFJTBBJTA5JTA5JTA5JTA5JTA5JTNDdHIlMjBjbGFzcyUzRCUyMnRyLWV2ZW4lMjB0ci0xMCUyMiUzRSUwQSUwOSUwOSUwOSUwOSUwOSUwOSUwOSUzQ3RkJTIwY2xhc3MlM0QlMjJ0ZC0wJTIyJTNFZnAwMTYxNCUzQyUyRnRkJTNFJTBBJTA5JTA5JTA5JTA5JTA5JTA5JTA5JTNDdGQlMjBjbGFzcyUzRCUyMnRkLTElMjIlM0UxNiUyQzAwJTNDJTJGdGQlM0UlMEElMDklMDklMDklMDklMDklMDklMDklM0N0ZCUyMGNsYXNzJTNEJTIydGQtMiUyMiUzRTE0JTJDMDAlM0MlMkZ0ZCUzRSUwQSUwOSUwOSUwOSUwOSUwOSUwOSUwOSUzQ3RkJTIwY2xhc3MlM0QlMjJ0ZC0zJTIyJTNFMjUlMkM0MCUzQyUyRnRkJTNFJTBBJTA5JTA5JTA5JTA5JTA5JTA5JTA5JTNDdGQlMjBjbGFzcyUzRCUyMnRkLWxhc3QlMjB0ZC00JTIyJTNFMjUwJTNDJTJGdGQlM0UlMEElMDklMDklMDklMDklMDklM0MlMkZ0ciUzRSUwQSUwOSUwOSUwOSUwOSUwOSUzQ3RyJTIwY2xhc3MlM0QlMjJ0ci1vZGQlMjB0ci0xMSUyMiUzRSUwQSUwOSUwOSUwOSUwOSUwOSUwOSUwOSUzQ3RkJTIwY2xhc3MlM0QlMjJ0ZC0wJTIyJTNFZnAwMTYxNSUzQyUyRnRkJTNFJTBBJTA5JTA5JTA5JTA5JTA5JTA5JTA5JTNDdGQlMjBjbGFzcyUzRCUyMnRkLTElMjIlM0UxNSUyQzkwJTNDJTJGdGQlM0UlMEElMDklMDklMDklMDklMDklMDklMDklM0N0ZCUyMGNsYXNzJTNEJTIydGQtMiUyMiUzRTE0JTJDMzAlM0MlMkZ0ZCUzRSUwQSUwOSUwOSUwOSUwOSUwOSUwOSUwOSUzQ3RkJTIwY2xhc3MlM0QlMjJ0ZC0zJTIyJTNFMjUlMkM0MCUzQyUyRnRkJTNFJTBBJTA5JTA5JTA5JTA5JTA5JTA5JTA5JTNDdGQlMjBjbGFzcyUzRCUyMnRkLWxhc3QlMjB0ZC00JTIyJTNFMjUwJTNDJTJGdGQlM0UlMEElMDklMDklMDklMDklMDklM0MlMkZ0ciUzRSUwQSUwOSUwOSUwOSUwOSUwOSUzQ3RyJTIwY2xhc3MlM0QlMjJ0ci1ldmVuJTIwdHItMTIlMjIlM0UlMEElMDklMDklMDklMDklMDklMDklMDklM0N0ZCUyMGNsYXNzJTNEJTIydGQtMCUyMiUzRWZwMDE4MTUlM0MlMkZ0ZCUzRSUwQSUwOSUwOSUwOSUwOSUwOSUwOSUwOSUzQ3RkJTIwY2xhc3MlM0QlMjJ0ZC0xJTIyJTNFMTglMkMzMCUzQyUyRnRkJTNFJTBBJTA5JTA5JTA5JTA5JTA5JTA5JTA5JTNDdGQlMjBjbGFzcyUzRCUyMnRkLTIlMjIlM0UxNSUyQzkwJTNDJTJGdGQlM0UlMEElMDklMDklMDklMDklMDklMDklMDklM0N0ZCUyMGNsYXNzJTNEJTIydGQtMyUyMiUzRTI1JTJDNDAlM0MlMkZ0ZCUzRSUwQSUwOSUwOSUwOSUwOSUwOSUwOSUwOSUzQ3RkJTIwY2xhc3MlM0QlMjJ0ZC1sYXN0JTIwdGQtNCUyMiUzRTI1MCUzQyUyRnRkJTNFJTBBJTA5JTA5JTA5JTA5JTA5JTNDJTJGdHIlM0UlMEElMDklMDklMDklMDklMDklM0N0ciUyMGNsYXNzJTNEJTIydHItb2RkJTIwdHItMTMlMjIlM0UlMEElMDklMDklMDklMDklMDklMDklMDklM0N0ZCUyMGNsYXNzJTNEJTIydGQtMCUyMiUzRWZwMDE4MTYlM0MlMkZ0ZCUzRSUwQSUwOSUwOSUwOSUwOSUwOSUwOSUwOSUzQ3RkJTIwY2xhc3MlM0QlMjJ0ZC0xJTIyJTNFMTglMkMwMCUzQyUyRnRkJTNFJTBBJTA5JTA5JTA5JTA5JTA5JTA5JTA5JTNDdGQlMjBjbGFzcyUzRCUyMnRkLTIlMjIlM0UxNiUyQzAwJTNDJTJGdGQlM0UlMEElMDklMDklMDklMDklMDklMDklMDklM0N0ZCUyMGNsYXNzJTNEJTIydGQtMyUyMiUzRTI1JTJDNDAlM0MlMkZ0ZCUzRSUwQSUwOSUwOSUwOSUwOSUwOSUwOSUwOSUzQ3RkJTIwY2xhc3MlM0QlMjJ0ZC1sYXN0JTIwdGQtNCUyMiUzRTI1MCUzQyUyRnRkJTNFJTBBJTA5JTA5JTA5JTA5JTA5JTNDJTJGdHIlM0UlMEElMDklMDklMDklMDklMDklM0N0ciUyMGNsYXNzJTNEJTIydHItZXZlbiUyMHRyLTE0JTIyJTNFJTBBJTA5JTA5JTA5JTA5JTA5JTA5JTA5JTNDdGQlMjBjbGFzcyUzRCUyMnRkLTAlMjIlM0VmcDAxOTE4JTNDJTJGdGQlM0UlMEElMDklMDklMDklMDklMDklMDklMDklM0N0ZCUyMGNsYXNzJTNEJTIydGQtMSUyMiUzRTE5JTJDMDAlM0MlMkZ0ZCUzRSUwQSUwOSUwOSUwOSUwOSUwOSUwOSUwOSUzQ3RkJTIwY2xhc3MlM0QlMjJ0ZC0yJTIyJTNFMTglMkMyMCUzQyUyRnRkJTNFJTBBJTA5JTA5JTA5JTA5JTA5JTA5JTA5JTNDdGQlMjBjbGFzcyUzRCUyMnRkLTMlMjIlM0UyNSUyQzQwJTNDJTJGdGQlM0UlMEElMDklMDklMDklMDklMDklMDklMDklM0N0ZCUyMGNsYXNzJTNEJTIydGQtbGFzdCUyMHRkLTQlMjIlM0UxMDAlM0MlMkZ0ZCUzRSUwQSUwOSUwOSUwOSUwOSUwOSUzQyUyRnRyJTNFJTBBJTA5JTA5JTA5JTA5JTA5JTNDdHIlMjBjbGFzcyUzRCUyMnRyLW9kZCUyMHRyLTE1JTIyJTNFJTBBJTA5JTA5JTA5JTA5JTA5JTA5JTA5JTNDdGQlMjBjbGFzcyUzRCUyMnRkLTAlMjIlM0VmcDAyMDE4JTNDJTJGdGQlM0UlMEElMDklMDklMDklMDklMDklMDklMDklM0N0ZCUyMGNsYXNzJTNEJTIydGQtMSUyMiUzRTIwJTJDMDAlM0MlMkZ0ZCUzRSUwQSUwOSUwOSUwOSUwOSUwOSUwOSUwOSUzQ3RkJTIwY2xhc3MlM0QlMjJ0ZC0yJTIyJTNFMTglMkMwMCUzQyUyRnRkJTNFJTBBJTA5JTA5JTA5JTA5JTA5JTA5JTA5JTNDdGQlMjBjbGFzcyUzRCUyMnRkLTMlMjIlM0UyNSUyQzQwJTNDJTJGdGQlM0UlMEElMDklMDklMDklMDklMDklMDklMDklM0N0ZCUyMGNsYXNzJTNEJTIydGQtbGFzdCUyMHRkLTQlMjIlM0UxMDAlM0MlMkZ0ZCUzRSUwQSUwOSUwOSUwOSUwOSUwOSUzQyUyRnRyJTNFJTBBJTA5JTA5JTA5JTA5JTA5JTNDdHIlMjBjbGFzcyUzRCUyMnRyLWV2ZW4lMjB0ci0xNiUyMiUzRSUwQSUwOSUwOSUwOSUwOSUwOSUwOSUwOSUzQ3RkJTIwY2xhc3MlM0QlMjJ0ZC0wJTIyJTNFZnAwMjIxOSUzQyUyRnRkJTNFJTBBJTA5JTA5JTA5JTA5JTA5JTA5JTA5JTNDdGQlMjBjbGFzcyUzRCUyMnRkLTElMjIlM0UyMiUyQzIwJTNDJTJGdGQlM0UlMEElMDklMDklMDklMDklMDklMDklMDklM0N0ZCUyMGNsYXNzJTNEJTIydGQtMiUyMiUzRTE5JTJDMDAlM0MlMkZ0ZCUzRSUwQSUwOSUwOSUwOSUwOSUwOSUwOSUwOSUzQ3RkJTIwY2xhc3MlM0QlMjJ0ZC0zJTIyJTNFMjUlMkM0MCUzQyUyRnRkJTNFJTBBJTA5JTA5JTA5JTA5JTA5JTA5JTA5JTNDdGQlMjBjbGFzcyUzRCUyMnRkLWxhc3QlMjB0ZC00JTIyJTNFMTAwJTNDJTJGdGQlM0UlMEElMDklMDklMDklMDklMDklM0MlMkZ0ciUzRSUwQSUwOSUwOSUwOSUwOSUwOSUzQ3RyJTIwY2xhc3MlM0QlMjJ0ci1vZGQlMjB0ci0xNyUyMiUzRSUwQSUwOSUwOSUwOSUwOSUwOSUwOSUwOSUzQ3RkJTIwY2xhc3MlM0QlMjJ0ZC0wJTIyJTNFZnAwMjIyMCUzQyUyRnRkJTNFJTBBJTA5JTA5JTA5JTA5JTA5JTA5JTA5JTNDdGQlMjBjbGFzcyUzRCUyMnRkLTElMjIlM0UyMiUyQzUwJTNDJTJGdGQlM0UlMEElMDklMDklMDklMDklMDklMDklMDklM0N0ZCUyMGNsYXNzJTNEJTIydGQtMiUyMiUzRTIwJTJDMDAlM0MlMkZ0ZCUzRSUwQSUwOSUwOSUwOSUwOSUwOSUwOSUwOSUzQ3RkJTIwY2xhc3MlM0QlMjJ0ZC0zJTIyJTNFMjUlMkM0MCUzQyUyRnRkJTNFJTBBJTA5JTA5JTA5JTA5JTA5JTA5JTA5JTNDdGQlMjBjbGFzcyUzRCUyMnRkLWxhc3QlMjB0ZC00JTIyJTNFMTAwJTNDJTJGdGQlM0UlMEElMDklMDklMDklMDklMDklM0MlMkZ0ciUzRSUwQSUwOSUwOSUwOSUwOSUwOSUzQ3RyJTIwY2xhc3MlM0QlMjJ0ci1ldmVuJTIwdHItMTglMjIlM0UlMEElMDklMDklMDklMDklMDklMDklMDklM0N0ZCUyMGNsYXNzJTNEJTIydGQtMCUyMiUzRWZwMDI0MjIlM0MlMkZ0ZCUzRSUwQSUwOSUwOSUwOSUwOSUwOSUwOSUwOSUzQ3RkJTIwY2xhc3MlM0QlMjJ0ZC0xJTIyJTNFMjQlMkMwMCUzQyUyRnRkJTNFJTBBJTA5JTA5JTA5JTA5JTA5JTA5JTA5JTNDdGQlMjBjbGFzcyUzRCUyMnRkLTIlMjIlM0UyMiUyQzUwJTNDJTJGdGQlM0UlMEElMDklMDklMDklMDklMDklMDklMDklM0N0ZCUyMGNsYXNzJTNEJTIydGQtMyUyMiUzRTI1JTJDNDAlM0MlMkZ0ZCUzRSUwQSUwOSUwOSUwOSUwOSUwOSUwOSUwOSUzQ3RkJTIwY2xhc3MlM0QlMjJ0ZC1sYXN0JTIwdGQtNCUyMiUzRTEwMCUzQyUyRnRkJTNFJTBBJTA5JTA5JTA5JTA5JTA5JTNDJTJGdHIlM0UlMEElMDklMDklMDklMDklMDklM0N0ciUyMGNsYXNzJTNEJTIydHItb2RkJTIwdHItMTklMjIlM0UlMEElMDklMDklMDklMDklMDklMDklMDklM0N0ZCUyMGNsYXNzJTNEJTIydGQtMCUyMiUzRWZwMDI1MjIlM0MlMkZ0ZCUzRSUwQSUwOSUwOSUwOSUwOSUwOSUwOSUwOSUzQ3RkJTIwY2xhc3MlM0QlMjJ0ZC0xJTIyJTNFMjUlMkM0MCUzQyUyRnRkJTNFJTBBJTA5JTA5JTA5JTA5JTA5JTA5JTA5JTNDdGQlMjBjbGFzcyUzRCUyMnRkLTIlMjIlM0UyMiUyQzIwJTNDJTJGdGQlM0UlMEElMDklMDklMDklMDklMDklMDklMDklM0N0ZCUyMGNsYXNzJTNEJTIydGQtMyUyMiUzRTI1JTJDNDAlM0MlMkZ0ZCUzRSUwQSUwOSUwOSUwOSUwOSUwOSUwOSUwOSUzQ3RkJTIwY2xhc3MlM0QlMjJ0ZC1sYXN0JTIwdGQtNCUyMiUzRTEwMCUzQyUyRnRkJTNFJTBBJTA5JTA5JTA5JTA5JTA5JTNDJTJGdHIlM0UlMEElMDklMDklMDklMDklMDklM0N0ciUyMGNsYXNzJTNEJTIydHItZXZlbiUyMHRyLTIwJTIyJTNFJTBBJTA5JTA5JTA5JTA5JTA5JTA5JTA5JTNDdGQlMjBjbGFzcyUzRCUyMnRkLTAlMjIlM0VmcDAyNjI0JTNDJTJGdGQlM0UlMEElMDklMDklMDklMDklMDklMDklMDklM0N0ZCUyMGNsYXNzJTNEJTIydGQtMSUyMiUzRTI2JTJDMDAlM0MlMkZ0ZCUzRSUwQSUwOSUwOSUwOSUwOSUwOSUwOSUwOSUzQ3RkJTIwY2xhc3MlM0QlMjJ0ZC0yJTIyJTNFMjQlMkMwMCUzQyUyRnRkJTNFJTBBJTA5JTA5JTA5JTA5JTA5JTA5JTA5JTNDdGQlMjBjbGFzcyUzRCUyMnRkLTMlMjIlM0UyNSUyQzQwJTNDJTJGdGQlM0UlMEElMDklMDklMDklMDklMDklMDklMDklM0N0ZCUyMGNsYXNzJTNEJTIydGQtbGFzdCUyMHRkLTQlMjIlM0UxMDAlM0MlMkZ0ZCUzRSUwQSUwOSUwOSUwOSUwOSUwOSUzQyUyRnRyJTNFJTBBJTA5JTA5JTA5JTA5JTA5JTNDdHIlMjBjbGFzcyUzRCUyMnRyLW9kZCUyMHRyLTIxJTIyJTNFJTBBJTA5JTA5JTA5JTA5JTA5JTA5JTA5JTNDdGQlMjBjbGFzcyUzRCUyMnRkLTAlMjIlM0VmcDAyODI2JTNDJTJGdGQlM0UlMEElMDklMDklMDklMDklMDklMDklMDklM0N0ZCUyMGNsYXNzJTNEJTIydGQtMSUyMiUzRTI4JTJDMDAlM0MlMkZ0ZCUzRSUwQSUwOSUwOSUwOSUwOSUwOSUwOSUwOSUzQ3RkJTIwY2xhc3MlM0QlMjJ0ZC0yJTIyJTNFMjYlMkMwMCUzQyUyRnRkJTNFJTBBJTA5JTA5JTA5JTA5JTA5JTA5JTA5JTNDdGQlMjBjbGFzcyUzRCUyMnRkLTMlMjIlM0UyNSUyQzQwJTNDJTJGdGQlM0UlMEElMDklMDklMDklMDklMDklMDklMDklM0N0ZCUyMGNsYXNzJTNEJTIydGQtbGFzdCUyMHRkLTQlMjIlM0UxMDAlM0MlMkZ0ZCUzRSUwQSUwOSUwOSUwOSUwOSUwOSUzQyUyRnRyJTNFJTBBJTA5JTA5JTA5JTA5JTA5JTNDdHIlMjBjbGFzcyUzRCUyMnRyLWV2ZW4lMjB0ci0yMiUyMiUzRSUwQSUwOSUwOSUwOSUwOSUwOSUwOSUwOSUzQ3RkJTIwY2xhc3MlM0QlMjJ0ZC0wJTIyJTNFZnAwMjkyNSUzQyUyRnRkJTNFJTBBJTA5JTA5JTA5JTA5JTA5JTA5JTA5JTNDdGQlMjBjbGFzcyUzRCUyMnRkLTElMjIlM0UyOCUyQzYwJTNDJTJGdGQlM0UlMEElMDklMDklMDklMDklMDklMDklMDklM0N0ZCUyMGNsYXNzJTNEJTIydGQtMiUyMiUzRTI1JTJDNDAlM0MlMkZ0ZCUzRSUwQSUwOSUwOSUwOSUwOSUwOSUwOSUwOSUzQ3RkJTIwY2xhc3MlM0QlMjJ0ZC0zJTIyJTNFMjUlMkM0MCUzQyUyRnRkJTNFJTBBJTA5JTA5JTA5JTA5JTA5JTA5JTA5JTNDdGQlMjBjbGFzcyUzRCUyMnRkLWxhc3QlMjB0ZC00JTIyJTNFNTAlM0MlMkZ0ZCUzRSUwQSUwOSUwOSUwOSUwOSUwOSUzQyUyRnRyJTNFJTBBJTA5JTA5JTA5JTA5JTA5JTNDdHIlMjBjbGFzcyUzRCUyMnRyLW9kZCUyMHRyLWxhc3QlMjIlM0UlMEElMDklMDklMDklMDklMDklMDklMDklM0N0ZCUyMGNsYXNzJTNEJTIydGQtMCUyMiUzRWZwMDMxMjglM0MlMkZ0ZCUzRSUwQSUwOSUwOSUwOSUwOSUwOSUwOSUwOSUzQ3RkJTIwY2xhc3MlM0QlMjJ0ZC0xJTIyJTNFMzElMkM3MCUzQyUyRnRkJTNFJTBBJTA5JTA5JTA5JTA5JTA5JTA5JTA5JTNDdGQlMjBjbGFzcyUzRCUyMnRkLTIlMjIlM0UyOCUyQzYwJTNDJTJGdGQlM0UlMEElMDklMDklMDklMDklMDklMDklMDklM0N0ZCUyMGNsYXNzJTNEJTIydGQtMyUyMiUzRTI1JTJDNDAlM0MlMkZ0ZCUzRSUwQSUwOSUwOSUwOSUwOSUwOSUwOSUwOSUzQ3RkJTIwY2xhc3MlM0QlMjJ0ZC1sYXN0JTIwdGQtNCUyMiUzRTUwJTNDJTJGdGQlM0UlMEElMDklMDklMDklMDklMDklM0MlMkZ0ciUzRSUwQSUwOSUwOSUwOSUwOSUzQyUyRnRib2R5JTNFJTNDJTJGdGFibGUlM0UlMEElM0MlMkZkaXYlM0UlMEElM0MlMkZkaXYlM0UlMEElM0MlMkZkaXYlM0U=[\/vc_raw_html][\/vc_column_inner][vc_column_inner column_padding=&#8220;no-extra-padding&#8220; column_padding_position=&#8220;all&#8220; background_color_opacity=&#8220;1&#8243; background_hover_color_opacity=&#8220;1&#8243; column_shadow=&#8220;none&#8220; column_border_radius=&#8220;none&#8220; width=&#8220;1\/3&#8243; column_border_width=&#8220;none&#8220; column_border_style=&#8220;solid&#8220;][vc_column_text]<\/p>\n<p class=\"bodytext\"><b>Anwendungen:<\/b><br \/>\nNasslack, Anodisieren, Sandstrahl.<\/p>\n<p>[\/vc_column_text][\/vc_column_inner][\/vc_row_inner][\/vc_column][\/vc_row]<\/p>\n","protected":false},"excerpt":{"rendered":"<p>[vc_row type=&#8220;in_container&#8220; full_screen_row_position=&#8220;middle&#8220; scene_position=&#8220;center&#8220; text_color=&#8220;dark&#8220; text_align=&#8220;left&#8220; class=&#8220;w-table&#8220; overlay_strength=&#8220;0.3&#8243; shape_divider_position=&#8220;bottom&#8220;][vc_column column_padding=&#8220;no-extra-padding&#8220; column_padding_position=&#8220;all&#8220; background_color_opacity=&#8220;1&#8243; background_hover_color_opacity=&#8220;1&#8243; column_shadow=&#8220;none&#8220; column_border_radius=&#8220;none&#8220; width=&#8220;1\/1&#8243; tablet_text_alignment=&#8220;default&#8220; phone_text_alignment=&#8220;default&#8220; column_border_width=&#8220;none&#8220; column_border_style=&#8220;solid&#8220;][vc_column_text] [&hellip;]<\/p>\n","protected":false},"author":5,"featured_media":0,"parent":557,"menu_order":0,"comment_status":"closed","ping_status":"closed","template":"","meta":{"site-sidebar-layout":"default","site-content-layout":"","ast-site-content-layout":"default","site-content-style":"default","site-sidebar-style":"default","ast-global-header-display":"","ast-banner-title-visibility":"","ast-main-header-display":"","ast-hfb-above-header-display":"","ast-hfb-below-header-display":"","ast-hfb-mobile-header-display":"","site-post-title":"","ast-breadcrumbs-content":"","ast-featured-img":"","footer-sml-layout":"","ast-disable-related-posts":"","theme-transparent-header-meta":"","adv-header-id-meta":"","stick-header-meta":"","header-above-stick-meta":"","header-main-stick-meta":"","header-below-stick-meta":"","astra-migrate-meta-layouts":"default","ast-page-background-enabled":"default","ast-page-background-meta":{"desktop":{"background-color":"var(--ast-global-color-5)","background-image":"","background-repeat":"repeat","background-position":"center center","background-size":"auto","background-attachment":"scroll","background-type":"","background-media":"","overlay-type":"","overlay-color":"","overlay-opacity":"","overlay-gradient":""},"tablet":{"background-color":"","background-image":"","background-repeat":"repeat","background-position":"center center","background-size":"auto","background-attachment":"scroll","background-type":"","background-media":"","overlay-type":"","overlay-color":"","overlay-opacity":"","overlay-gradient":""},"mobile":{"background-color":"","background-image":"","background-repeat":"repeat","background-position":"center center","background-size":"auto","background-attachment":"scroll","background-type":"","background-media":"","overlay-type":"","overlay-color":"","overlay-opacity":"","overlay-gradient":""}},"ast-content-background-meta":{"desktop":{"background-color":"var(--ast-global-color-4)","background-image":"","background-repeat":"repeat","background-position":"center center","background-size":"auto","background-attachment":"scroll","background-type":"","background-media":"","overlay-type":"","overlay-color":"","overlay-opacity":"","overlay-gradient":""},"tablet":{"background-color":"var(--ast-global-color-4)","background-image":"","background-repeat":"repeat","background-position":"center center","background-size":"auto","background-attachment":"scroll","background-type":"","background-media":"","overlay-type":"","overlay-color":"","overlay-opacity":"","overlay-gradient":""},"mobile":{"background-color":"var(--ast-global-color-4)","background-image":"","background-repeat":"repeat","background-position":"center center","background-size":"auto","background-attachment":"scroll","background-type":"","background-media":"","overlay-type":"","overlay-color":"","overlay-opacity":"","overlay-gradient":""}},"footnotes":""},"class_list":["post-1524","page","type-page","status-publish","hentry"],"_links":{"self":[{"href":"https:\/\/christianzang.de\/en\/wp-json\/wp\/v2\/pages\/1524","targetHints":{"allow":["GET"]}}],"collection":[{"href":"https:\/\/christianzang.de\/en\/wp-json\/wp\/v2\/pages"}],"about":[{"href":"https:\/\/christianzang.de\/en\/wp-json\/wp\/v2\/types\/page"}],"author":[{"embeddable":true,"href":"https:\/\/christianzang.de\/en\/wp-json\/wp\/v2\/users\/5"}],"replies":[{"embeddable":true,"href":"https:\/\/christianzang.de\/en\/wp-json\/wp\/v2\/comments?post=1524"}],"version-history":[{"count":0,"href":"https:\/\/christianzang.de\/en\/wp-json\/wp\/v2\/pages\/1524\/revisions"}],"up":[{"embeddable":true,"href":"https:\/\/christianzang.de\/en\/wp-json\/wp\/v2\/pages\/557"}],"wp:attachment":[{"href":"https:\/\/christianzang.de\/en\/wp-json\/wp\/v2\/media?parent=1524"}],"curies":[{"name":"wp","href":"https:\/\/api.w.org\/{rel}","templated":true}]}}