{"id":1570,"date":"2017-12-08T14:52:43","date_gmt":"2017-12-08T13:52:43","guid":{"rendered":"http:\/\/christian-zang.2do-digital-preview.de\/?page_id=1570"},"modified":"2022-02-22T13:58:48","modified_gmt":"2022-02-22T12:58:48","slug":"epdm-metrische-stopfen-177c","status":"publish","type":"page","link":"https:\/\/christianzang.de\/en\/stopfen-old\/epdm-metrische-stopfen-177c\/","title":{"rendered":"EPDM Metrische Stopfen esp 177\u00b0C"},"content":{"rendered":"<p>[vc_row type=&#8220;in_container&#8220; full_screen_row_position=&#8220;middle&#8220; scene_position=&#8220;center&#8220; text_color=&#8220;dark&#8220; text_align=&#8220;left&#8220; class=&#8220;w-table&#8220; overlay_strength=&#8220;0.3&#8243; shape_divider_position=&#8220;bottom&#8220;][vc_column column_padding=&#8220;no-extra-padding&#8220; column_padding_position=&#8220;all&#8220; background_color_opacity=&#8220;1&#8243; background_hover_color_opacity=&#8220;1&#8243; column_shadow=&#8220;none&#8220; column_border_radius=&#8220;none&#8220; width=&#8220;1\/1&#8243; tablet_text_alignment=&#8220;default&#8220; phone_text_alignment=&#8220;default&#8220; column_border_width=&#8220;none&#8220; column_border_style=&#8220;solid&#8220;][vc_column_text]<\/p>\n<h1><span style=\"color: #dd3333;\">EPDM Metrische Stopfen esp 177\u00b0C<\/span><\/h1>\n<p>[\/vc_column_text][divider line_type=&#8220;Full Width Line&#8220; line_thickness=&#8220;1&#8243; divider_color=&#8220;default&#8220; custom_height=&#8220;40&#8243;][\/vc_column][\/vc_row][vc_row type=&#8220;in_container&#8220; full_screen_row_position=&#8220;middle&#8220; scene_position=&#8220;center&#8220; text_color=&#8220;dark&#8220; text_align=&#8220;left&#8220; class=&#8220;w-table&#8220; overlay_strength=&#8220;0.3&#8243; shape_divider_position=&#8220;bottom&#8220;][vc_column column_padding=&#8220;no-extra-padding&#8220; column_padding_position=&#8220;all&#8220; background_color_opacity=&#8220;1&#8243; background_hover_color_opacity=&#8220;1&#8243; column_shadow=&#8220;none&#8220; column_border_radius=&#8220;none&#8220; width=&#8220;1\/1&#8243; tablet_text_alignment=&#8220;default&#8220; phone_text_alignment=&#8220;default&#8220; column_border_width=&#8220;none&#8220; column_border_style=&#8220;solid&#8220;][vc_row_inner column_margin=&#8220;default&#8220; text_align=&#8220;left&#8220;][vc_column_inner column_padding=&#8220;no-extra-padding&#8220; column_padding_position=&#8220;all&#8220; background_color_opacity=&#8220;1&#8243; background_hover_color_opacity=&#8220;1&#8243; column_shadow=&#8220;none&#8220; column_border_radius=&#8220;none&#8220; width=&#8220;3\/3&#8243; column_border_width=&#8220;none&#8220; column_border_style=&#8220;solid&#8220;][image_with_animation image_url=&#8220;https:\/\/christianzang.de\/wp-content\/uploads\/2022\/02\/esp-WEB-FIN.png&#8220; alignment=&#8220;&#8220; animation=&#8220;Fade In&#8220; border_radius=&#8220;none&#8220; box_shadow=&#8220;none&#8220; max_width=&#8220;100%&#8220; el_class=&#8220;img-float&#8220;][\/vc_column_inner][vc_column_inner column_padding=&#8220;no-extra-padding&#8220; column_padding_position=&#8220;all&#8220; background_color_opacity=&#8220;1&#8243; background_hover_color_opacity=&#8220;1&#8243; column_shadow=&#8220;none&#8220; column_border_radius=&#8220;none&#8220; width=&#8220;1\/3&#8243; column_border_width=&#8220;none&#8220; column_border_style=&#8220;solid&#8220;][\/vc_column_inner][\/vc_row_inner][vc_row_inner column_margin=&#8220;default&#8220; bottom_padding=&#8220;20&#8243; text_align=&#8220;left&#8220;][vc_column_inner column_padding=&#8220;no-extra-padding&#8220; column_padding_position=&#8220;all&#8220; background_color_opacity=&#8220;1&#8243; background_hover_color_opacity=&#8220;1&#8243; column_shadow=&#8220;none&#8220; column_border_radius=&#8220;none&#8220; el_class=&#8220;left-col&#8220; width=&#8220;2\/3&#8243; column_border_width=&#8220;none&#8220; column_border_style=&#8220;solid&#8220;][divider line_type=&#8220;No Line&#8220; custom_height=&#8220;20&#8243;][vc_column_text]<\/p>\n<p class=\"bodytext\">Metrischer Stopfen mit Schr\u00e4ge und Griff wodurch das Aufsetzen und Abziehen erleichtert wird. Durch seine Form (schr\u00e4ger Absatz) ist der Stopfen ideal f\u00fcr Gewinde \/ erster Gewindegang bleibt Lackfrei.<\/p>\n<p class=\"bodytext\">Sehr gute Chemikalien- und S\u00e4urebest\u00e4ndigkeit, mehrmals zu verwenden, ohne dass sich das Material verh\u00e4rtet.<\/p>\n<p>[\/vc_column_text][\/vc_column_inner][vc_column_inner column_padding=&#8220;no-extra-padding&#8220; column_padding_position=&#8220;all&#8220; background_color_opacity=&#8220;1&#8243; background_hover_color_opacity=&#8220;1&#8243; column_shadow=&#8220;none&#8220; column_border_radius=&#8220;none&#8220; width=&#8220;1\/3&#8243; column_border_width=&#8220;none&#8220; column_border_style=&#8220;solid&#8220;][\/vc_column_inner][\/vc_row_inner][vc_row_inner column_margin=&#8220;default&#8220; text_align=&#8220;left&#8220;][vc_column_inner column_padding=&#8220;no-extra-padding&#8220; column_padding_position=&#8220;all&#8220; background_color_opacity=&#8220;1&#8243; background_hover_color_opacity=&#8220;1&#8243; column_shadow=&#8220;none&#8220; column_border_radius=&#8220;none&#8220; width=&#8220;2\/3&#8243; column_border_width=&#8220;none&#8220; column_border_style=&#8220;solid&#8220;][vc_raw_html]JTNDZGl2JTIwY2xhc3MlM0QlMjJ0YWJsZV9vdmVyZmxvdyUyMiUyMGlkJTNEJTIydGFibGUtY29udGFpbmVyJTIyJTNFJTBBJTNDZGl2JTIwY2xhc3MlM0QlMjJzY3JvbGx0YWJsZSUyMiUzRSUwQSUzQ3RhYmxlJTIwY2xhc3MlM0QlMjJoZWFkZXIlMjIlM0UlMEElM0N0aGVhZCUzRSUwQSUzQ3RoJTNFQXJ0Li1Oci4lM0MlMkZ0aCUzRSUwQSUzQ3RoJTNFQSUyME1ldHJpc2NoJTNDJTJGdGglM0UlMEElM0N0aCUzRUElMjBtbSUzQyUyRnRoJTNFJTBBJTNDdGglM0VCJTIwbW0lM0MlMkZ0aCUzRSUwQSUzQyUyRnRoZWFkJTNFJTBBJTNDJTJGdGFibGUlM0UlMEElMjAlMjAlMjAlMjAlMjAlMjAlMjAlMjAlM0NkaXYlMjBjbGFzcyUzRCUyMmJvZHklMjIlM0UlMEElMEElM0N0YWJsZSUyMGNsYXNzJTNEJTIyY29udGVudHRhYmxlJTIwY29udGVudHRhYmxlLTAlMjIlM0UlMEElMDklMDklMDklMDklMDklM0N0Ym9keSUzRSUwQSUwOSUwOSUwOSUwOSUwOSUzQ3RyJTIwY2xhc3MlM0QlMjJ0ci1vZGQlMjB0ci0xJTIyJTNFJTBBJTA5JTA5JTA5JTA5JTA5JTA5JTA5JTNDdGQlMjBjbGFzcyUzRCUyMnRkLTAlMjIlM0Vlc3AxMTExJTNDJTJGdGQlM0UlMEElMDklMDklMDklMDklMDklMDklMDklM0N0ZCUyMGNsYXNzJTNEJTIydGQtMSUyMiUzRU00JTNDJTJGdGQlM0UlMEElMDklMDklMDklMDklMDklMDklMDklM0N0ZCUyMGNsYXNzJTNEJTIydGQtMiUyMiUzRSUyMCUyMDMlMkM2MCUzQyUyRnRkJTNFJTBBJTA5JTA5JTA5JTA5JTA5JTA5JTA5JTNDdGQlMjBjbGFzcyUzRCUyMnRkLWxhc3QlMjB0ZC0zJTIyJTNFJTIwJTIwNiUyQzAwJTNDJTJGdGQlM0UlMEElMDklMDklMDklMDklMDklM0MlMkZ0ciUzRSUwQSUwOSUwOSUwOSUwOSUwOSUzQ3RyJTIwY2xhc3MlM0QlMjJ0ci1ldmVuJTIwdHItMiUyMiUzRSUwQSUwOSUwOSUwOSUwOSUwOSUwOSUwOSUzQ3RkJTIwY2xhc3MlM0QlMjJ0ZC0wJTIyJTNFZXNwMTA0MyUzQyUyRnRkJTNFJTBBJTA5JTA5JTA5JTA5JTA5JTA5JTA5JTNDdGQlMjBjbGFzcyUzRCUyMnRkLTElMjIlM0VNNSUzQyUyRnRkJTNFJTBBJTA5JTA5JTA5JTA5JTA5JTA5JTA5JTNDdGQlMjBjbGFzcyUzRCUyMnRkLTIlMjIlM0UlMjAlMjA0JTJDNTclM0MlMkZ0ZCUzRSUwQSUwOSUwOSUwOSUwOSUwOSUwOSUwOSUzQ3RkJTIwY2xhc3MlM0QlMjJ0ZC1sYXN0JTIwdGQtMyUyMiUzRTEwJTJDMDAlM0MlMkZ0ZCUzRSUwQSUwOSUwOSUwOSUwOSUwOSUzQyUyRnRyJTNFJTBBJTA5JTA5JTA5JTA5JTA5JTNDdHIlMjBjbGFzcyUzRCUyMnRyLW9kZCUyMHRyLTMlMjIlM0UlMEElMDklMDklMDklMDklMDklMDklMDklM0N0ZCUyMGNsYXNzJTNEJTIydGQtMCUyMiUzRWVzcDEwNDQlM0MlMkZ0ZCUzRSUwQSUwOSUwOSUwOSUwOSUwOSUwOSUwOSUzQ3RkJTIwY2xhc3MlM0QlMjJ0ZC0xJTIyJTNFTTYlM0MlMkZ0ZCUzRSUwQSUwOSUwOSUwOSUwOSUwOSUwOSUwOSUzQ3RkJTIwY2xhc3MlM0QlMjJ0ZC0yJTIyJTNFJTIwJTIwNSUyQzY2JTNDJTJGdGQlM0UlMEElMDklMDklMDklMDklMDklMDklMDklM0N0ZCUyMGNsYXNzJTNEJTIydGQtbGFzdCUyMHRkLTMlMjIlM0UxMCUyQzAwJTNDJTJGdGQlM0UlMEElMDklMDklMDklMDklMDklM0MlMkZ0ciUzRSUwQSUwOSUwOSUwOSUwOSUwOSUzQ3RyJTIwY2xhc3MlM0QlMjJ0ci1ldmVuJTIwdHItNCUyMiUzRSUwQSUwOSUwOSUwOSUwOSUwOSUwOSUwOSUzQ3RkJTIwY2xhc3MlM0QlMjJ0ZC0wJTIyJTNFZXNwOTM4JTNDJTJGdGQlM0UlMEElMDklMDklMDklMDklMDklMDklMDklM0N0ZCUyMGNsYXNzJTNEJTIydGQtMSUyMiUzRU04JTNDJTJGdGQlM0UlMEElMDklMDklMDklMDklMDklMDklMDklM0N0ZCUyMGNsYXNzJTNEJTIydGQtMiUyMiUzRSUyMCUyMDclMkM0OSUzQyUyRnRkJTNFJTBBJTA5JTA5JTA5JTA5JTA5JTA5JTA5JTNDdGQlMjBjbGFzcyUzRCUyMnRkLWxhc3QlMjB0ZC0zJTIyJTNFJTIwJTIwNyUyQzAwJTNDJTJGdGQlM0UlMEElMDklMDklMDklMDklMDklM0MlMkZ0ciUzRSUwQSUwOSUwOSUwOSUwOSUwOSUzQ3RyJTIwY2xhc3MlM0QlMjJ0ci1vZGQlMjB0ci01JTIyJTNFJTBBJTA5JTA5JTA5JTA5JTA5JTA5JTA5JTNDdGQlMjBjbGFzcyUzRCUyMnRkLTAlMjIlM0Vlc3A5MzglMkYxJTNDJTJGdGQlM0UlMEElMDklMDklMDklMDklMDklMDklMDklM0N0ZCUyMGNsYXNzJTNEJTIydGQtMSUyMiUzRU04JTNDJTJGdGQlM0UlMEElMDklMDklMDklMDklMDklMDklMDklM0N0ZCUyMGNsYXNzJTNEJTIydGQtMiUyMiUzRTclMkM0OSUzQyUyRnRkJTNFJTBBJTA5JTA5JTA5JTA5JTA5JTA5JTA5JTNDdGQlMjBjbGFzcyUzRCUyMnRkLWxhc3QlMjB0ZC0zJTIyJTNFMjAlMkMwMCUzQyUyRnRkJTNFJTBBJTA5JTA5JTA5JTA5JTA5JTNDJTJGdHIlM0UlMEElMDklMDklMDklMDklMDklM0N0ciUyMGNsYXNzJTNEJTIydHItZXZlbiUyMHRyLTYlMjIlM0UlMEElMDklMDklMDklMDklMDklMDklMDklM0N0ZCUyMGNsYXNzJTNEJTIydGQtMCUyMiUzRWVzcDkzOCUyRjIlM0MlMkZ0ZCUzRSUwQSUwOSUwOSUwOSUwOSUwOSUwOSUwOSUzQ3RkJTIwY2xhc3MlM0QlMjJ0ZC0xJTIyJTNFTTglM0MlMkZ0ZCUzRSUwQSUwOSUwOSUwOSUwOSUwOSUwOSUwOSUzQ3RkJTIwY2xhc3MlM0QlMjJ0ZC0yJTIyJTNFNyUyQzQ5JTNDJTJGdGQlM0UlMEElMDklMDklMDklMDklMDklMDklMDklM0N0ZCUyMGNsYXNzJTNEJTIydGQtbGFzdCUyMHRkLTMlMjIlM0UxNyUyQzAwJTNDJTJGdGQlM0UlMEElMDklMDklMDklMDklMDklM0MlMkZ0ciUzRSUwQSUwOSUwOSUwOSUwOSUwOSUzQ3RyJTIwY2xhc3MlM0QlMjJ0ci1vZGQlMjB0ci03JTIyJTNFJTBBJTA5JTA5JTA5JTA5JTA5JTA5JTA5JTNDdGQlMjBjbGFzcyUzRCUyMnRkLTAlMjIlM0Vlc3A5MzklMkYxJTNDJTJGdGQlM0UlMEElMDklMDklMDklMDklMDklMDklMDklM0N0ZCUyMGNsYXNzJTNEJTIydGQtMSUyMiUzRU0xMCUzQyUyRnRkJTNFJTBBJTA5JTA5JTA5JTA5JTA5JTA5JTA5JTNDdGQlMjBjbGFzcyUzRCUyMnRkLTIlMjIlM0UlMjAlMjA5JTJDNTMlM0MlMkZ0ZCUzRSUwQSUwOSUwOSUwOSUwOSUwOSUwOSUwOSUzQ3RkJTIwY2xhc3MlM0QlMjJ0ZC1sYXN0JTIwdGQtMyUyMiUzRTIwJTJDMDAlM0MlMkZ0ZCUzRSUwQSUwOSUwOSUwOSUwOSUwOSUzQyUyRnRyJTNFJTBBJTA5JTA5JTA5JTA5JTA5JTNDdHIlMjBjbGFzcyUzRCUyMnRyLWV2ZW4lMjB0ci04JTIyJTNFJTBBJTA5JTA5JTA5JTA5JTA5JTA5JTA5JTNDdGQlMjBjbGFzcyUzRCUyMnRkLTAlMjIlM0Vlc3A5MzklMkYyJTNDJTJGdGQlM0UlMEElMDklMDklMDklMDklMDklMDklMDklM0N0ZCUyMGNsYXNzJTNEJTIydGQtMSUyMiUzRU0xMCUzQyUyRnRkJTNFJTBBJTA5JTA5JTA5JTA5JTA5JTA5JTA5JTNDdGQlMjBjbGFzcyUzRCUyMnRkLTIlMjIlM0U5JTJDNTMlM0MlMkZ0ZCUzRSUwQSUwOSUwOSUwOSUwOSUwOSUwOSUwOSUzQ3RkJTIwY2xhc3MlM0QlMjJ0ZC1sYXN0JTIwdGQtMyUyMiUzRTE3JTJDMDAlM0MlMkZ0ZCUzRSUwQSUwOSUwOSUwOSUwOSUwOSUzQyUyRnRyJTNFJTBBJTA5JTA5JTA5JTA5JTA5JTNDdHIlMjBjbGFzcyUzRCUyMnRyLW9kZCUyMHRyLTklMjIlM0UlMEElMDklMDklMDklMDklMDklMDklMDklM0N0ZCUyMGNsYXNzJTNEJTIydGQtMCUyMiUzRWVzcDk0MCUzQyUyRnRkJTNFJTBBJTA5JTA5JTA5JTA5JTA5JTA5JTA5JTNDdGQlMjBjbGFzcyUzRCUyMnRkLTElMjIlM0VNMTIlM0MlMkZ0ZCUzRSUwQSUwOSUwOSUwOSUwOSUwOSUwOSUwOSUzQ3RkJTIwY2xhc3MlM0QlMjJ0ZC0yJTIyJTNFMTElMkM1NiUzQyUyRnRkJTNFJTBBJTA5JTA5JTA5JTA5JTA5JTA5JTA5JTNDdGQlMjBjbGFzcyUzRCUyMnRkLWxhc3QlMjB0ZC0zJTIyJTNFMTAlMkMwMCUzQyUyRnRkJTNFJTBBJTA5JTA5JTA5JTA5JTA5JTNDJTJGdHIlM0UlMEElMDklMDklMDklMDklMDklM0N0ciUyMGNsYXNzJTNEJTIydHItZXZlbiUyMHRyLTEwJTIyJTNFJTBBJTA5JTA5JTA5JTA5JTA5JTA5JTA5JTNDdGQlMjBjbGFzcyUzRCUyMnRkLTAlMjIlM0Vlc3A5NDAlMkYxJTNDJTJGdGQlM0UlMEElMDklMDklMDklMDklMDklMDklMDklM0N0ZCUyMGNsYXNzJTNEJTIydGQtMSUyMiUzRU0xMiUzQyUyRnRkJTNFJTBBJTA5JTA5JTA5JTA5JTA5JTA5JTA5JTNDdGQlMjBjbGFzcyUzRCUyMnRkLTIlMjIlM0UxMSUyQzU2JTNDJTJGdGQlM0UlMEElMDklMDklMDklMDklMDklMDklMDklM0N0ZCUyMGNsYXNzJTNEJTIydGQtbGFzdCUyMHRkLTMlMjIlM0UyMCUyQzAwJTNDJTJGdGQlM0UlMEElMDklMDklMDklMDklMDklM0MlMkZ0ciUzRSUwQSUwOSUwOSUwOSUwOSUwOSUzQ3RyJTIwY2xhc3MlM0QlMjJ0ci1vZGQlMjB0ci0xMSUyMiUzRSUwQSUwOSUwOSUwOSUwOSUwOSUwOSUwOSUzQ3RkJTIwY2xhc3MlM0QlMjJ0ZC0wJTIyJTNFZXNwOTQwJTJGMiUzQyUyRnRkJTNFJTBBJTA5JTA5JTA5JTA5JTA5JTA5JTA5JTNDdGQlMjBjbGFzcyUzRCUyMnRkLTElMjIlM0VNMTIlM0MlMkZ0ZCUzRSUwQSUwOSUwOSUwOSUwOSUwOSUwOSUwOSUzQ3RkJTIwY2xhc3MlM0QlMjJ0ZC0yJTIyJTNFMTElMkM1NiUzQyUyRnRkJTNFJTBBJTA5JTA5JTA5JTA5JTA5JTA5JTA5JTNDdGQlMjBjbGFzcyUzRCUyMnRkLWxhc3QlMjB0ZC0zJTIyJTNFMTclMkMwMCUzQyUyRnRkJTNFJTBBJTA5JTA5JTA5JTA5JTA5JTNDJTJGdHIlM0UlMEElMDklMDklMDklMDklMDklM0N0ciUyMGNsYXNzJTNEJTIydHItZXZlbiUyMHRyLTEyJTIyJTNFJTBBJTA5JTA5JTA5JTA5JTA5JTA5JTA5JTNDdGQlMjBjbGFzcyUzRCUyMnRkLTAlMjIlM0Vlc3AyMjIyJTNDJTJGdGQlM0UlMEElMDklMDklMDklMDklMDklMDklMDklM0N0ZCUyMGNsYXNzJTNEJTIydGQtMSUyMiUzRU0xNCUzQyUyRnRkJTNFJTBBJTA5JTA5JTA5JTA5JTA5JTA5JTA5JTNDdGQlMjBjbGFzcyUzRCUyMnRkLTIlMjIlM0UxMiUyQzYwJTNDJTJGdGQlM0UlMEElMDklMDklMDklMDklMDklMDklMDklM0N0ZCUyMGNsYXNzJTNEJTIydGQtbGFzdCUyMHRkLTMlMjIlM0UxNSUyQzAwJTNDJTJGdGQlM0UlMEElMDklMDklMDklMDklMDklM0MlMkZ0ciUzRSUwQSUwOSUwOSUwOSUwOSUwOSUzQ3RyJTIwY2xhc3MlM0QlMjJ0ci1vZGQlMjB0ci0xMyUyMiUzRSUwQSUwOSUwOSUwOSUwOSUwOSUwOSUwOSUzQ3RkJTIwY2xhc3MlM0QlMjJ0ZC0wJTIyJTNFZXNwOTQ4JTNDJTJGdGQlM0UlMEElMDklMDklMDklMDklMDklMDklMDklM0N0ZCUyMGNsYXNzJTNEJTIydGQtMSUyMiUzRU0xNiUzQyUyRnRkJTNFJTBBJTA5JTA5JTA5JTA5JTA5JTA5JTA5JTNDdGQlMjBjbGFzcyUzRCUyMnRkLTIlMjIlM0UxNSUyQzI0JTNDJTJGdGQlM0UlMEElMDklMDklMDklMDklMDklMDklMDklM0N0ZCUyMGNsYXNzJTNEJTIydGQtbGFzdCUyMHRkLTMlMjIlM0UxMCUyQzAwJTNDJTJGdGQlM0UlMEElMDklMDklMDklMDklMDklM0MlMkZ0ciUzRSUwQSUwOSUwOSUwOSUwOSUwOSUzQ3RyJTIwY2xhc3MlM0QlMjJ0ci1ldmVuJTIwdHItbGFzdCUyMiUzRSUwQSUwOSUwOSUwOSUwOSUwOSUwOSUwOSUzQ3RkJTIwY2xhc3MlM0QlMjJ0ZC0wJTIyJTNFZXNwMTA2OCUzQyUyRnRkJTNFJTBBJTA5JTA5JTA5JTA5JTA5JTA5JTA5JTNDdGQlMjBjbGFzcyUzRCUyMnRkLTElMjIlM0VNMjAlM0MlMkZ0ZCUzRSUwQSUwOSUwOSUwOSUwOSUwOSUwOSUwOSUzQ3RkJTIwY2xhc3MlM0QlMjJ0ZC0yJTIyJTNFMTklMkMxMCUzQyUyRnRkJTNFJTBBJTA5JTA5JTA5JTA5JTA5JTA5JTA5JTNDdGQlMjBjbGFzcyUzRCUyMnRkLWxhc3QlMjB0ZC0zJTIyJTNFMTglMkMwMCUzQyUyRnRkJTNFJTBBJTA5JTA5JTA5JTA5JTA5JTNDJTJGdHIlM0UlMEElMDklMDklMDklMDklM0MlMkZ0Ym9keSUzRSUzQyUyRnRhYmxlJTNFJTBBJTNDJTJGZGl2JTNFJTBBJTNDJTJGZGl2JTNFJTBBJTNDJTJGZGl2JTNF[\/vc_raw_html][\/vc_column_inner][vc_column_inner column_padding=&#8220;no-extra-padding&#8220; column_padding_position=&#8220;all&#8220; background_color_opacity=&#8220;1&#8243; background_hover_color_opacity=&#8220;1&#8243; column_shadow=&#8220;none&#8220; column_border_radius=&#8220;none&#8220; width=&#8220;1\/3&#8243; column_border_width=&#8220;none&#8220; column_border_style=&#8220;solid&#8220;][vc_column_text]<\/p>\n<p class=\"bodytext\"><b>Tipps:<\/b><br \/>\nNehmen Sie den Durchmesser A 5% gr\u00f6\u00dfer als den Lochdurchmesser.<\/p>\n<p class=\"bodytext\"><b>Anwendungen:<\/b><br \/>\nNasslack, Anodisieren, Sandstrahl.<\/p>\n<p>[\/vc_column_text][\/vc_column_inner][\/vc_row_inner][\/vc_column][\/vc_row]<\/p>\n","protected":false},"excerpt":{"rendered":"<p>[vc_row type=&#8220;in_container&#8220; full_screen_row_position=&#8220;middle&#8220; scene_position=&#8220;center&#8220; text_color=&#8220;dark&#8220; text_align=&#8220;left&#8220; class=&#8220;w-table&#8220; overlay_strength=&#8220;0.3&#8243; shape_divider_position=&#8220;bottom&#8220;][vc_column column_padding=&#8220;no-extra-padding&#8220; column_padding_position=&#8220;all&#8220; background_color_opacity=&#8220;1&#8243; background_hover_color_opacity=&#8220;1&#8243; column_shadow=&#8220;none&#8220; column_border_radius=&#8220;none&#8220; width=&#8220;1\/1&#8243; tablet_text_alignment=&#8220;default&#8220; phone_text_alignment=&#8220;default&#8220; column_border_width=&#8220;none&#8220; column_border_style=&#8220;solid&#8220;][vc_column_text] [&hellip;]<\/p>\n","protected":false},"author":5,"featured_media":0,"parent":557,"menu_order":0,"comment_status":"closed","ping_status":"closed","template":"","meta":{"site-sidebar-layout":"default","site-content-layout":"","ast-site-content-layout":"default","site-content-style":"default","site-sidebar-style":"default","ast-global-header-display":"","ast-banner-title-visibility":"","ast-main-header-display":"","ast-hfb-above-header-display":"","ast-hfb-below-header-display":"","ast-hfb-mobile-header-display":"","site-post-title":"","ast-breadcrumbs-content":"","ast-featured-img":"","footer-sml-layout":"","ast-disable-related-posts":"","theme-transparent-header-meta":"","adv-header-id-meta":"","stick-header-meta":"","header-above-stick-meta":"","header-main-stick-meta":"","header-below-stick-meta":"","astra-migrate-meta-layouts":"default","ast-page-background-enabled":"default","ast-page-background-meta":{"desktop":{"background-color":"var(--ast-global-color-5)","background-image":"","background-repeat":"repeat","background-position":"center center","background-size":"auto","background-attachment":"scroll","background-type":"","background-media":"","overlay-type":"","overlay-color":"","overlay-opacity":"","overlay-gradient":""},"tablet":{"background-color":"","background-image":"","background-repeat":"repeat","background-position":"center center","background-size":"auto","background-attachment":"scroll","background-type":"","background-media":"","overlay-type":"","overlay-color":"","overlay-opacity":"","overlay-gradient":""},"mobile":{"background-color":"","background-image":"","background-repeat":"repeat","background-position":"center center","background-size":"auto","background-attachment":"scroll","background-type":"","background-media":"","overlay-type":"","overlay-color":"","overlay-opacity":"","overlay-gradient":""}},"ast-content-background-meta":{"desktop":{"background-color":"var(--ast-global-color-4)","background-image":"","background-repeat":"repeat","background-position":"center center","background-size":"auto","background-attachment":"scroll","background-type":"","background-media":"","overlay-type":"","overlay-color":"","overlay-opacity":"","overlay-gradient":""},"tablet":{"background-color":"var(--ast-global-color-4)","background-image":"","background-repeat":"repeat","background-position":"center center","background-size":"auto","background-attachment":"scroll","background-type":"","background-media":"","overlay-type":"","overlay-color":"","overlay-opacity":"","overlay-gradient":""},"mobile":{"background-color":"var(--ast-global-color-4)","background-image":"","background-repeat":"repeat","background-position":"center center","background-size":"auto","background-attachment":"scroll","background-type":"","background-media":"","overlay-type":"","overlay-color":"","overlay-opacity":"","overlay-gradient":""}},"footnotes":""},"class_list":["post-1570","page","type-page","status-publish","hentry"],"_links":{"self":[{"href":"https:\/\/christianzang.de\/en\/wp-json\/wp\/v2\/pages\/1570","targetHints":{"allow":["GET"]}}],"collection":[{"href":"https:\/\/christianzang.de\/en\/wp-json\/wp\/v2\/pages"}],"about":[{"href":"https:\/\/christianzang.de\/en\/wp-json\/wp\/v2\/types\/page"}],"author":[{"embeddable":true,"href":"https:\/\/christianzang.de\/en\/wp-json\/wp\/v2\/users\/5"}],"replies":[{"embeddable":true,"href":"https:\/\/christianzang.de\/en\/wp-json\/wp\/v2\/comments?post=1570"}],"version-history":[{"count":0,"href":"https:\/\/christianzang.de\/en\/wp-json\/wp\/v2\/pages\/1570\/revisions"}],"up":[{"embeddable":true,"href":"https:\/\/christianzang.de\/en\/wp-json\/wp\/v2\/pages\/557"}],"wp:attachment":[{"href":"https:\/\/christianzang.de\/en\/wp-json\/wp\/v2\/media?parent=1570"}],"curies":[{"name":"wp","href":"https:\/\/api.w.org\/{rel}","templated":true}]}}