{"id":16147,"date":"2024-12-19T10:43:35","date_gmt":"2024-12-19T09:43:35","guid":{"rendered":"https:\/\/christianzang.de\/?page_id=16147"},"modified":"2025-05-13T10:26:46","modified_gmt":"2025-05-13T08:26:46","slug":"doppelstopfen-mit-rand-metrisch-315c","status":"publish","type":"page","link":"https:\/\/christianzang.de\/en\/doppelstopfen-mit-rand-metrisch-315c\/","title":{"rendered":"Doppelstopfen mit Rand metrisch wp 315\u00b0C"},"content":{"rendered":"<div data-elementor-type=\"wp-page\" data-elementor-id=\"16147\" class=\"elementor elementor-16147\">\n\t\t\t\t\t\t<section class=\"elementor-section elementor-top-section elementor-element elementor-element-42796df elementor-section-full_width elementor-section-height-default elementor-section-height-default\" data-id=\"42796df\" data-element_type=\"section\" data-e-type=\"section\">\n\t\t\t\t\t\t<div class=\"elementor-container elementor-column-gap-default\">\n\t\t\t\t\t<div class=\"elementor-column elementor-col-100 elementor-top-column elementor-element elementor-element-6b7834b\" data-id=\"6b7834b\" data-element_type=\"column\" data-e-type=\"column\">\n\t\t\t<div class=\"elementor-widget-wrap elementor-element-populated\">\n\t\t\t\t\t\t<div class=\"elementor-element elementor-element-b073d82 elementor-widget elementor-widget-heading\" data-id=\"b073d82\" data-element_type=\"widget\" data-e-type=\"widget\" data-widget_type=\"heading.default\">\n\t\t\t\t<div class=\"elementor-widget-container\">\n\t\t\t\t\t<h1 class=\"elementor-heading-title elementor-size-default\">Double plug with rim metric wp 315 \u00b0C<\/h1>\t\t\t\t<\/div>\n\t\t\t\t<\/div>\n\t\t\t\t\t<\/div>\n\t\t<\/div>\n\t\t\t\t\t<\/div>\n\t\t<\/section>\n\t\t\t\t<section class=\"elementor-section elementor-top-section elementor-element elementor-element-8ae9ce5 elementor-section-full_width elementor-section-height-default elementor-section-height-default\" data-id=\"8ae9ce5\" data-element_type=\"section\" data-e-type=\"section\">\n\t\t\t\t\t\t<div class=\"elementor-container elementor-column-gap-default\">\n\t\t\t\t\t<div class=\"elementor-column elementor-col-100 elementor-top-column elementor-element elementor-element-d0de03e\" data-id=\"d0de03e\" data-element_type=\"column\" data-e-type=\"column\">\n\t\t\t<div class=\"elementor-widget-wrap elementor-element-populated\">\n\t\t\t\t\t\t<div class=\"elementor-element elementor-element-c889632 elementor-widget-divider--view-line elementor-widget elementor-widget-divider\" data-id=\"c889632\" data-element_type=\"widget\" data-e-type=\"widget\" data-widget_type=\"divider.default\">\n\t\t\t\t<div class=\"elementor-widget-container\">\n\t\t\t\t\t\t\t<div class=\"elementor-divider\">\n\t\t\t<span class=\"elementor-divider-separator\">\n\t\t\t\t\t\t<\/span>\n\t\t<\/div>\n\t\t\t\t\t\t<\/div>\n\t\t\t\t<\/div>\n\t\t\t\t\t<\/div>\n\t\t<\/div>\n\t\t\t\t\t<\/div>\n\t\t<\/section>\n\t\t\t\t<section class=\"elementor-section elementor-top-section elementor-element elementor-element-74f5dec elementor-section-full_width elementor-section-height-default elementor-section-height-default\" data-id=\"74f5dec\" data-element_type=\"section\" data-e-type=\"section\">\n\t\t\t\t\t\t<div class=\"elementor-container elementor-column-gap-default\">\n\t\t\t\t\t<div class=\"elementor-column elementor-col-100 elementor-top-column elementor-element elementor-element-d0a8f7c\" data-id=\"d0a8f7c\" data-element_type=\"column\" data-e-type=\"column\">\n\t\t\t<div class=\"elementor-widget-wrap elementor-element-populated\">\n\t\t\t\t\t\t<div class=\"elementor-element elementor-element-94b8d0e elementor-widget elementor-widget-image\" data-id=\"94b8d0e\" data-element_type=\"widget\" data-e-type=\"widget\" data-widget_type=\"image.default\">\n\t\t\t\t<div class=\"elementor-widget-container\">\n\t\t\t\t\t\t\t\t\t\t\t\t\t\t\t<img fetchpriority=\"high\" decoding=\"async\" width=\"1292\" height=\"206\" src=\"https:\/\/christianzang.de\/wp-content\/uploads\/2022\/02\/wp-WEB-FIN.png\" class=\"attachment-full size-full wp-image-8505\" alt=\"\" srcset=\"https:\/\/christianzang.de\/wp-content\/uploads\/2022\/02\/wp-WEB-FIN.png 1292w, https:\/\/christianzang.de\/wp-content\/uploads\/2022\/02\/wp-WEB-FIN-300x48.png 300w, https:\/\/christianzang.de\/wp-content\/uploads\/2022\/02\/wp-WEB-FIN-1024x163.png 1024w, https:\/\/christianzang.de\/wp-content\/uploads\/2022\/02\/wp-WEB-FIN-768x122.png 768w\" sizes=\"(max-width: 1292px) 100vw, 1292px\" \/>\t\t\t\t\t\t\t\t\t\t\t\t\t\t\t<\/div>\n\t\t\t\t<\/div>\n\t\t\t\t\t<\/div>\n\t\t<\/div>\n\t\t\t\t\t<\/div>\n\t\t<\/section>\n\t\t\t\t<section class=\"elementor-section elementor-top-section elementor-element elementor-element-bb6ac22 elementor-section-full_width elementor-section-height-default elementor-section-height-default\" data-id=\"bb6ac22\" data-element_type=\"section\" data-e-type=\"section\">\n\t\t\t\t\t\t<div class=\"elementor-container elementor-column-gap-default\">\n\t\t\t\t\t<div class=\"elementor-column elementor-col-100 elementor-top-column elementor-element elementor-element-a89c547\" data-id=\"a89c547\" data-element_type=\"column\" data-e-type=\"column\">\n\t\t\t<div class=\"elementor-widget-wrap elementor-element-populated\">\n\t\t\t\t\t\t<div class=\"elementor-element elementor-element-84047ea elementor-widget elementor-widget-text-editor\" data-id=\"84047ea\" data-element_type=\"widget\" data-e-type=\"widget\" data-widget_type=\"text-editor.default\">\n\t\t\t\t<div class=\"elementor-widget-container\">\n\t\t\t\t\t\t\t\t\t<div class=\"wpb_text_column wpb_content_element\"><div class=\"wpb_wrapper\"><p class=\"bodytext\"><span style=\"color: #000000;\">For sealing holes and threaded inserts.<\/span><br \/><span style=\"color: #000000;\">The plug can be used for two different sizes and leaves the edge free of paint.<\/span><br \/><span style=\"color: #000000;\">The material is very flexible and therefore adapts well to round shapes.<\/span><br \/><span style=\"color: #000000;\">Excellent chemical and acid resistance, can be used multiple times without the material hardening.<\/span><\/p><p class=\"bodytext\"><b><span style=\"color: #000000;\">Color-coded, other dimensions<\/span> <a href=\"mailto:info@christianzang.de\" target=\"_blank\" rel=\"noopener\"><strong>on request<\/strong><\/a><span style=\"color: #000000;\">.<\/span><\/b><\/p><\/div><\/div>\t\t\t\t\t\t\t\t<\/div>\n\t\t\t\t<\/div>\n\t\t\t\t\t<\/div>\n\t\t<\/div>\n\t\t\t\t\t<\/div>\n\t\t<\/section>\n\t\t\t\t<section class=\"elementor-section elementor-top-section elementor-element elementor-element-82336b0 elementor-section-full_width elementor-hidden-tablet elementor-section-height-default elementor-section-height-default\" data-id=\"82336b0\" data-element_type=\"section\" data-e-type=\"section\">\n\t\t\t\t\t\t<div class=\"elementor-container elementor-column-gap-default\">\n\t\t\t\t\t<div class=\"elementor-column elementor-col-66 elementor-top-column elementor-element elementor-element-be6082f\" data-id=\"be6082f\" data-element_type=\"column\" data-e-type=\"column\">\n\t\t\t<div class=\"elementor-widget-wrap elementor-element-populated\">\n\t\t\t\t\t\t<div class=\"elementor-element elementor-element-e6d6998 elementor-widget elementor-widget-html\" data-id=\"e6d6998\" data-element_type=\"widget\" data-e-type=\"widget\" data-widget_type=\"html.default\">\n\t\t\t\t<div class=\"elementor-widget-container\">\n\t\t\t\t\t<div class=\"scroll-wrapper\">\n  <div class=\"table_scrollbox\">\n    <table class=\"scrolltable\">\n      <thead>\n        <tr>\n      <tbody>\n<th>Art.-Nr.<\/th>\n<th>Size<\/th>\n<th>A mm<\/th>\n<th>B mm<\/th>\n<th>C mm<\/th>\n<th>PU<\/th>\n      <\/tbody>\n        <\/tr>\n      <\/thead>\n      <tbody>\n<tr class=\"tr-odd tr-1\">\n<td class=\"td-0\">wp-M3<\/td>\n<td class=\"td-1\">M3<\/td>\n<td class=\"td-2\">2,80<\/td>\n<td class=\"td-3\">7,00<\/td>\n<td class=\"td-4\">3,70<\/td>\n<td class=\"td-last td-5\">500<\/td>\n<\/tr>\n<tr class=\"tr-even tr-2\">\n<td class=\"td-0\">wp-M4<\/td>\n<td class=\"td-1\">M4<\/td>\n<td class=\"td-2\">3,60<\/td>\n<td class=\"td-3\">9,00<\/td>\n<td class=\"td-4\">4,70<\/td>\n<td class=\"td-last td-5\">500<\/td>\n<\/tr>\n<tr class=\"tr-odd tr-3\">\n<td class=\"td-0\">wp-M5<\/td>\n<td class=\"td-1\">M5<\/td>\n<td class=\"td-2\">4,50<\/td>\n<td class=\"td-3\">9,50<\/td>\n<td class=\"td-4\">5,70<\/td>\n<td class=\"td-last td-5\">500<\/td>\n<\/tr>\n<tr class=\"tr-even tr-4\">\n<td class=\"td-0\">wp-M6<\/td>\n<td class=\"td-1\">M6<\/td>\n<td class=\"td-2\">5,30<\/td>\n<td class=\"td-3\">12,50<\/td>\n<td class=\"td-4\">6,70<\/td>\n<td class=\"td-last td-5\">250<\/td>\n<\/tr>\n<tr class=\"tr-odd tr-5\">\n<td class=\"td-0\">wp-M8<\/td>\n<td class=\"td-1\">M8<\/td>\n<td class=\"td-2\">7,10<\/td>\n<td class=\"td-3\">17,00<\/td>\n<td class=\"td-4\">8,70<\/td>\n<td class=\"td-last td-5\">250<\/td>\n<\/tr>\n<tr class=\"tr-even tr-6\">\n<td class=\"td-0\">wp-M8\/10<\/td>\n<td class=\"td-1\">M8-10<\/td>\n<td class=\"td-2\">7,00<\/td>\n<td class=\"td-3\">11,50<\/td>\n<td class=\"td-4\">8,70<\/td>\n<td class=\"td-last td-5\">250<\/td>\n<\/tr>\n<tr class=\"tr-odd tr-7\">\n<td class=\"td-0\">wp-M10<\/td>\n<td class=\"td-1\">M10<\/td>\n<td class=\"td-2\">9,60<\/td>\n<td class=\"td-3\">21,00<\/td>\n<td class=\"td-4\">10,70<\/td>\n<td class=\"td-last td-5\">100<\/td>\n<\/tr>\n<tr class=\"tr-even tr-last\">\n<td class=\"td-0\">wp-M12<\/td>\n<td class=\"td-1\">M12<\/td>\n<td class=\"td-2\">10,90<\/td>\n<td class=\"td-3\">24,00<\/td>\n<td class=\"td-4\">12,70<\/td>\n<td class=\"td-last td-5\">100<\/td>\n<\/tr>\n      <\/tbody>\n    <\/table>\n  <\/div>\n<\/div>\n\n<style>\n.scroll-wrapper {\n  overflow-x: auto !important;\n  -webkit-overflow-scrolling: touch;\n  width: 100%;\n}\n\n.table_scrollbox {\n  background-color: #fff;\n  position: relative;\n  max-height: 400px;\n  overflow-y: auto;\n  border: 1px solid #ccc;\n  border-radius: 6px;\n  min-width: 700px; \/* Wichtig: erzeugt horizontalen Scroll *\/\n}\n\n.scrolltable {\n  width: 100%;\n  border-collapse: collapse;\n}\n\n.scrolltable th, .scrolltable td {\n  padding: 10px 14px;\n  text-align: left;\n  white-space: nowrap;\n  font-size: 14px;\n  border-bottom: 1px solid #ddd;\n}\n\n.scrolltable th {\n  background-color: #f2f2f2;\n  color: #B6121D;\n  position: sticky;\n  top: 0;\n  z-index: 2;\n  box-shadow: 0 2px 2px -1px rgba(0, 0, 0, 0.4);\n}\n\n.scrolltable thead::before {\n  content: '';\n  position: sticky;\n  top: 0;\n  display: block;\n  height: 1px;\n  background-color: #fff;\n  z-index: 3;\n}\n\n.scrolltable tbody tr:nth-child(odd) {\n  background-color: #e9e9e9 !important;\n}\n\n.scrolltable tbody tr:nth-child(even) {\n  background-color: #ffffff;\n}\n<\/style>\n\t\t\t\t<\/div>\n\t\t\t\t<\/div>\n\t\t\t\t\t<\/div>\n\t\t<\/div>\n\t\t\t\t<div class=\"elementor-column elementor-col-33 elementor-top-column elementor-element elementor-element-57feb4d\" data-id=\"57feb4d\" data-element_type=\"column\" data-e-type=\"column\">\n\t\t\t<div class=\"elementor-widget-wrap elementor-element-populated\">\n\t\t\t\t\t\t<div class=\"elementor-element elementor-element-32cf126 elementor-widget elementor-widget-text-editor\" data-id=\"32cf126\" data-element_type=\"widget\" data-e-type=\"widget\" data-widget_type=\"text-editor.default\">\n\t\t\t\t<div class=\"elementor-widget-container\">\n\t\t\t\t\t\t\t\t\t<p><span style=\"color: #000000;\"><b>Tips:<\/b><\/span><br \/><span style=\"color: #000000;\">Make diameters A and C 7% larger than the hole diameter.<\/span><\/p><p class=\"bodytext\"><span style=\"color: #000000;\"><b>Application:<\/b><\/span><br \/><span style=\"color: #000000;\">Powder coating, cathodic dip coating, wet paint, anodizing, electroplating, sandblasting.<\/span><\/p><p><span style=\"color: #000000;\"><strong>Data sheet:<\/strong><\/span><br \/><span style=\"color: #000000;\">You can find the data sheet<\/span>\u00a0<a href=\"https:\/\/christianzang.de\/wp-content\/uploads\/2018\/02\/Silikon-60%C2%B0-Shore-A.pdf\" target=\"_blank\" rel=\"noopener\"><strong>here...<\/strong><\/a><\/p><p><span style=\"color: #000000;\"><strong>Prices:<\/strong><\/span><br \/><span style=\"color: #000000;\">You can find the excerpt from our catalog<\/span> <a href=\"https:\/\/christianzang.de\/wp-content\/uploads\/2024\/12\/Katalog-2025.pdf#page=79\"><strong>here...<\/strong><\/a><br \/><span style=\"color: #000000;\">Ask for your personal shopping discount!<\/span><\/p>\t\t\t\t\t\t\t\t<\/div>\n\t\t\t\t<\/div>\n\t\t\t\t\t<\/div>\n\t\t<\/div>\n\t\t\t\t\t<\/div>\n\t\t<\/section>\n\t\t\t\t<section class=\"elementor-section elementor-top-section elementor-element elementor-element-078ea6c elementor-hidden-desktop elementor-hidden-mobile elementor-section-full_width elementor-section-height-default elementor-section-height-default\" data-id=\"078ea6c\" data-element_type=\"section\" data-e-type=\"section\">\n\t\t\t\t\t\t<div class=\"elementor-container elementor-column-gap-default\">\n\t\t\t\t\t<div class=\"elementor-column elementor-col-100 elementor-top-column elementor-element elementor-element-37b0d08\" data-id=\"37b0d08\" data-element_type=\"column\" data-e-type=\"column\">\n\t\t\t<div class=\"elementor-widget-wrap elementor-element-populated\">\n\t\t\t\t\t\t<div class=\"elementor-element elementor-element-7770678 elementor-hidden-desktop elementor-hidden-mobile elementor-widget elementor-widget-html\" data-id=\"7770678\" data-element_type=\"widget\" data-e-type=\"widget\" data-widget_type=\"html.default\">\n\t\t\t\t<div class=\"elementor-widget-container\">\n\t\t\t\t\t<div class=\"scroll-wrapper\">\n  <div class=\"table_scrollbox\">\n    <table class=\"scrolltable\">\n      <thead>\n        <tr>\n      <tbody>\n<th>Art.-Nr.<\/th>\n<th>Size<\/th>\n<th>A mm<\/th>\n<th>B mm<\/th>\n<th>C mm<\/th>\n<th>PU<\/th>\n      <\/tbody>\n        <\/tr>\n      <\/thead>\n      <tbody>\n<tr class=\"tr-odd tr-1\">\n<td class=\"td-0\">wp-M3<\/td>\n<td class=\"td-1\">M3<\/td>\n<td class=\"td-2\">2,80<\/td>\n<td class=\"td-3\">7,00<\/td>\n<td class=\"td-4\">3,70<\/td>\n<td class=\"td-last td-5\">500<\/td>\n<\/tr>\n<tr class=\"tr-even tr-2\">\n<td class=\"td-0\">wp-M4<\/td>\n<td class=\"td-1\">M4<\/td>\n<td class=\"td-2\">3,60<\/td>\n<td class=\"td-3\">9,00<\/td>\n<td class=\"td-4\">4,70<\/td>\n<td class=\"td-last td-5\">500<\/td>\n<\/tr>\n<tr class=\"tr-odd tr-3\">\n<td class=\"td-0\">wp-M5<\/td>\n<td class=\"td-1\">M5<\/td>\n<td class=\"td-2\">4,50<\/td>\n<td class=\"td-3\">9,50<\/td>\n<td class=\"td-4\">5,70<\/td>\n<td class=\"td-last td-5\">500<\/td>\n<\/tr>\n<tr class=\"tr-even tr-4\">\n<td class=\"td-0\">wp-M6<\/td>\n<td class=\"td-1\">M6<\/td>\n<td class=\"td-2\">5,30<\/td>\n<td class=\"td-3\">12,50<\/td>\n<td class=\"td-4\">6,70<\/td>\n<td class=\"td-last td-5\">250<\/td>\n<\/tr>\n<tr class=\"tr-odd tr-5\">\n<td class=\"td-0\">wp-M8<\/td>\n<td class=\"td-1\">M8<\/td>\n<td class=\"td-2\">7,10<\/td>\n<td class=\"td-3\">17,00<\/td>\n<td class=\"td-4\">8,70<\/td>\n<td class=\"td-last td-5\">250<\/td>\n<\/tr>\n<tr class=\"tr-even tr-6\">\n<td class=\"td-0\">wp-M8\/10<\/td>\n<td class=\"td-1\">M8-10<\/td>\n<td class=\"td-2\">7,00<\/td>\n<td class=\"td-3\">11,50<\/td>\n<td class=\"td-4\">8,70<\/td>\n<td class=\"td-last td-5\">250<\/td>\n<\/tr>\n<tr class=\"tr-odd tr-7\">\n<td class=\"td-0\">wp-M10<\/td>\n<td class=\"td-1\">M10<\/td>\n<td class=\"td-2\">9,60<\/td>\n<td class=\"td-3\">21,00<\/td>\n<td class=\"td-4\">10,70<\/td>\n<td class=\"td-last td-5\">100<\/td>\n<\/tr>\n<tr class=\"tr-even tr-last\">\n<td class=\"td-0\">wp-M12<\/td>\n<td class=\"td-1\">M12<\/td>\n<td class=\"td-2\">10,90<\/td>\n<td class=\"td-3\">24,00<\/td>\n<td class=\"td-4\">12,70<\/td>\n<td class=\"td-last td-5\">100<\/td>\n<\/tr>\n      <\/tbody>\n    <\/table>\n  <\/div>\n<\/div>\n\n<style>\n.scroll-wrapper {\n  overflow-x: auto !important;\n  -webkit-overflow-scrolling: touch;\n  width: 100%;\n}\n\n.table_scrollbox {\n  background-color: #fff;\n  position: relative;\n  max-height: 400px;\n  overflow-y: auto;\n  border: 1px solid #ccc;\n  border-radius: 6px;\n  min-width: 700px; \/* Wichtig: erzeugt horizontalen Scroll *\/\n}\n\n.scrolltable {\n  width: 100%;\n  border-collapse: collapse;\n}\n\n.scrolltable th, .scrolltable td {\n  padding: 10px 14px;\n  text-align: left;\n  white-space: nowrap;\n  font-size: 14px;\n  border-bottom: 1px solid #ddd;\n}\n\n.scrolltable th {\n  background-color: #f2f2f2;\n  color: #B6121D;\n  position: sticky;\n  top: 0;\n  z-index: 2;\n  box-shadow: 0 2px 2px -1px rgba(0, 0, 0, 0.4);\n}\n\n.scrolltable thead::before {\n  content: '';\n  position: sticky;\n  top: 0;\n  display: block;\n  height: 1px;\n  background-color: #fff;\n  z-index: 3;\n}\n\n.scrolltable tbody tr:nth-child(odd) {\n  background-color: #e9e9e9 !important;\n}\n\n.scrolltable tbody tr:nth-child(even) {\n  background-color: #ffffff;\n}\n<\/style>\n\t\t\t\t<\/div>\n\t\t\t\t<\/div>\n\t\t\t\t<div class=\"elementor-element elementor-element-9910a23 elementor-widget elementor-widget-text-editor\" data-id=\"9910a23\" data-element_type=\"widget\" data-e-type=\"widget\" data-widget_type=\"text-editor.default\">\n\t\t\t\t<div class=\"elementor-widget-container\">\n\t\t\t\t\t\t\t\t\t<p><span style=\"color: #000000;\"><b>Tips:<\/b><\/span><br \/><span style=\"color: #000000;\">Make diameters A and C 7% larger than the hole diameter.<\/span><\/p><p class=\"bodytext\"><span style=\"color: #000000;\"><b>Application:<\/b><\/span><br \/><span style=\"color: #000000;\">Powder coating, cathodic dip coating, wet paint, anodizing, electroplating, sandblasting.<\/span><\/p><p><span style=\"color: #000000;\"><strong>Data sheet:<\/strong><\/span><br \/><span style=\"color: #000000;\">You can find the data sheet<\/span>\u00a0<a href=\"https:\/\/christianzang.de\/wp-content\/uploads\/2018\/02\/Silikon-60%C2%B0-Shore-A.pdf\" target=\"_blank\" rel=\"noopener\"><strong>here...<\/strong><\/a><\/p><p><span style=\"color: #000000;\"><strong>Prices:<\/strong><\/span><br \/><span style=\"color: #000000;\">You can find the excerpt from our catalog<\/span> <a href=\"https:\/\/christianzang.de\/wp-content\/uploads\/2024\/12\/Katalog-2025.pdf#page=79\"><strong>here...<\/strong><\/a><br \/><span style=\"color: #000000;\">Ask for your personal shopping discount!<\/span><\/p>\t\t\t\t\t\t\t\t<\/div>\n\t\t\t\t<\/div>\n\t\t\t\t\t<\/div>\n\t\t<\/div>\n\t\t\t\t\t<\/div>\n\t\t<\/section>\n\t\t\t\t<\/div>","protected":false},"excerpt":{"rendered":"<p>Doppelstopfen mit Rand metrisch wp 315 \u00b0C Zum Verschlie\u00dfen von Bohrungen und Gewindeeins\u00e4tzen.Der Stopfen kann f\u00fcr zwei verschiedene Ma\u00dfe eingesetzt [&hellip;]<\/p>\n","protected":false},"author":5,"featured_media":0,"parent":0,"menu_order":0,"comment_status":"closed","ping_status":"closed","template":"","meta":{"site-sidebar-layout":"default","site-content-layout":"","ast-site-content-layout":"default","site-content-style":"default","site-sidebar-style":"default","ast-global-header-display":"","ast-banner-title-visibility":"","ast-main-header-display":"","ast-hfb-above-header-display":"","ast-hfb-below-header-display":"","ast-hfb-mobile-header-display":"","site-post-title":"","ast-breadcrumbs-content":"","ast-featured-img":"","footer-sml-layout":"","ast-disable-related-posts":"","theme-transparent-header-meta":"","adv-header-id-meta":"","stick-header-meta":"","header-above-stick-meta":"","header-main-stick-meta":"","header-below-stick-meta":"","astra-migrate-meta-layouts":"default","ast-page-background-enabled":"default","ast-page-background-meta":{"desktop":{"background-color":"var(--ast-global-color-5)","background-image":"","background-repeat":"repeat","background-position":"center center","background-size":"auto","background-attachment":"scroll","background-type":"","background-media":"","overlay-type":"","overlay-color":"","overlay-opacity":"","overlay-gradient":""},"tablet":{"background-color":"","background-image":"","background-repeat":"repeat","background-position":"center center","background-size":"auto","background-attachment":"scroll","background-type":"","background-media":"","overlay-type":"","overlay-color":"","overlay-opacity":"","overlay-gradient":""},"mobile":{"background-color":"","background-image":"","background-repeat":"repeat","background-position":"center center","background-size":"auto","background-attachment":"scroll","background-type":"","background-media":"","overlay-type":"","overlay-color":"","overlay-opacity":"","overlay-gradient":""}},"ast-content-background-meta":{"desktop":{"background-color":"var(--ast-global-color-4)","background-image":"","background-repeat":"repeat","background-position":"center center","background-size":"auto","background-attachment":"scroll","background-type":"","background-media":"","overlay-type":"","overlay-color":"","overlay-opacity":"","overlay-gradient":""},"tablet":{"background-color":"var(--ast-global-color-4)","background-image":"","background-repeat":"repeat","background-position":"center center","background-size":"auto","background-attachment":"scroll","background-type":"","background-media":"","overlay-type":"","overlay-color":"","overlay-opacity":"","overlay-gradient":""},"mobile":{"background-color":"var(--ast-global-color-4)","background-image":"","background-repeat":"repeat","background-position":"center center","background-size":"auto","background-attachment":"scroll","background-type":"","background-media":"","overlay-type":"","overlay-color":"","overlay-opacity":"","overlay-gradient":""}},"footnotes":""},"class_list":["post-16147","page","type-page","status-publish","hentry"],"_links":{"self":[{"href":"https:\/\/christianzang.de\/en\/wp-json\/wp\/v2\/pages\/16147","targetHints":{"allow":["GET"]}}],"collection":[{"href":"https:\/\/christianzang.de\/en\/wp-json\/wp\/v2\/pages"}],"about":[{"href":"https:\/\/christianzang.de\/en\/wp-json\/wp\/v2\/types\/page"}],"author":[{"embeddable":true,"href":"https:\/\/christianzang.de\/en\/wp-json\/wp\/v2\/users\/5"}],"replies":[{"embeddable":true,"href":"https:\/\/christianzang.de\/en\/wp-json\/wp\/v2\/comments?post=16147"}],"version-history":[{"count":6,"href":"https:\/\/christianzang.de\/en\/wp-json\/wp\/v2\/pages\/16147\/revisions"}],"predecessor-version":[{"id":19696,"href":"https:\/\/christianzang.de\/en\/wp-json\/wp\/v2\/pages\/16147\/revisions\/19696"}],"wp:attachment":[{"href":"https:\/\/christianzang.de\/en\/wp-json\/wp\/v2\/media?parent=16147"}],"curies":[{"name":"wp","href":"https:\/\/api.w.org\/{rel}","templated":true}]}}